{"id":43621,"date":"2026-01-19T10:17:47","date_gmt":"2026-01-19T13:17:47","guid":{"rendered":"https:\/\/www.casadainjecao.com.br\/loja\/?post_type=product&#038;p=43621"},"modified":"2026-03-30T17:02:30","modified_gmt":"2026-03-30T20:02:30","slug":"sonda-lambda-pos-a4-a4q-aq5-a6-aq5-1-8-2-0-0258027114","status":"publish","type":"product","link":"https:\/\/www.casadainjecao.com.br\/loja\/autopecas\/injecao-eletronica\/sonda-lambda\/sonda-lambda-pos-a4-a4q-aq5-a6-aq5-1-8-2-0-0258027114\/","title":{"rendered":"Sonda Lambda P\u00f3s A4 A4Q AQ5 A6 AQ5 1.8 2.0 &#8211; 02580271"},"content":{"rendered":"<h2>Sonda Lambda Pr\u00f3s<\/h2>\n<h3>\nAplica\u00e7\u00e3o:<\/h3>\n<h3>AUDI<\/h3>\n<h3>A4 AVANT 2.0l 2008 2009 2010 2011 2012 2013 2014 2015 2016 2017<\/h3>\n<h3>A4 ALLROAD QUATTRO 2010 2011 2012 2013 2014 2015 2016<\/h3>\n<h3>A4Q 4 \/ S4 \/A AVANT 2008 2009 2010 2011 2012<\/h3>\n<h3>A5 \/ S5 CABRIOLET 2012 2013 2014 2015 2016<\/h3>\n<h3>A5 \/ S5 SPORT 2012 2013 2014 2015 2016<\/h3>\n<h3>A6 \/ S6 AVANT 1.81 l 2.0l 2011 2012 2013 2014 2015 2016 2017<\/h3>\n<h3>A6 \/ A6 AVANT 2.0l 3.0l 2011 2012 2013 2014<\/h3>\n<h3>AQ5 Q5 2009 2010 2011 2012<\/h3>\n<h3>AQ5 Q5 2013 2014 2015 2016<\/h3>\n<h3>\nEspecifica\u00e7\u00f5es T\u00e9cnicas:<\/h3>\n<h3>Marca: Torken<\/h3>\n<h3>Produto: Novo<\/h3>\n<h3>Modelo: SONDA LAMBDA P\u00d3S CATALISADOR<\/h3>\n<h3>Codigo: 0258027114 , 0258027115<\/h3>\n<h3>Cont\u00e9m 5 fios: 1 preto , 1 vermelho , 1 branco , 1 cinza , 1 amarelo<\/h3>\n<p>Garantia: 3 meses<\/p>\n<p>ATEN\u00c7\u00c3O<\/p>\n<p>Antes de efetuar a compra, verifique o c\u00f3digo da pe\u00e7a instalada em seu ve\u00edculo e confirme se corresponde ao c\u00f3digo informado neste an\u00fancio.<br \/>\nEm caso de d\u00favida, utilize o campo de perguntas.<\/p>\n<p>A Casa da Inje\u00e7\u00e3o oferece total garantia nos produtos comprados em nosso site.<br \/>\nCada item \u00e9 rigorosamente testado antes do envio<br \/>\nSe os itens estiverem danificados ou parcialmente defeituosos, entre em contato conosco.<br \/>\nProcure um profissional devidamente licenciado para a instala\u00e7\u00e3o e fa\u00e7a revis\u00f5es periodicamente. A empresa n\u00e3o se responsabiliza por problemas oriundos da m\u00e1 instala\u00e7\u00e3o ou com a falta de cuidados peri\u00f3dicos dos componentes.<br \/>\nSe houver qualquer defeito, n\u00f3s lhe enviaremos uma substitui\u00e7\u00e3o ap\u00f3s receber o pacote ou devolvemos seu dinheiro.<br \/>\nLeia nossa pol\u00edtica de devolu\u00e7\u00e3o aqui<br \/>\nTem alguma d\u00favida?<br \/>\nEntre em contato que podemos ajudar!<br \/>\nConfira as informa\u00e7\u00f5es adicionais abaixo:<br \/>\nTodos os nossos produtos s\u00e3o novos, semi-novos, originais e paralelos possuem garantia.<br \/>\nTodos os produtos anunciados est\u00e3o dispon\u00edveis em estoque e s\u00e3o enviados com extrema rapidez.<br \/>\nO frete pode ser simulado antes de efetuar a compra, basta clicar em \u201cver custos de envio\u201d.<br \/>\nVerifique o endere\u00e7o de entrega cadastrado e atualize caso necess\u00e1rio.<br \/>\nConfirme se a pe\u00e7a \u00e9 correta para o seu modelo de ve\u00edculo.<br \/>\nPara pe\u00e7as automotivas, recomendamos a instala\u00e7\u00e3o por um profissional especializado.<br \/>\nCaso possua outras d\u00favidas, entre em contato.<\/p>\n","protected":false},"excerpt":{"rendered":"<h2>Sonda Lambda P\u00f3s A4 A4Q AQ5 A6 AQ5 1.8 2.0 &#8211; 0258027114<\/h2>\n","protected":false},"featured_media":43626,"template":"","meta":{"_seopress_robots_primary_cat":"none","_seopress_titles_title":"","_seopress_titles_desc":"","_seopress_robots_index":"","_joinchat":[]},"product_cat":[21,270],"product_tag":[1874,1875,1877,1412],"berocket_brand":[378],"_links":{"self":[{"href":"https:\/\/www.casadainjecao.com.br\/loja\/wp-json\/wp\/v2\/product\/43621"}],"collection":[{"href":"https:\/\/www.casadainjecao.com.br\/loja\/wp-json\/wp\/v2\/product"}],"about":[{"href":"https:\/\/www.casadainjecao.com.br\/loja\/wp-json\/wp\/v2\/types\/product"}],"wp:featuredmedia":[{"embeddable":true,"href":"https:\/\/www.casadainjecao.com.br\/loja\/wp-json\/wp\/v2\/media\/43626"}],"wp:attachment":[{"href":"https:\/\/www.casadainjecao.com.br\/loja\/wp-json\/wp\/v2\/media?parent=43621"}],"wp:term":[{"taxonomy":"product_cat","embeddable":true,"href":"https:\/\/www.casadainjecao.com.br\/loja\/wp-json\/wp\/v2\/product_cat?post=43621"},{"taxonomy":"product_tag","embeddable":true,"href":"https:\/\/www.casadainjecao.com.br\/loja\/wp-json\/wp\/v2\/product_tag?post=43621"},{"taxonomy":"berocket_brand","embeddable":true,"href":"https:\/\/www.casadainjecao.com.br\/loja\/wp-json\/wp\/v2\/berocket_brand?post=43621"}],"curies":[{"name":"wp","href":"https:\/\/api.w.org\/{rel}","templated":true}]}}