{"id":43636,"date":"2026-01-19T11:47:16","date_gmt":"2026-01-19T14:47:16","guid":{"rendered":"https:\/\/www.casadainjecao.com.br\/loja\/?post_type=product&#038;p=43636"},"modified":"2026-03-30T16:53:03","modified_gmt":"2026-03-30T19:53:03","slug":"sonda-lambda-pre-e-pos-cruze-tracker-turbo-flex-2016-12663317","status":"publish","type":"product","link":"https:\/\/www.casadainjecao.com.br\/loja\/autopecas\/injecao-eletronica\/sonda-lambda\/sonda-lambda-pre-e-pos-cruze-tracker-turbo-flex-2016-12663317\/","title":{"rendered":"Sonda Lambda Pr\u00e9 e P\u00f3s Cruze Tracker Turbo FLEX 2016 &#821"},"content":{"rendered":"<h2>Sonda Lambda Pr\u00e9<\/h2>\n<p>&nbsp;<\/p>\n<p>&nbsp;<\/p>\n<h3>Aplica\u00e7\u00e3o:<\/h3>\n<h3>CHEVROLET<\/h3>\n<h3>CRUZE 1.4 FLEX 08. 2016 2017 2018 2019 2020 2021 2022 2023 2024 2025 (PR\u00c9)<\/h3>\n<h3>CRUZE 1.4 SPORT6 FLEX 10. 2016 2017 2018 2019 2020 2021 2022 2023 2024 2025 (PR\u00c9\/P\u00d3S)<\/h3>\n<h3>TRACKER 1.4 TURBO FLEX 11. 2016 (PR\u00c9\/P\u00d3S)<\/h3>\n<h3>AMBOS MOTOR LE2 \/ POT\u00caNCIA 150-153<\/h3>\n<p>&nbsp;<\/p>\n<p>&nbsp;<\/p>\n<h3>Especifica\u00e7\u00f5es T\u00e9cnicas:<\/h3>\n<h3>Marca: Torken<\/h3>\n<h3>Produto: Novo<\/h3>\n<h3>Modelo: SONDA LAMBDA PR\u00c9 CATALISADOR<\/h3>\n<h3>Codigo: 12663317 , M29103 , 0258010460<\/h3>\n<h3>Cont\u00e9m 4 cabos: 2 Brancos , 1 Preto , 1 Cinza<\/h3>\n<p>&nbsp;<\/p>\n<p>&nbsp;<\/p>\n<p>&nbsp;<\/p>\n<p>Garantia: 3 meses<\/p>\n<p>ATEN\u00c7\u00c3O\u00a0 Antes de efetuar a compra, verifique o c\u00f3digo da pe\u00e7a instalada em seu ve\u00edculo e confirme se corresponde ao c\u00f3digo informado neste an\u00fancio.<br \/>\nEm caso de d\u00favida, utilize o campo de perguntas.<\/p>\n<p>A Casa da Inje\u00e7\u00e3o oferece total garantia nos produtos comprados em nosso site.<br \/>\nCada item \u00e9 rigorosamente testado antes do envio<br \/>\nSe os itens estiverem danificados ou parcialmente defeituosos, entre em contato conosco.<br \/>\nProcure um profissional devidamente licenciado para a instala\u00e7\u00e3o e fa\u00e7a revis\u00f5es periodicamente. A empresa n\u00e3o se responsabiliza por problemas oriundos da m\u00e1 instala\u00e7\u00e3o ou com a falta de cuidados peri\u00f3dicos dos componentes.<br \/>\nSe houver qualquer defeito, n\u00f3s lhe enviaremos uma substitui\u00e7\u00e3o ap\u00f3s receber o pacote ou devolvemos seu dinheiro.<br \/>\nLeia nossa pol\u00edtica de devolu\u00e7\u00e3o aqui<br \/>\nTem alguma d\u00favida?<br \/>\nEntre em contato que podemos ajudar!<br \/>\nConfira as informa\u00e7\u00f5es adicionais abaixo:<br \/>\nTodos os nossos produtos s\u00e3o novos, semi-novos, originais e paralelos possuem garantia.<br \/>\nTodos os produtos anunciados est\u00e3o dispon\u00edveis em estoque e s\u00e3o enviados com extrema rapidez.<br \/>\nO frete pode ser simulado antes de efetuar a compra, basta clicar em \u201cver custos de envio\u201d.<br \/>\nVerifique o endere\u00e7o de entrega cadastrado e atualize caso necess\u00e1rio.<br \/>\nConfirme se a pe\u00e7a \u00e9 correta para o seu modelo de ve\u00edculo.<br \/>\nPara pe\u00e7as automotivas, recomendamos a instala\u00e7\u00e3o por um profissional especializado.<br \/>\nCaso possua outras d\u00favidas, entre em contato.<\/p>\n","protected":false},"excerpt":{"rendered":"<h2>Sonda Lambda Pr\u00e9 e P\u00f3s Cruze Tracker Turbo FLEX 2016 &#8211; 12663317<\/h2>\n","protected":false},"featured_media":44102,"template":"","meta":{"_seopress_robots_primary_cat":"none","_seopress_titles_title":"","_seopress_titles_desc":"","_seopress_robots_index":"","_joinchat":[]},"product_cat":[21,270],"product_tag":[1617,111],"berocket_brand":[381],"_links":{"self":[{"href":"https:\/\/www.casadainjecao.com.br\/loja\/wp-json\/wp\/v2\/product\/43636"}],"collection":[{"href":"https:\/\/www.casadainjecao.com.br\/loja\/wp-json\/wp\/v2\/product"}],"about":[{"href":"https:\/\/www.casadainjecao.com.br\/loja\/wp-json\/wp\/v2\/types\/product"}],"wp:featuredmedia":[{"embeddable":true,"href":"https:\/\/www.casadainjecao.com.br\/loja\/wp-json\/wp\/v2\/media\/44102"}],"wp:attachment":[{"href":"https:\/\/www.casadainjecao.com.br\/loja\/wp-json\/wp\/v2\/media?parent=43636"}],"wp:term":[{"taxonomy":"product_cat","embeddable":true,"href":"https:\/\/www.casadainjecao.com.br\/loja\/wp-json\/wp\/v2\/product_cat?post=43636"},{"taxonomy":"product_tag","embeddable":true,"href":"https:\/\/www.casadainjecao.com.br\/loja\/wp-json\/wp\/v2\/product_tag?post=43636"},{"taxonomy":"berocket_brand","embeddable":true,"href":"https:\/\/www.casadainjecao.com.br\/loja\/wp-json\/wp\/v2\/berocket_brand?post=43636"}],"curies":[{"name":"wp","href":"https:\/\/api.w.org\/{rel}","templated":true}]}}