{"id":43814,"date":"2026-01-28T08:51:48","date_gmt":"2026-01-28T11:51:48","guid":{"rendered":"https:\/\/www.casadainjecao.com.br\/loja\/?post_type=product&#038;p=43814"},"modified":"2026-02-11T09:07:14","modified_gmt":"2026-02-11T12:07:14","slug":"filtro-de-oleo-peugeot-9818914980","status":"publish","type":"product","link":"https:\/\/www.casadainjecao.com.br\/loja\/autopecas\/motor\/filtros\/filtro-de-oleo-peugeot-9818914980\/","title":{"rendered":"Filtro De \u00d3leo Peugeot &#8211; 9818914980"},"content":{"rendered":"<h2 class=\"QN2lPu\">Filtro Oleo Original<\/h2>\n<p class=\"QN2lPu\">\n<h3 class=\"QN2lPu\">Aplicacao:<\/h3>\n<h3 class=\"QN2lPu\">\u2022CITROEN C3 de 2003 2004 2005 2006 2007 2008 2009 2010 2011 2012 2013 2014 2015 2016 2017 2018 2019 2020 2021<\/h3>\n<h3 class=\"QN2lPu\">\u2022CITROEN C4 de 2009 2010 2011 2012\u00a0 2013<\/h3>\n<h3 class=\"QN2lPu\">\u2022CITROEN DS3 de 2012 2013 2014 2015\u00a0 2016<\/h3>\n<h3 class=\"QN2lPu\">\u2022CITROEN DS4 de 2011 2012 2013 2014 2015\u00a0 2016<\/h3>\n<h3 class=\"QN2lPu\">\u2022CITROEN C5 de 2004 2005 2006 2007 2008 2009 2010 2011 2012 2013 2014 2015\u00a0 2016<\/h3>\n<h3 class=\"QN2lPu\">\u2022CITROEN DS5 de 2011 2012 2013 2014 2015\u00a0 2016<\/h3>\n<h3 class=\"QN2lPu\">\u2022PEUGEOT 508 de 2010 2011 2012 2013 2014 2015 2016 2017 2018 2019 2020\u00a0 2021<\/h3>\n<h3 class=\"QN2lPu\">\u2022PEUGEOT 5008 de 2009 2010 2011 2012 2013 2014 2015 2016 2017 2018 2019 2020\u00a0 2021<\/h3>\n<h3 class=\"QN2lPu\">\u2022PEUGEOT\u00a0 207 de 2008 2009 2010 2011 2012 2013 2014\u00a0 2015<\/h3>\n<h3 class=\"QN2lPu\">\u2022PEUGEOT 607 de 2004 2005 2006 2007 2008 2009\u00a0 2010<\/h3>\n<h3 class=\"QN2lPu\">\u2022PEUGEOT\u00a0 208\u00a0 \u00a0de 2012\u00a0 2013 2014 2015 2016 2017 2018 2019 2020 2021<\/h3>\n<h3 class=\"QN2lPu\">\u2022PEUGEOT\u00a0 308\u00a0 \u00a0de 2012 2013 2014 2015 2016 2017 2018\u00a0 2019<\/h3>\n<h3 class=\"QN2lPu\">\u2022PEUGEOT\u00a0 2008\u00a0 de 2013 2014 2015 2016 2017 2018 2019 2020\u00a0 2021<\/h3>\n<h3 class=\"QN2lPu\">\u2022PEUGEOT\u00a0 408\u00a0 \u00a0de 2015 2016 2017 2018\u00a0 2019<\/h3>\n<h3 class=\"QN2lPu\">\u2022PEUGEOT\u00a0 405\u00a0 \u00a0de 1988 1989 1990 1991 1992 1993 1994\u00a0 1995<\/h3>\n<h3 class=\"QN2lPu\">\u2022PEUGEOT\u00a0 3008\u00a0 \u00a0de 2010 2011 2012 2013 2014 2015 2016 2017\u00a0 2018\u00a0 2019\u00a0 2020\u00a0 2021<\/h3>\n<h3 class=\"QN2lPu\">\u2022PEUGEOT\u00a0 1007\u00a0 \u00a0de 2005 2006 2007 2008 2009<\/h3>\n<h3 class=\"QN2lPu\">\u2022PEUGEOT\u00a0 407\u00a0 \u00a0de 2005 2006 2007 2008\u00a0 2009<\/h3>\n<h3 class=\"QN2lPu\"><\/h3>\n<h3 class=\"QN2lPu\">Caracter\u00edsticas:<\/h3>\n<h3 class=\"QN2lPu\">C\u00f3digo: &#8211; 9818914980<\/h3>\n<h3 class=\"QN2lPu\">Condi\u00e7\u00e3o do item: Novo<\/h3>\n<h3 class=\"QN2lPu\">Marca: Peugeot<\/h3>\n<h3 class=\"QN2lPu\">Modelo: Filtro de \u00f3leo MPN:\u00a0 9818914980<\/h3>\n<h3 class=\"QN2lPu\">Quantidade de kits: 1<\/h3>\n<h3 class=\"QN2lPu\">Tempo de garantia: 3 meses<\/h3>\n<h3 class=\"QN2lPu\">Tipo de Garantia: Garantia de f\u00e1brica<\/h3>\n<h3 class=\"QN2lPu\">Unidades por kit: 1<\/h3>\n<h3 class=\"QN2lPu\"><\/h3>\n<p class=\"QN2lPu\">ATEN\u00c7\u00c3O: Antes de efetuar a compra verifique o c\u00f3digo da sua pe\u00e7a que est\u00e1 instalada no seu ve\u00edculo.<\/p>\n<p class=\"QN2lPu\">\n<p class=\"QN2lPu\">\u00b7\u00a0\u00a0\u00a0\u00a0\u00a0\u00a0\u00a0\u00a0 MOPAR\u00ae \u00e9 a marca de pe\u00e7as de reposi\u00e7\u00e3o genu\u00ednas do Grupo Stellantis, respons\u00e1vel pelas marcas Fiat, Jeep, Peugeot, Citro\u00ebn e RAM. As pe\u00e7as e acess\u00f3rios MOPAR\u00ae s\u00e3o criadas pelas mesmas equipes que projetaram seu ve\u00edculo, atendendo a todos os padr\u00f5es de f\u00e1brica, que garantem excelente desempenho.<\/p>\n<p>&nbsp;<\/p>\n<p>A Casa da Inje\u00e7\u00e3o oferece total garantia nos produtos comprados em nosso site.<br \/>\nCada item \u00e9 rigorosamente testado antes do envio<br \/>\nSe os itens estiverem danificados ou parcialmente defeituosos, entre em contato conosco.<br \/>\nProcure um profissional devidamente licenciado para a instala\u00e7\u00e3o e fa\u00e7a revis\u00f5es periodicamente. A empresa n\u00e3o se responsabiliza por problemas oriundos da m\u00e1 instala\u00e7\u00e3o ou com a falta de cuidados peri\u00f3dicos dos componentes.<br \/>\nSe houver qualquer defeito, n\u00f3s lhe enviaremos uma substitui\u00e7\u00e3o ap\u00f3s receber o pacote ou devolvemos seu dinheiro.<br \/>\nLeia nossa pol\u00edtica de devolu\u00e7\u00e3o aqui<br \/>\nTem alguma d\u00favida?<br \/>\nEntre em contato que podemos ajudar!<br \/>\nConfira as informa\u00e7\u00f5es adicionais abaixo:<br \/>\nTodos os nossos produtos s\u00e3o novos, semi-novos, originais e paralelos possuem garantia.<br \/>\nTodos os produtos anunciados est\u00e3o dispon\u00edveis em estoque e s\u00e3o enviados com extrema rapidez.<br \/>\nO frete pode ser simulado antes de efetuar a compra, basta clicar em \u201cver custos de envio\u201d.<br \/>\nVerifique o endere\u00e7o de entrega cadastrado e atualize caso necess\u00e1rio.<br \/>\nConfirme se a pe\u00e7a \u00e9 correta para o seu modelo de ve\u00edculo.<br \/>\nPara pe\u00e7as automotivas, recomendamos a instala\u00e7\u00e3o por um profissional especializado.<br \/>\nCaso possua outras d\u00favidas, entre em contato.<\/p>\n","protected":false},"excerpt":{"rendered":"<h2>Filtro De \u00d3leo Peugeot &#8211; 9818914980<\/h2>\n","protected":false},"featured_media":43817,"template":"","meta":{"_seopress_robots_primary_cat":"none","_seopress_titles_title":"","_seopress_titles_desc":"","_seopress_robots_index":"","_joinchat":[]},"product_cat":[221,22],"product_tag":[246,1387,248,2100,2412,2413,2242,1691,1557,1367,1690,1688,2056,251,1689,2414,2047,1820],"berocket_brand":[393],"_links":{"self":[{"href":"https:\/\/www.casadainjecao.com.br\/loja\/wp-json\/wp\/v2\/product\/43814"}],"collection":[{"href":"https:\/\/www.casadainjecao.com.br\/loja\/wp-json\/wp\/v2\/product"}],"about":[{"href":"https:\/\/www.casadainjecao.com.br\/loja\/wp-json\/wp\/v2\/types\/product"}],"wp:featuredmedia":[{"embeddable":true,"href":"https:\/\/www.casadainjecao.com.br\/loja\/wp-json\/wp\/v2\/media\/43817"}],"wp:attachment":[{"href":"https:\/\/www.casadainjecao.com.br\/loja\/wp-json\/wp\/v2\/media?parent=43814"}],"wp:term":[{"taxonomy":"product_cat","embeddable":true,"href":"https:\/\/www.casadainjecao.com.br\/loja\/wp-json\/wp\/v2\/product_cat?post=43814"},{"taxonomy":"product_tag","embeddable":true,"href":"https:\/\/www.casadainjecao.com.br\/loja\/wp-json\/wp\/v2\/product_tag?post=43814"},{"taxonomy":"berocket_brand","embeddable":true,"href":"https:\/\/www.casadainjecao.com.br\/loja\/wp-json\/wp\/v2\/berocket_brand?post=43814"}],"curies":[{"name":"wp","href":"https:\/\/api.w.org\/{rel}","templated":true}]}}