{"id":43840,"date":"2026-01-29T15:15:30","date_gmt":"2026-01-29T18:15:30","guid":{"rendered":"https:\/\/www.casadainjecao.com.br\/loja\/?post_type=product&#038;p=43840"},"modified":"2026-01-29T15:15:31","modified_gmt":"2026-01-29T18:15:31","slug":"anel-de-retencao-renault-duster-8200299358-2","status":"publish","type":"product","link":"https:\/\/www.casadainjecao.com.br\/loja\/autopecas\/transmissao\/anel-de-retencao\/anel-de-retencao-renault-duster-8200299358-2\/","title":{"rendered":"Anel de Reten\u00e7\u00e3o Renault Duster &#8211; 8200299358"},"content":{"rendered":"<h2>\nAnel de Reten\u00e7\u00e3o<\/h2>\n<h3>\nAplica\u00e7ao:<\/h3>\n<h3>Renault Duster 1.6 16V \/ 2.0 16V &#8211; 2011 2012 2013 2014 2015 2016 2017 2018 2019<\/h3>\n<h3>\nCaracter\u00edsticas:<\/h3>\n<h3>Produto: Anel de reten\u00e7\u00e3o \/ trava<\/h3>\n<h3>C\u00f3digo: 8200299358<\/h3>\n<h3>Condi\u00e7\u00e3o do item: Novo<\/h3>\n<h3>Marca: Renault<\/h3>\n<p>garantia: 3 meses<\/p>\n<p>ATEN\u00c7\u00c3O: Antes de efetuar a compra verifique o c\u00f3digo da sua pe\u00e7a que est\u00e1 instalado no seu ve\u00edculo. e confirme se corresponde ao c\u00f3digo informado neste an\u00fancio.<br \/>\nEm caso de d\u00favida, utilize o campo de perguntas.<\/p>\n","protected":false},"excerpt":{"rendered":"<h2>Anel de Reten\u00e7\u00e3o Renault Duster &#8211; 8200299358<\/h2>\n","protected":false},"featured_media":43844,"template":"","meta":{"_seopress_robots_primary_cat":"","_seopress_titles_title":"","_seopress_titles_desc":"","_seopress_robots_index":"","_joinchat":[]},"product_cat":[2415,26],"product_tag":[1186],"berocket_brand":[],"_links":{"self":[{"href":"https:\/\/www.casadainjecao.com.br\/loja\/wp-json\/wp\/v2\/product\/43840"}],"collection":[{"href":"https:\/\/www.casadainjecao.com.br\/loja\/wp-json\/wp\/v2\/product"}],"about":[{"href":"https:\/\/www.casadainjecao.com.br\/loja\/wp-json\/wp\/v2\/types\/product"}],"wp:featuredmedia":[{"embeddable":true,"href":"https:\/\/www.casadainjecao.com.br\/loja\/wp-json\/wp\/v2\/media\/43844"}],"wp:attachment":[{"href":"https:\/\/www.casadainjecao.com.br\/loja\/wp-json\/wp\/v2\/media?parent=43840"}],"wp:term":[{"taxonomy":"product_cat","embeddable":true,"href":"https:\/\/www.casadainjecao.com.br\/loja\/wp-json\/wp\/v2\/product_cat?post=43840"},{"taxonomy":"product_tag","embeddable":true,"href":"https:\/\/www.casadainjecao.com.br\/loja\/wp-json\/wp\/v2\/product_tag?post=43840"},{"taxonomy":"berocket_brand","embeddable":true,"href":"https:\/\/www.casadainjecao.com.br\/loja\/wp-json\/wp\/v2\/berocket_brand?post=43840"}],"curies":[{"name":"wp","href":"https:\/\/api.w.org\/{rel}","templated":true}]}}