{"id":441,"date":"2020-07-29T22:44:05","date_gmt":"2020-07-30T01:44:05","guid":{"rendered":"http:\/\/casadainjecao.com.br\/loja\/?post_type=product&#038;p=441"},"modified":"2025-05-29T12:01:33","modified_gmt":"2025-05-29T15:01:33","slug":"sensor-do-airbag-da-porta-renault-megane-8200682396","status":"publish","type":"product","link":"https:\/\/www.casadainjecao.com.br\/loja\/autopecas\/carroceria\/portas\/sensor-do-airbag-da-porta-renault-megane-8200682396\/","title":{"rendered":"Sensor do Airbag da Porta Renault Megane &#8211; 8200682396"},"content":{"rendered":"<h1>Sensor Airbag da Porta<\/h1>\n<h3>Renault Megane II 2002 a 2008<\/h3>\n<h3>C\u00f3digo de Refer\u00eancia:<\/h3>\n<h3>8200682396, 601298200, 0-1379436-1, 8200411025<\/h3>\n<h5 class=\"western\"><strong>Condi\u00e7\u00f5es:<\/strong><\/h5>\n<h5 class=\"western\">Produto Novo Original \/ Marca Renualt<\/h5>\n<h5 class=\"western\"><strong>Garantia:<\/strong><\/h5>\n<h5 class=\"western\">3 Meses<\/h5>\n<h5 class=\"western\"><strong>ATEN\u00c7\u00c3O: Antes de efetuar a compra verifique o c\u00f3digo da sua pe\u00e7a que est\u00e1 instalado no seu ve\u00edculo.<\/strong><\/h5>\n<h5 class=\"western\">A Casa da Inje\u00e7\u00e3o oferece total garantia nos produtos comprados em nosso site.<\/h5>\n<h5 class=\"western\">Cada item \u00e9 rigorosamente testado antes do envio<\/h5>\n<h5 class=\"western\">Se os itens estiverem danificados ou parcialmente defeituosos, entre em contato conosco.<\/h5>\n<h5 class=\"western\">Procure um profissional devidamente licenciado para a instala\u00e7\u00e3o e fa\u00e7a revis\u00f5es periodicamente. A empresa n\u00e3o se responsabiliza por problemas oriundos da m\u00e1 instala\u00e7\u00e3o ou com a falta de cuidados peri\u00f3dicos dos componentes.<\/h5>\n<h5 class=\"western\">Se houver qualquer defeito, n\u00f3s lhe enviaremos uma substitui\u00e7\u00e3o ap\u00f3s receber o pacote ou devolvemos seu dinheiro.<\/h5>\n<h5 class=\"western\">Leia nossa\u00a0<span style=\"color: #0000ff;\"><a href=\"https:\/\/www.casadainjecao.com.br\/loja\/politica-de-devolucao\"><span style=\"color: #243f60;\">pol\u00edtica de devolu\u00e7\u00e3o aqui<\/span><\/a><\/span><\/h5>\n<h5 class=\"western\"><strong>Tem alguma d\u00favida?<\/strong><\/h5>\n<h5 class=\"western\">Entre em contato que podemos ajudar!<\/h5>\n<h5 class=\"western\">Confira as informa\u00e7\u00f5es adicionais abaixo:<\/h5>\n<h5 class=\"western\">Todos os nossos produtos s\u00e3o novos, semi-novos, originais e paralelos possuem garantia.<\/h5>\n<h5 class=\"western\">Todos os produtos anunciados est\u00e3o dispon\u00edveis em estoque e s\u00e3o enviados com extrema rapidez.<\/h5>\n<h5 class=\"western\">O frete pode ser simulado antes de efetuar a compra, basta clicar em \u201cver custos de envio\u201d.<\/h5>\n<h5 class=\"western\">Verifique o endere\u00e7o de entrega cadastrado e atualize caso necess\u00e1rio.<\/h5>\n<h5 class=\"western\">Confirme se a pe\u00e7a \u00e9 correta para o seu modelo de ve\u00edculo.<\/h5>\n<h5 class=\"western\">Para pe\u00e7as automotivas, recomendamos a instala\u00e7\u00e3o por um profissional especializado.<\/h5>\n<h5 class=\"western\">Caso possua outras d\u00favidas, entre em contato.<\/h5>\n","protected":false},"excerpt":{"rendered":"<h2>Sensor do Airbag da Porta Renault Megane &#8211; 8200682396<\/h2>\n","protected":false},"featured_media":442,"template":"","meta":{"_seopress_robots_primary_cat":"none","_seopress_titles_title":"","_seopress_titles_desc":"","_seopress_robots_index":"","_joinchat":[]},"product_cat":[17,97,155],"product_tag":[147],"berocket_brand":[394],"_links":{"self":[{"href":"https:\/\/www.casadainjecao.com.br\/loja\/wp-json\/wp\/v2\/product\/441"}],"collection":[{"href":"https:\/\/www.casadainjecao.com.br\/loja\/wp-json\/wp\/v2\/product"}],"about":[{"href":"https:\/\/www.casadainjecao.com.br\/loja\/wp-json\/wp\/v2\/types\/product"}],"wp:featuredmedia":[{"embeddable":true,"href":"https:\/\/www.casadainjecao.com.br\/loja\/wp-json\/wp\/v2\/media\/442"}],"wp:attachment":[{"href":"https:\/\/www.casadainjecao.com.br\/loja\/wp-json\/wp\/v2\/media?parent=441"}],"wp:term":[{"taxonomy":"product_cat","embeddable":true,"href":"https:\/\/www.casadainjecao.com.br\/loja\/wp-json\/wp\/v2\/product_cat?post=441"},{"taxonomy":"product_tag","embeddable":true,"href":"https:\/\/www.casadainjecao.com.br\/loja\/wp-json\/wp\/v2\/product_tag?post=441"},{"taxonomy":"berocket_brand","embeddable":true,"href":"https:\/\/www.casadainjecao.com.br\/loja\/wp-json\/wp\/v2\/berocket_brand?post=441"}],"curies":[{"name":"wp","href":"https:\/\/api.w.org\/{rel}","templated":true}]}}