{"id":44223,"date":"2026-02-23T10:28:08","date_gmt":"2026-02-23T13:28:08","guid":{"rendered":"https:\/\/www.casadainjecao.com.br\/loja\/?post_type=product&#038;p=44223"},"modified":"2026-04-01T21:15:57","modified_gmt":"2026-04-02T00:15:57","slug":"comando-botao-multifuncional-volante-ford-ka-ecosport-original-c8959537d","status":"publish","type":"product","link":"https:\/\/www.casadainjecao.com.br\/loja\/autopecas\/eletrica\/comando-botao-multifuncional-volante-ford-ka-ecosport-original-c8959537d\/","title":{"rendered":"Comando Bot\u00e3o Multifuncional Volante Ford Ka EcoSport Origi"},"content":{"rendered":"<h2><strong data-start=\"82\" data-end=\"134\">Comando multifuncional do volante Ford original<\/strong><\/h2>\n<p>&nbsp;<\/p>\n<ul>\n<li data-start=\"194\" data-end=\"229\">\n<p data-start=\"196\" data-end=\"229\"><strong data-start=\"196\" data-end=\"227\">Ford Ka hatch \u2014 2018 2019 2020 2021<\/strong><\/p>\n<\/li>\n<li data-start=\"230\" data-end=\"265\">\n<p data-start=\"232\" data-end=\"265\"><strong data-start=\"232\" data-end=\"263\">Ford Ka Sedan \u2014 2018 2019 2020 2021<\/strong><\/p>\n<\/li>\n<li data-start=\"266\" data-end=\"299\">\n<p data-start=\"268\" data-end=\"299\"><strong data-start=\"268\" data-end=\"299\">Ford EcoSport \u2014 2018 2019 2020 2021<\/strong><\/p>\n<\/li>\n<\/ul>\n<p>&nbsp;<\/p>\n<p>&nbsp;<\/p>\n<h3>Condi\u00e7\u00e3o do item: semi novo \/ com detalhe<\/h3>\n<h3><\/h3>\n<h3>Marca: Ford<\/h3>\n<h3><\/h3>\n<h3>garantia: 3 meses<\/h3>\n<p>&nbsp;<\/p>\n<p>ATEN\u00c7\u00c3O: Antes de efetuar a compra verifique o c\u00f3digo da sua pe\u00e7a que est\u00e1 instalado no seu ve\u00edculo. e confirme se corresponde ao c\u00f3digo informado neste an\u00fancio.<\/p>\n<p>Em caso de d\u00favida, utilize o campo de perguntas.<\/p>\n<p>&nbsp;<\/p>\n<p>Pe\u00e7a nova com avaria\u00a0 em bom estado,\u00a0 (conforme fotos).<br data-start=\"206\" data-end=\"209\" \/>Totalmente funcional, ideal para reposi\u00e7\u00e3o.<\/p>\n<p>&nbsp;<\/p>\n<p>A Casa da Inje\u00e7\u00e3o oferece total garantia nos produtos comprados em nosso site.<br \/>\nCada item \u00e9 rigorosamente testado antes do envio<br \/>\nSe os itens estiverem danificados ou parcialmente defeituosos, entre em contato conosco.<br \/>\nProcure um profissional devidamente licenciado para a instala\u00e7\u00e3o e fa\u00e7a revis\u00f5es periodicamente. A empresa n\u00e3o se responsabiliza por problemas oriundos da m\u00e1 instala\u00e7\u00e3o ou com a falta de cuidados peri\u00f3dicos dos componentes.<br \/>\nSe houver qualquer defeito, n\u00f3s lhe enviaremos uma substitui\u00e7\u00e3o ap\u00f3s receber o pacote ou devolvemos seu dinheiro.<br \/>\nLeia nossa pol\u00edtica de devolu\u00e7\u00e3o aqui<br \/>\nTem alguma d\u00favida?<br \/>\nEntre em contato que podemos ajudar!<br \/>\nConfira as informa\u00e7\u00f5es adicionais abaixo:<br \/>\nTodos os nossos produtos s\u00e3o novos, semi-novos, originais e paralelos possuem garantia.<br \/>\nTodos os produtos anunciados est\u00e3o dispon\u00edveis em estoque e s\u00e3o enviados com extrema rapidez.<br \/>\nO frete pode ser simulado antes de efetuar a compra, basta clicar em \u201cver custos de envio\u201d.<br \/>\nVerifique o endere\u00e7o de entrega cadastrado e atualize caso necess\u00e1rio.<br \/>\nConfirme se a pe\u00e7a \u00e9 correta para o seu modelo de ve\u00edculo.<br \/>\nPara pe\u00e7as automotivas, recomendamos a instala\u00e7\u00e3o por um profissional especializado.<br \/>\nCaso possua outras d\u00favidas, entre em contato.<\/p>\n","protected":false},"excerpt":{"rendered":"<h2>Comando Bot\u00e3o Multifuncional Volante Ford Ka EcoSport Original &#8211; c8959537d<\/h2>\n","protected":false},"featured_media":44226,"template":"","meta":{"_seopress_robots_primary_cat":"none","_seopress_titles_title":"","_seopress_titles_desc":"","_seopress_robots_index":"","_joinchat":[]},"product_cat":[17],"product_tag":[1860,277,2416],"berocket_brand":[384],"_links":{"self":[{"href":"https:\/\/www.casadainjecao.com.br\/loja\/wp-json\/wp\/v2\/product\/44223"}],"collection":[{"href":"https:\/\/www.casadainjecao.com.br\/loja\/wp-json\/wp\/v2\/product"}],"about":[{"href":"https:\/\/www.casadainjecao.com.br\/loja\/wp-json\/wp\/v2\/types\/product"}],"wp:featuredmedia":[{"embeddable":true,"href":"https:\/\/www.casadainjecao.com.br\/loja\/wp-json\/wp\/v2\/media\/44226"}],"wp:attachment":[{"href":"https:\/\/www.casadainjecao.com.br\/loja\/wp-json\/wp\/v2\/media?parent=44223"}],"wp:term":[{"taxonomy":"product_cat","embeddable":true,"href":"https:\/\/www.casadainjecao.com.br\/loja\/wp-json\/wp\/v2\/product_cat?post=44223"},{"taxonomy":"product_tag","embeddable":true,"href":"https:\/\/www.casadainjecao.com.br\/loja\/wp-json\/wp\/v2\/product_tag?post=44223"},{"taxonomy":"berocket_brand","embeddable":true,"href":"https:\/\/www.casadainjecao.com.br\/loja\/wp-json\/wp\/v2\/berocket_brand?post=44223"}],"curies":[{"name":"wp","href":"https:\/\/api.w.org\/{rel}","templated":true}]}}