{"id":44297,"date":"2026-02-24T13:07:01","date_gmt":"2026-02-24T16:07:01","guid":{"rendered":"https:\/\/www.casadainjecao.com.br\/loja\/?post_type=product&#038;p=44297"},"modified":"2026-03-25T16:06:36","modified_gmt":"2026-03-25T19:06:36","slug":"controle-multimidia-volante-direito-fiat-argo-cronos-original-041581a","status":"publish","type":"product","link":"https:\/\/www.casadainjecao.com.br\/loja\/autopecas\/suspencao\/controle-multimidia-volante-direito-fiat-argo-cronos-original-041581a\/","title":{"rendered":"Controle Multim\u00eddia Volante Direito Fiat Argo Cronos Origin"},"content":{"rendered":"<h2>Controle Multim\u00eddia Volante Direito Fiat<\/h2>\n<p>&nbsp;<\/p>\n<h3>Fiat Argo \u2014 2017 2018 2019 2020 2021 2022 2023<\/h3>\n<h3>Fiat Cronos \u2014 2018 2019 2020 2021 2022 2023<\/h3>\n<h3>Fiat Pulse \u2014 2022 2023 2024 (algumas vers\u00f5es)<\/h3>\n<h3>Fiat Fastback \u2014 2023 2024 (algumas vers\u00f5es)<\/h3>\n<h3>Fiat Strada nova \u2014 2020 2021 2022 2023 2024 (algumas vers\u00f5es)<\/h3>\n<h3>Lado direito do volante<br \/>\nComandos de menu + telefone + voz<\/h3>\n<h3><\/h3>\n<h3>C\u00f3digo: 041581A<\/h3>\n<h3>Condi\u00e7\u00e3o do item: Novo<\/h3>\n<h3>Marca: Fiat<\/h3>\n<h3>Fun\u00e7\u00f5es: menu, OK, telefone e comando de voz<\/h3>\n<h3>garantia: 3 meses<\/h3>\n<p>ATEN\u00c7\u00c3O: Antes de efetuar a compra verifique o c\u00f3digo da sua pe\u00e7a que est\u00e1 instalado no seu ve\u00edculo. e confirme se corresponde ao c\u00f3digo informado neste an\u00fancio.<br \/>\nEm caso de d\u00favida, utilize o campo de perguntas<\/p>\n<p>A Casa da Inje\u00e7\u00e3o oferece total garantia nos produtos comprados em nosso site.<br \/>\nCada item \u00e9 rigorosamente testado antes do envio<br \/>\nSe os itens estiverem danificados ou parcialmente defeituosos, entre em contato conosco.<br \/>\nProcure um profissional devidamente licenciado para a instala\u00e7\u00e3o e fa\u00e7a revis\u00f5es periodicamente. A empresa n\u00e3o se responsabiliza por problemas oriundos da m\u00e1 instala\u00e7\u00e3o ou com a falta de cuidados peri\u00f3dicos dos componentes.<br \/>\nSe houver qualquer defeito, n\u00f3s lhe enviaremos uma substitui\u00e7\u00e3o ap\u00f3s receber o pacote ou devolvemos seu dinheiro.<br \/>\nLeia nossa pol\u00edtica de devolu\u00e7\u00e3o aqui<br \/>\nTem alguma d\u00favida?<br \/>\nEntre em contato que podemos ajudar!<br \/>\nConfira as informa\u00e7\u00f5es adicionais abaixo:<br \/>\nTodos os nossos produtos s\u00e3o novos, semi-novos, originais e paralelos possuem garantia.<br \/>\nTodos os produtos anunciados est\u00e3o dispon\u00edveis em estoque e s\u00e3o enviados com extrema rapidez.<br \/>\nO frete pode ser simulado antes de efetuar a compra, basta clicar em \u201cver custos de envio\u201d.<br \/>\nVerifique o endere\u00e7o de entrega cadastrado e atualize caso necess\u00e1rio.<br \/>\nConfirme se a pe\u00e7a \u00e9 correta para o seu modelo de ve\u00edculo.<br \/>\nPara pe\u00e7as automotivas, recomendamos a instala\u00e7\u00e3o por um profissional especializado.<br \/>\nCaso possua outras d\u00favidas, entre em contato.<\/p>\n","protected":false},"excerpt":{"rendered":"<h2>Controle Multim\u00eddia Volante Direito Fiat Argo Cronos Original &#8211; 041581A<\/h2>\n","protected":false},"featured_media":44300,"template":"","meta":{"_seopress_robots_primary_cat":"none","_seopress_titles_title":"","_seopress_titles_desc":"","_seopress_robots_index":"","_joinchat":[]},"product_cat":[1104],"product_tag":[289,2395,2089,2277,2088],"berocket_brand":[],"_links":{"self":[{"href":"https:\/\/www.casadainjecao.com.br\/loja\/wp-json\/wp\/v2\/product\/44297"}],"collection":[{"href":"https:\/\/www.casadainjecao.com.br\/loja\/wp-json\/wp\/v2\/product"}],"about":[{"href":"https:\/\/www.casadainjecao.com.br\/loja\/wp-json\/wp\/v2\/types\/product"}],"wp:featuredmedia":[{"embeddable":true,"href":"https:\/\/www.casadainjecao.com.br\/loja\/wp-json\/wp\/v2\/media\/44300"}],"wp:attachment":[{"href":"https:\/\/www.casadainjecao.com.br\/loja\/wp-json\/wp\/v2\/media?parent=44297"}],"wp:term":[{"taxonomy":"product_cat","embeddable":true,"href":"https:\/\/www.casadainjecao.com.br\/loja\/wp-json\/wp\/v2\/product_cat?post=44297"},{"taxonomy":"product_tag","embeddable":true,"href":"https:\/\/www.casadainjecao.com.br\/loja\/wp-json\/wp\/v2\/product_tag?post=44297"},{"taxonomy":"berocket_brand","embeddable":true,"href":"https:\/\/www.casadainjecao.com.br\/loja\/wp-json\/wp\/v2\/berocket_brand?post=44297"}],"curies":[{"name":"wp","href":"https:\/\/api.w.org\/{rel}","templated":true}]}}