{"id":44321,"date":"2026-02-25T13:49:52","date_gmt":"2026-02-25T16:49:52","guid":{"rendered":"https:\/\/www.casadainjecao.com.br\/loja\/?post_type=product&#038;p=44321"},"modified":"2026-04-10T12:52:05","modified_gmt":"2026-04-10T15:52:05","slug":"jogo-bobina-ignicao-jac-j2-j3-j5-1-4-x60-1-8-16v-k4-19005277","status":"publish","type":"product","link":"https:\/\/www.casadainjecao.com.br\/loja\/autopecas\/eletrica\/bobina-de-ignicao\/jogo-bobina-ignicao-jac-j2-j3-j5-1-4-x60-1-8-16v-k4-19005277\/","title":{"rendered":"Jogo Bobina Igni\u00e7\u00e3o Jac J2\/j3\/j5 1.4 X60 1.8 16v &#8211; K"},"content":{"rendered":"<h2>Bobina Igni\u00e7\u00e3o Com 4 Unidades<\/h2>\n<p>&nbsp;<\/p>\n<p>&nbsp;<\/p>\n<h3>Jac Motors J2 1.4 16V &#8211; 2011 2012 2013 2014 2015<\/h3>\n<h3>J3 1.4 16V &#8211; 2010 2011 2012 2013 2014 2015<\/h3>\n<h3>J5 1.5 16V &#8211; 2010 2011 2012 2013 2014 2015<\/h3>\n<h3>Lifan X60 1.8 16V &#8211; 2013 2014 2015 2016<\/h3>\n<h3><\/h3>\n<h3><\/h3>\n<h3>Conector: 3 Pinos<\/h3>\n<h3>C\u00f3digo:\u00a0 19005277\/7901084\/120421\/S3705100T ARB2178<\/h3>\n<h3>Condi\u00e7\u00e3o do item: Novo<\/h3>\n<h3>Marca: Torken<\/h3>\n<h3>garantia: 3 meses<\/h3>\n<p>&nbsp;<\/p>\n<p>&nbsp;<\/p>\n<p>ATEN\u00c7\u00c3O: Antes de efetuar a compra verifique o c\u00f3digo da sua pe\u00e7a que est\u00e1 instalado no seu ve\u00edculo. e confirme se corresponde ao c\u00f3digo informado neste an\u00fancio.<\/p>\n<p>Em caso de d\u00favida, utilize o campo de perguntas.<\/p>\n","protected":false},"excerpt":{"rendered":"<h2>Jogo Bobina Igni\u00e7\u00e3o Jac J2\/j3\/j5 1.4 X60 1.8 16v &#8211; K4-19005277<\/h2>\n","protected":false},"featured_media":44328,"template":"","meta":{"_seopress_robots_primary_cat":"none","_seopress_titles_title":"","_seopress_titles_desc":"","_seopress_robots_index":"","_joinchat":[]},"product_cat":[106,17],"product_tag":[2125,1127,2419,1816],"berocket_brand":[1134],"_links":{"self":[{"href":"https:\/\/www.casadainjecao.com.br\/loja\/wp-json\/wp\/v2\/product\/44321"}],"collection":[{"href":"https:\/\/www.casadainjecao.com.br\/loja\/wp-json\/wp\/v2\/product"}],"about":[{"href":"https:\/\/www.casadainjecao.com.br\/loja\/wp-json\/wp\/v2\/types\/product"}],"wp:featuredmedia":[{"embeddable":true,"href":"https:\/\/www.casadainjecao.com.br\/loja\/wp-json\/wp\/v2\/media\/44328"}],"wp:attachment":[{"href":"https:\/\/www.casadainjecao.com.br\/loja\/wp-json\/wp\/v2\/media?parent=44321"}],"wp:term":[{"taxonomy":"product_cat","embeddable":true,"href":"https:\/\/www.casadainjecao.com.br\/loja\/wp-json\/wp\/v2\/product_cat?post=44321"},{"taxonomy":"product_tag","embeddable":true,"href":"https:\/\/www.casadainjecao.com.br\/loja\/wp-json\/wp\/v2\/product_tag?post=44321"},{"taxonomy":"berocket_brand","embeddable":true,"href":"https:\/\/www.casadainjecao.com.br\/loja\/wp-json\/wp\/v2\/berocket_brand?post=44321"}],"curies":[{"name":"wp","href":"https:\/\/api.w.org\/{rel}","templated":true}]}}