{"id":44417,"date":"2026-02-27T10:07:40","date_gmt":"2026-02-27T13:07:40","guid":{"rendered":"https:\/\/www.casadainjecao.com.br\/loja\/?post_type=product&#038;p=44417"},"modified":"2026-02-27T10:08:16","modified_gmt":"2026-02-27T13:08:16","slug":"pedal-acelerador-eletronico-cruze-1-8-original-gm-6pv00976507","status":"publish","type":"product","link":"https:\/\/www.casadainjecao.com.br\/loja\/autopecas\/interior\/pedal-acelerador\/pedal-acelerador-eletronico-cruze-1-8-original-gm-6pv00976507\/","title":{"rendered":"Pedal Acelerador Eletr\u00f4nico Cruze 1.8 Original GM &#8211; 6"},"content":{"rendered":"<h2 class=\"QN2lPu\">Pedal Acelerador Eletr\u00f4nico<\/h2>\n<h3 class=\"QN2lPu\"><\/h3>\n<p>&nbsp;<\/p>\n<h3 class=\"QN2lPu\">Chevrolet Cruze 1.8 16V \u2013 2011 2012 2013 2014 2015 2016<\/h3>\n<h3 class=\"QN2lPu\">(Modelos LT e LTZ com motor 1.8 flex\/gasolina, vers\u00e3o com acelerador eletr\u00f4nico)<\/h3>\n<h3 class=\"QN2lPu\"><\/h3>\n<h3 class=\"QN2lPu\"><\/h3>\n<p>&nbsp;<\/p>\n<p>&nbsp;<\/p>\n<h3 class=\"QN2lPu\">Material: Pl\u00e1stico de engenharia refor\u00e7ado<\/h3>\n<h3 class=\"QN2lPu\"><\/h3>\n<h3 class=\"QN2lPu\">Tipo: Pedal acelerador eletr\u00f4nico<\/h3>\n<h3 class=\"QN2lPu\"><\/h3>\n<h3 class=\"QN2lPu\">Fun\u00e7\u00e3o: Comando de acelera\u00e7\u00e3o<\/h3>\n<h3 class=\"QN2lPu\"><\/h3>\n<h3 class=\"QN2lPu\">C\u00f3digo: 6PV00976507<\/h3>\n<h3 class=\"QN2lPu\"><\/h3>\n<h3 class=\"QN2lPu\">Condi\u00e7\u00e3o do item: SemiNovo<\/h3>\n<h3 class=\"QN2lPu\"><\/h3>\n<h3 class=\"QN2lPu\">Marca: Gm<\/h3>\n<h3 class=\"QN2lPu\"><\/h3>\n<p class=\"QN2lPu\">garantia: 3 meses<\/p>\n<p class=\"QN2lPu\">ATEN\u00c7\u00c3O: Antes de efetuar a compra verifique o c\u00f3digo da sua pe\u00e7a que est\u00e1 instalado no seu ve\u00edculo. e confirme se corresponde ao c\u00f3digo informado neste an\u00fancio.<\/p>\n<p class=\"QN2lPu\">Em caso de d\u00favida, utilize o campo de perguntas.<\/p>\n<p>&nbsp;<\/p>\n<p>A Casa da Inje\u00e7\u00e3o oferece total garantia nos produtos comprados em nosso site.<br \/>\nCada item \u00e9 rigorosamente testado antes do envio<br \/>\nSe os itens estiverem danificados ou parcialmente defeituosos, entre em contato conosco.<br \/>\nProcure um profissional devidamente licenciado para a instala\u00e7\u00e3o e fa\u00e7a revis\u00f5es periodicamente. A empresa n\u00e3o se responsabiliza por problemas oriundos da m\u00e1 instala\u00e7\u00e3o ou com a falta de cuidados peri\u00f3dicos dos componentes.<br \/>\nSe houver qualquer defeito, n\u00f3s lhe enviaremos uma substitui\u00e7\u00e3o ap\u00f3s receber o pacote ou devolvemos seu dinheiro.<br \/>\nLeia nossa pol\u00edtica de devolu\u00e7\u00e3o aqui<br \/>\nTem alguma d\u00favida?<br \/>\nEntre em contato que podemos ajudar!<br \/>\nConfira as informa\u00e7\u00f5es adicionais abaixo:<br \/>\nTodos os nossos produtos s\u00e3o novos, semi-novos, originais e paralelos possuem garantia.<br \/>\nTodos os produtos anunciados est\u00e3o dispon\u00edveis em estoque e s\u00e3o enviados com extrema rapidez.<br \/>\nO frete pode ser simulado antes de efetuar a compra, basta clicar em \u201cver custos de envio\u201d.<br \/>\nVerifique o endere\u00e7o de entrega cadastrado e atualize caso necess\u00e1rio.<br \/>\nConfirme se a pe\u00e7a \u00e9 correta para o seu modelo de ve\u00edculo.<br \/>\nPara pe\u00e7as automotivas, recomendamos a instala\u00e7\u00e3o por um profissional especializado.<br \/>\nCaso possua outras d\u00favidas, entre em contato.<\/p>\n","protected":false},"excerpt":{"rendered":"<h2>Pedal Acelerador Eletr\u00f4nico Cruze 1.8 Original GM &#8211; 6PV00976507<\/h2>\n","protected":false},"featured_media":44421,"template":"","meta":{"_seopress_robots_primary_cat":"none","_seopress_titles_title":"","_seopress_titles_desc":"","_seopress_robots_index":"","_joinchat":[]},"product_cat":[24,353],"product_tag":[1617],"berocket_brand":[381],"_links":{"self":[{"href":"https:\/\/www.casadainjecao.com.br\/loja\/wp-json\/wp\/v2\/product\/44417"}],"collection":[{"href":"https:\/\/www.casadainjecao.com.br\/loja\/wp-json\/wp\/v2\/product"}],"about":[{"href":"https:\/\/www.casadainjecao.com.br\/loja\/wp-json\/wp\/v2\/types\/product"}],"wp:featuredmedia":[{"embeddable":true,"href":"https:\/\/www.casadainjecao.com.br\/loja\/wp-json\/wp\/v2\/media\/44421"}],"wp:attachment":[{"href":"https:\/\/www.casadainjecao.com.br\/loja\/wp-json\/wp\/v2\/media?parent=44417"}],"wp:term":[{"taxonomy":"product_cat","embeddable":true,"href":"https:\/\/www.casadainjecao.com.br\/loja\/wp-json\/wp\/v2\/product_cat?post=44417"},{"taxonomy":"product_tag","embeddable":true,"href":"https:\/\/www.casadainjecao.com.br\/loja\/wp-json\/wp\/v2\/product_tag?post=44417"},{"taxonomy":"berocket_brand","embeddable":true,"href":"https:\/\/www.casadainjecao.com.br\/loja\/wp-json\/wp\/v2\/berocket_brand?post=44417"}],"curies":[{"name":"wp","href":"https:\/\/api.w.org\/{rel}","templated":true}]}}