{"id":449,"date":"2020-07-29T22:52:05","date_gmt":"2020-07-30T01:52:05","guid":{"rendered":"http:\/\/casadainjecao.com.br\/loja\/?post_type=product&#038;p=449"},"modified":"2026-05-10T14:55:30","modified_gmt":"2026-05-10T17:55:30","slug":"motor-trava-eletrica-original-renault-clio-fc280sc-18180","status":"publish","type":"product","link":"https:\/\/www.casadainjecao.com.br\/loja\/autopecas\/eletrica\/trava-eletrica\/motor-trava-eletrica-original-renault-clio-fc280sc-18180\/","title":{"rendered":"Motor Trava Eletrica Original Renault Clio &#8211; fc280sc-1"},"content":{"rendered":"<h1>Motor Trava Eletrica Original Renault<\/h1>\n<h3>Renault Clio<\/h3>\n<h3>C\u00f3digo de Refer\u00eancia:<\/h3>\n<h3>fc280sc-18180, VN352604<\/h3>\n<h5>Condi\u00e7\u00f5es:<\/h5>\n<h5>Produto Novo Original \/ Marca Renualt<\/h5>\n<h5>Garantia:<\/h5>\n<h5>3 meses<\/h5>\n<h5><strong>ATEN\u00c7\u00c3O: Antes de efetuar a compra verifique o c\u00f3digo da sua pe\u00e7a que est\u00e1 instalado no seu ve\u00edculo.<\/strong><\/h5>\n<h5>A Casa da Inje\u00e7\u00e3o oferece total garantia nos produtos comprados em nosso site.<\/h5>\n<h5>Cada item \u00e9 rigorosamente testado antes do envio<\/h5>\n<h5>Se os itens estiverem danificados ou parcialmente defeituosos, entre em contato conosco.<\/h5>\n<h5>Procure um profissional devidamente licenciado para a instala\u00e7\u00e3o e fa\u00e7a revis\u00f5es periodicamente. A empresa n\u00e3o se responsabiliza por problemas oriundos da m\u00e1 instala\u00e7\u00e3o ou com a falta de cuidados peri\u00f3dicos dos componentes.<\/h5>\n<h5>Se houver qualquer defeito, n\u00f3s lhe enviaremos uma substitui\u00e7\u00e3o ap\u00f3s receber o pacote ou devolvemos seu dinheiro.<\/h5>\n<h5>Leia nossa\u00a0<a href=\"https:\/\/www.casadainjecao.com.br\/loja\/politica-de-devolucao\">pol\u00edtica de devolu\u00e7\u00e3o aqui<\/a><\/h5>\n<h5>\u2014\u2014\u2014\u2014\u2014\u2014\u2014\u2014\u2014\u2014\u2014\u2014\u2014\u2014\u2014\u2014\u2014\u2014\u2014\u2013<\/h5>\n<h5><strong>Tem alguma d\u00favida?<\/strong><\/h5>\n<h5>Entre em contato que podemos ajudar!<\/h5>\n<h5>Confira as informa\u00e7\u00f5es adicionais abaixo:<\/h5>\n<h5>Todos os nossos produtos s\u00e3o novos, semi-novos, originais e paralelos possuem garantia.<\/h5>\n<h5>Todos os produtos anunciados est\u00e3o dispon\u00edveis em estoque e s\u00e3o enviados com extrema rapidez.<\/h5>\n<h5>O frete pode ser simulado antes de efetuar a compra, basta clicar em \u201cver custos de envio\u201d.<\/h5>\n<h5>Verifique o endere\u00e7o de entrega cadastrado e atualize caso necess\u00e1rio.<\/h5>\n<h5>Confirme se a pe\u00e7a \u00e9 correta para o seu modelo de ve\u00edculo.<\/h5>\n<h5>Para pe\u00e7as automotivas, recomendamos a instala\u00e7\u00e3o por um profissional especializado.<\/h5>\n<h5>Caso possua outras d\u00favidas, entre em contato.<\/h5>\n","protected":false},"excerpt":{"rendered":"<h2>Motor Trava Eletrica Original Renault Clio &#8211; fc280sc-18180<\/h2>\n<h2><\/h2>\n","protected":false},"featured_media":43888,"template":"","meta":{"_seopress_robots_primary_cat":"none","_seopress_titles_title":"","_seopress_titles_desc":"","_seopress_robots_index":"","_seopress_analysis_target_kw":"","_kad_blocks_custom_css":"","_kad_blocks_head_custom_js":"","_kad_blocks_body_custom_js":"","_kad_blocks_footer_custom_js":"","_kadence_starter_templates_imported_post":false,"_joinchat":[]},"product_brand":[],"product_cat":[17,158],"product_tag":[49],"berocket_brand":[394],"class_list":{"0":"post-449","1":"product","2":"type-product","3":"status-publish","4":"has-post-thumbnail","6":"product_cat-eletrica","7":"product_cat-trava-eletrica","8":"product_tag-clio","9":"berocket_brand-renault","10":"thunk-woo-product-list","11":"big-store-woo-hover-zoom","12":"open-single-product-tab-horizontal","13":"open-shadow-","14":"open-shadow-hover-","16":"first","17":"instock","18":"taxable","19":"shipping-taxable","20":"purchasable","21":"product-type-simple"},"taxonomy_info":{"product_cat":[{"value":17,"label":"El\u00e9trica"},{"value":158,"label":"Trava El\u00e9trica"}],"product_tag":[{"value":49,"label":"Clio"}],"berocket_brand":[{"value":394,"label":"Renault"}]},"featured_image_src_large":["https:\/\/www.casadainjecao.com.br\/loja\/wp-content\/uploads\/2025\/08\/fc280sc-18180-920x920.jpg",640,640,true],"author_info":[],"comment_info":"","_links":{"self":[{"href":"https:\/\/www.casadainjecao.com.br\/loja\/wp-json\/wp\/v2\/product\/449","targetHints":{"allow":["GET"]}}],"collection":[{"href":"https:\/\/www.casadainjecao.com.br\/loja\/wp-json\/wp\/v2\/product"}],"about":[{"href":"https:\/\/www.casadainjecao.com.br\/loja\/wp-json\/wp\/v2\/types\/product"}],"wp:featuredmedia":[{"embeddable":true,"href":"https:\/\/www.casadainjecao.com.br\/loja\/wp-json\/wp\/v2\/media\/43888"}],"wp:attachment":[{"href":"https:\/\/www.casadainjecao.com.br\/loja\/wp-json\/wp\/v2\/media?parent=449"}],"wp:term":[{"taxonomy":"product_brand","embeddable":true,"href":"https:\/\/www.casadainjecao.com.br\/loja\/wp-json\/wp\/v2\/product_brand?post=449"},{"taxonomy":"product_cat","embeddable":true,"href":"https:\/\/www.casadainjecao.com.br\/loja\/wp-json\/wp\/v2\/product_cat?post=449"},{"taxonomy":"product_tag","embeddable":true,"href":"https:\/\/www.casadainjecao.com.br\/loja\/wp-json\/wp\/v2\/product_tag?post=449"},{"taxonomy":"berocket_brand","embeddable":true,"href":"https:\/\/www.casadainjecao.com.br\/loja\/wp-json\/wp\/v2\/berocket_brand?post=449"}],"curies":[{"name":"wp","href":"https:\/\/api.w.org\/{rel}","templated":true}]}}