{"id":45196,"date":"2026-04-29T16:59:55","date_gmt":"2026-04-29T19:59:55","guid":{"rendered":"https:\/\/www.casadainjecao.com.br\/loja\/autopecas\/sem%20categoria\/kit-4-bicos-injetores-fiat-linea-pajero-1-9-16v-flex-iwp005-50104602\/"},"modified":"2026-04-29T17:01:00","modified_gmt":"2026-04-29T20:01:00","slug":"kit-4-bicos-injetores-fiat-linea-pajero-1-9-16v-flex-iwp005-50104602","status":"publish","type":"product","link":"https:\/\/www.casadainjecao.com.br\/loja\/autopecas\/injecao-eletronica\/kit-4-bicos-injetores-fiat-linea-pajero-1-9-16v-flex-iwp005-50104602\/","title":{"rendered":"KIT 4 BICOS INJETORES FIAT LINEA PAJERO 1.9 16V FLEX IWP005 "},"content":{"rendered":"<h2>Torken do Brasil Refer\u00eancia em qualidade e Confian\u00e7a em Pe\u00e7as Automotivas.<\/h2>\n<h2>4 BICOS INJETORES<\/h2>\n<p>Aplica\u00e7\u00e3o:<\/p>\n<p>FIAT<\/p>\n<p>L\u00cdNEA 1.9 16V FLEX (2009 2010 2011)<\/p>\n<p>&nbsp;<\/p>\n<p>MITSUBISHI<\/p>\n<p>PAJERO FULL 3.5 V6 MPI GASOLINA (2008 2009 2010 2011 2012 2013 2014 2015 2016 2017 2018 2019 2020)<\/p>\n<p>&nbsp;<\/p>\n<p>C\u00d3DIGO DE REFER\u00caNCIA: IWP005 \/ 50104602<\/p>\n<p>&nbsp;<\/p>\n<p>NOVO IMPORTADO \/ MARCA TORKEN<\/p>\n<p>&nbsp;<\/p>\n<p>GARANTIA: 3 MESES<\/p>\n<p>&nbsp;<\/p>\n<h3>ATEN\u00c7\u00c3O:<br \/>\nAntes de efetuar a compra, verifique se o c\u00f3digo da pe\u00e7a instalada em seu ve\u00edculo \u00e9 compat\u00edvel com este produto.<\/h3>\n<p>A Casa da Inje\u00e7\u00e3o oferece total garantia nos produtos comprados em nosso site.<\/p>\n<p>Cada item \u00e9 rigorosamente testado antes do envio<br \/>\nSe os itens estiverem danificados ou parcialmente defeituosos, entre em contato conosco.<br \/>\nSe houver qualquer defeito, n\u00f3s lhe enviaremos uma substitui\u00e7\u00e3o ap\u00f3s receber o pacote ou devolvemos seu dinheiro.<\/p>\n<p>Leia nossa\u00a0<a href=\"https:\/\/www.casadainjecao.com.br\/loja\/politica-de-devolucao\">pol\u00edtica de devolu\u00e7\u00e3o aqui<\/a><\/p>\n<p>\u2014\u2014\u2014\u2014\u2014\u2014\u2014\u2014\u2014\u2014\u2014\u2014\u2014\u2014\u2014\u2014\u2014\u2014\u2014\u2013<\/p>\n<p>Tem alguma d\u00favida?<\/p>\n<p>Entre em contato que podemos ajudar!<\/p>\n<p>Confira as informa\u00e7\u00f5es adicionais abaixo:<\/p>\n<p>Todos os nossos produtos s\u00e3o novos, semi-novos, originais e paralelos possuem garantia.<br \/>\nTodos os produtos anunciados est\u00e3o dispon\u00edveis em estoque e s\u00e3o enviados com extrema rapidez.<br \/>\nO frete pode ser simulado antes de efetuar a compra, basta clicar em \u201cver custos de envio\u201d.<br \/>\nVerifique o endere\u00e7o de entrega cadastrado e atualize caso necess\u00e1rio.<br \/>\nConfirme se a pe\u00e7a \u00e9 correta para o seu modelo de ve\u00edculo.<br \/>\nPara pe\u00e7as automotivas, recomendamos a instala\u00e7\u00e3o por um profissional especializado.<br \/>\nCaso possua outras d\u00favidas, entre em contato<\/p>\n","protected":false},"excerpt":{"rendered":"<h2 class=\"MsoNormal\">KIT 4 BICOS INJETORES FIAT LINEA PAJERO 1.9 16V FLEX IWP005 \/ 50104602<\/h2>\n","protected":false},"featured_media":45195,"template":"","meta":{"_seopress_robots_primary_cat":"none","_seopress_titles_title":"","_seopress_titles_desc":"","_seopress_robots_index":"","_joinchat":[]},"product_cat":[21],"product_tag":[],"berocket_brand":[383,391],"_links":{"self":[{"href":"https:\/\/www.casadainjecao.com.br\/loja\/wp-json\/wp\/v2\/product\/45196"}],"collection":[{"href":"https:\/\/www.casadainjecao.com.br\/loja\/wp-json\/wp\/v2\/product"}],"about":[{"href":"https:\/\/www.casadainjecao.com.br\/loja\/wp-json\/wp\/v2\/types\/product"}],"wp:featuredmedia":[{"embeddable":true,"href":"https:\/\/www.casadainjecao.com.br\/loja\/wp-json\/wp\/v2\/media\/45195"}],"wp:attachment":[{"href":"https:\/\/www.casadainjecao.com.br\/loja\/wp-json\/wp\/v2\/media?parent=45196"}],"wp:term":[{"taxonomy":"product_cat","embeddable":true,"href":"https:\/\/www.casadainjecao.com.br\/loja\/wp-json\/wp\/v2\/product_cat?post=45196"},{"taxonomy":"product_tag","embeddable":true,"href":"https:\/\/www.casadainjecao.com.br\/loja\/wp-json\/wp\/v2\/product_tag?post=45196"},{"taxonomy":"berocket_brand","embeddable":true,"href":"https:\/\/www.casadainjecao.com.br\/loja\/wp-json\/wp\/v2\/berocket_brand?post=45196"}],"curies":[{"name":"wp","href":"https:\/\/api.w.org\/{rel}","templated":true}]}}