{"id":45208,"date":"2026-04-30T13:19:48","date_gmt":"2026-04-30T16:19:48","guid":{"rendered":"https:\/\/www.casadainjecao.com.br\/loja\/autopecas\/sem%20categoria\/bico-injetor-gol-parati-quantum-santana-saveiro-iwp043\/"},"modified":"2026-04-30T16:18:26","modified_gmt":"2026-04-30T19:18:26","slug":"bico-injetor-gol-parati-quantum-santana-saveiro-iwp043","status":"publish","type":"product","link":"https:\/\/www.casadainjecao.com.br\/loja\/autopecas\/injecao-eletronica\/bico-injetor-gol-parati-quantum-santana-saveiro-iwp043\/","title":{"rendered":"BICO INJETOR GOL PARATI QUANTUM SANTANA SAVEIRO IWP043"},"content":{"rendered":"<p>Torken do Brasil Refer\u00eancia em qualidade e Confian\u00e7a em Pe\u00e7as Automotivas.<\/p>\n<p>\u00a0<\/p>\n<p>BICO INJETOR<\/p>\n<p>\u00a0<\/p>\n<p>Aplica\u00e7\u00e3o:<\/p>\n<p>\u00a0<\/p>\n<p>GOL 2.0 MPI \u00c1LCOOL 1997 1998 1999 2000 2001 2002 2003 2004 2005 2006 2007 2008 2009 2010 2011 2012 2013<\/p>\n<p>\u00a0<\/p>\n<p>PARATI 2.0 MPI \u00c1LCOOL 1997 1998 1999 2000 2001 2002 2003 2004 2005<\/p>\n<p>\u00a0<\/p>\n<p>QUANTUM 2.0 MPI \u00c1LCOOL 1997 1998 1999 2000 2001 2002<\/p>\n<p>\u00a0<\/p>\n<p>SANTANA 2.0 MPI \u00c1LCOOL 1997 1998 1999 2000 2001 2002 2003 2004 2005 2006<\/p>\n<p>\u00a0<\/p>\n<p>SAVEIRO 2.0 MPI \u00c1LCOOL 1997 1998 1999 2000 2001 2002 2001<\/p>\n<p>\u00a0<\/p>\n<p>C\u00d3DIGO DE REFER\u00caNCIA: IWP005 \/ 50104602<\/p>\n<p>\u00a0<\/p>\n<p>CONTEM : 4 furos<\/p>\n<p>\u00a0<\/p>\n<p>NOVO IMPORTADO \/ MARCA TORKEN<\/p>\n<p>\u00a0<\/p>\n<p>GARANTIA: 3 MESES<\/p>\n<p>\u00a0<\/p>\n<p>ATEN\u00c7\u00c3O:<\/p>\n<p>\u00a0<\/p>\n<p>Antes de efetuar a compra, verifique o c\u00f3digo do bico injetor que est\u00e1 instalado no seu ve\u00edculo. A pe\u00e7a ser\u00e1 compat\u00edvel somente se o c\u00f3digo do an\u00fancio for igual ao da pe\u00e7a do seu carro.<\/p>\n<p>\u00a0<\/p>\n<p>O que \u00e9 e para que serve o Bico Injetor?<\/p>\n<p>\u00a0<\/p>\n<p>\u00c9 uma pe\u00e7a essencial do sistema de inje\u00e7\u00e3o eletr\u00f4nica do ve\u00edculo. Ele tem a fun\u00e7\u00e3o de pulverizar o combust\u00edvel de forma precisa no coletor de admiss\u00e3o ou diretamente na c\u00e2mara de combust\u00e3o do motor. Essa inje\u00e7\u00e3o acontece em pequenas e controladas quantidades, comandadas eletronicamente pela central do ve\u00edculo<\/p>\n<p>\u00a0<\/p>\n<p>Esse processo garante uma queima mais eficiente do combust\u00edvel, proporcionando melhor desempenho do motor, maior economia de combust\u00edvel e redu\u00e7\u00e3o na emiss\u00e3o de poluentes<\/p>\n<p>\u00a0<\/p>\n<p>Importante:<\/p>\n<p>\u00a0<\/p>\n<p>Verifique sempre o c\u00f3digo da pe\u00e7a antes de realizar a compra para garantir total compatibilidade.<\/p>\n<p>\u00a0<\/p>\n<p>Garantia do vendedor: 3 meses<\/p>\n","protected":false},"excerpt":{"rendered":"<p>Torken do Brasil Refer\u00eancia em qualidade e Confian\u00e7a em Pe\u00e7as Automotivas. \u00a0 BICO INJETOR \u00a0 Aplica\u00e7\u00e3o: \u00a0 GOL 2.0 MPI \u00c1LCOOL 1997 1998 1999 2000 2001 2002 2003 2004 2005 2006 2007 2008 2009 2010 2011 2012 2013 \u00a0 PARATI 2.0 MPI \u00c1LCOOL 1997 1998 1999 2000 2001 2002 2003 2004 2005 \u00a0 QUANTUM 2.0 &hellip;<\/p>\n<p class=\"read-more\"> <a class=\" thunk-readmore button \" href=\"https:\/\/www.casadainjecao.com.br\/loja\/autopecas\/injecao-eletronica\/bico-injetor-gol-parati-quantum-santana-saveiro-iwp043\/\"> <span class=\"screen-reader-text\">BICO INJETOR GOL PARATI QUANTUM SANTANA SAVEIRO IWP043<\/span>Read More<\/a><\/p>\n","protected":false},"featured_media":45207,"template":"","meta":{"_seopress_robots_primary_cat":"none","_seopress_titles_title":"","_seopress_titles_desc":"","_seopress_robots_index":"","_joinchat":[]},"product_cat":[21],"product_tag":[],"berocket_brand":[396],"_links":{"self":[{"href":"https:\/\/www.casadainjecao.com.br\/loja\/wp-json\/wp\/v2\/product\/45208"}],"collection":[{"href":"https:\/\/www.casadainjecao.com.br\/loja\/wp-json\/wp\/v2\/product"}],"about":[{"href":"https:\/\/www.casadainjecao.com.br\/loja\/wp-json\/wp\/v2\/types\/product"}],"wp:featuredmedia":[{"embeddable":true,"href":"https:\/\/www.casadainjecao.com.br\/loja\/wp-json\/wp\/v2\/media\/45207"}],"wp:attachment":[{"href":"https:\/\/www.casadainjecao.com.br\/loja\/wp-json\/wp\/v2\/media?parent=45208"}],"wp:term":[{"taxonomy":"product_cat","embeddable":true,"href":"https:\/\/www.casadainjecao.com.br\/loja\/wp-json\/wp\/v2\/product_cat?post=45208"},{"taxonomy":"product_tag","embeddable":true,"href":"https:\/\/www.casadainjecao.com.br\/loja\/wp-json\/wp\/v2\/product_tag?post=45208"},{"taxonomy":"berocket_brand","embeddable":true,"href":"https:\/\/www.casadainjecao.com.br\/loja\/wp-json\/wp\/v2\/berocket_brand?post=45208"}],"curies":[{"name":"wp","href":"https:\/\/api.w.org\/{rel}","templated":true}]}}