{"id":45215,"date":"2026-04-30T13:25:19","date_gmt":"2026-04-30T16:25:19","guid":{"rendered":"https:\/\/www.casadainjecao.com.br\/loja\/autopecas\/sem%20categoria\/kit-4-bicos-injetores-gol-parati-quantum-santana-saveiro-iwp043\/"},"modified":"2026-04-30T13:30:11","modified_gmt":"2026-04-30T16:30:11","slug":"kit-4-bicos-injetores-gol-parati-quantum-santana-saveiro-iwp043","status":"publish","type":"product","link":"https:\/\/www.casadainjecao.com.br\/loja\/autopecas\/injecao-eletronica\/kit-4-bicos-injetores-gol-parati-quantum-santana-saveiro-iwp043\/","title":{"rendered":"KIT 4 BICOS INJETORES GOL PARATI QUANTUM SANTANA SAVEIRO IWP"},"content":{"rendered":"<h2>Torken do Brasil Refer\u00eancia em qualidade e Confian\u00e7a em Pe\u00e7as Automotivas.<\/h2>\n<h2>BICO INJETOR<\/h2>\n<p>KIT 4 BICOS INJETORES<\/p>\n<p>&nbsp;<\/p>\n<p>Aplica\u00e7\u00e3o:<\/p>\n<p>&nbsp;<\/p>\n<p>GOL 2.0 MPI \u00c1LCOOL 1997 1998 1999 2000 2001 2002 2003 2004 2005 2006 2007 2008 2009 2010 2011 2012 2013<\/p>\n<p>&nbsp;<\/p>\n<p>PARATI 2.0 MPI \u00c1LCOOL 1997 1998 1999 2000 2001 2002 2003 2004 2005<\/p>\n<p>&nbsp;<\/p>\n<p>QUANTUM 2.0 MPI \u00c1LCOOL 1997 1998 1999 2000 2001 2002<\/p>\n<p>&nbsp;<\/p>\n<p>SANTANA 2.0 MPI \u00c1LCOOL 1997 1998 1999 2000 2001 2002 2003 2004 2005 2006<\/p>\n<p>&nbsp;<\/p>\n<p>SAVEIRO 2.0 MPI \u00c1LCOOL 1997 1998 1999 2000 2001 2002 2001<\/p>\n<p>&nbsp;<\/p>\n<p>C\u00d3DIGO DE REFER\u00caNCIA: IWP005 \/ 50104602<\/p>\n<p>&nbsp;<\/p>\n<p>CONTEM : 4 furos<\/p>\n<p>&nbsp;<\/p>\n<p>NOVO IMPORTADO \/ MARCA TORKEN<\/p>\n<p>&nbsp;<\/p>\n<p>GARANTIA: 3 MESES<\/p>\n<p>&nbsp;<\/p>\n<p>ATEN\u00c7\u00c3O:<\/p>\n<p>&nbsp;<\/p>\n<p>Antes de efetuar a compra, verifique o c\u00f3digo do bico injetor que est\u00e1 instalado no seu ve\u00edculo. A pe\u00e7a ser\u00e1 compat\u00edvel somente se o c\u00f3digo do an\u00fancio for igual ao da pe\u00e7a do seu carro.<\/p>\n<p>O que \u00e9 e para que serve o Bico Injetor?<\/p>\n<p>\u00c9 uma pe\u00e7a essencial do sistema de inje\u00e7\u00e3o eletr\u00f4nica do ve\u00edculo. Ele tem a fun\u00e7\u00e3o de pulverizar o combust\u00edvel de forma precisa no coletor de admiss\u00e3o ou diretamente na c\u00e2mara de combust\u00e3o do motor. Essa inje\u00e7\u00e3o acontece em pequenas e controladas quantidades, comandadas eletronicamente pela central do ve\u00edculo<\/p>\n<p>Esse processo garante uma queima mais eficiente do combust\u00edvel, proporcionando melhor desempenho do motor, maior economia de combust\u00edvel e redu\u00e7\u00e3o na emiss\u00e3o de poluentes<\/p>\n<p>Importante:<\/p>\n<p>Verifique sempre o c\u00f3digo da pe\u00e7a antes de realizar a compra para garantir total compatibilidade.<\/p>\n<p>Garantia do vendedor: 3 meses<\/p>\n<p>&nbsp;<\/p>\n<h3>ATEN\u00c7\u00c3O:<br \/>\nAntes de efetuar a compra, verifique se o c\u00f3digo da pe\u00e7a instalada em seu ve\u00edculo \u00e9 compat\u00edvel com este produto.<\/h3>\n<p>A Casa da Inje\u00e7\u00e3o oferece total garantia nos produtos comprados em nosso site.<\/p>\n<p>Cada item \u00e9 rigorosamente testado antes do envio<br \/>\nSe os itens estiverem danificados ou parcialmente defeituosos, entre em contato conosco.<br \/>\nSe houver qualquer defeito, n\u00f3s lhe enviaremos uma substitui\u00e7\u00e3o ap\u00f3s receber o pacote ou devolvemos seu dinheiro.<\/p>\n<p>Leia nossa\u00a0<a href=\"https:\/\/www.casadainjecao.com.br\/loja\/politica-de-devolucao\">pol\u00edtica de devolu\u00e7\u00e3o aqui<\/a><\/p>\n<p>\u2014\u2014\u2014\u2014\u2014\u2014\u2014\u2014\u2014\u2014\u2014\u2014\u2014\u2014\u2014\u2014\u2014\u2014\u2014\u2013<\/p>\n<p>Tem alguma d\u00favida?<\/p>\n<p>Entre em contato que podemos ajudar!<\/p>\n<p>Confira as informa\u00e7\u00f5es adicionais abaixo:<\/p>\n<p>Todos os nossos produtos s\u00e3o novos, semi-novos, originais e paralelos possuem garantia.<br \/>\nTodos os produtos anunciados est\u00e3o dispon\u00edveis em estoque e s\u00e3o enviados com extrema rapidez.<br \/>\nO frete pode ser simulado antes de efetuar a compra, basta clicar em \u201cver custos de envio\u201d.<br \/>\nVerifique o endere\u00e7o de entrega cadastrado e atualize caso necess\u00e1rio.<br \/>\nConfirme se a pe\u00e7a \u00e9 correta para o seu modelo de ve\u00edculo.<br \/>\nPara pe\u00e7as automotivas, recomendamos a instala\u00e7\u00e3o por um profissional especializado.<br \/>\nCaso possua outras d\u00favidas, entre em contato<\/p>\n","protected":false},"excerpt":{"rendered":"<p>Torken do Brasil Refer\u00eancia em qualidade e Confian\u00e7a em Pe\u00e7as Automotivas. BICO INJETOR KIT 4 BICOS INJETORES &nbsp; Aplica\u00e7\u00e3o: &nbsp; GOL 2.0 MPI \u00c1LCOOL 1997 1998 1999 2000 2001 2002 2003 2004 2005 2006 2007 2008 2009 2010 2011 2012 2013 &nbsp; PARATI 2.0 MPI \u00c1LCOOL 1997 1998 1999 2000 2001 2002 2003 2004 2005 &hellip;<\/p>\n<p class=\"read-more\"> <a class=\" thunk-readmore button \" href=\"https:\/\/www.casadainjecao.com.br\/loja\/autopecas\/injecao-eletronica\/kit-4-bicos-injetores-gol-parati-quantum-santana-saveiro-iwp043\/\"> <span class=\"screen-reader-text\">KIT 4 BICOS INJETORES GOL PARATI QUANTUM SANTANA SAVEIRO IWP<\/span>Read More<\/a><\/p>\n","protected":false},"featured_media":45214,"template":"","meta":{"_seopress_robots_primary_cat":"none","_seopress_titles_title":"","_seopress_titles_desc":"","_seopress_robots_index":"","_joinchat":[]},"product_cat":[21],"product_tag":[],"berocket_brand":[396],"_links":{"self":[{"href":"https:\/\/www.casadainjecao.com.br\/loja\/wp-json\/wp\/v2\/product\/45215"}],"collection":[{"href":"https:\/\/www.casadainjecao.com.br\/loja\/wp-json\/wp\/v2\/product"}],"about":[{"href":"https:\/\/www.casadainjecao.com.br\/loja\/wp-json\/wp\/v2\/types\/product"}],"wp:featuredmedia":[{"embeddable":true,"href":"https:\/\/www.casadainjecao.com.br\/loja\/wp-json\/wp\/v2\/media\/45214"}],"wp:attachment":[{"href":"https:\/\/www.casadainjecao.com.br\/loja\/wp-json\/wp\/v2\/media?parent=45215"}],"wp:term":[{"taxonomy":"product_cat","embeddable":true,"href":"https:\/\/www.casadainjecao.com.br\/loja\/wp-json\/wp\/v2\/product_cat?post=45215"},{"taxonomy":"product_tag","embeddable":true,"href":"https:\/\/www.casadainjecao.com.br\/loja\/wp-json\/wp\/v2\/product_tag?post=45215"},{"taxonomy":"berocket_brand","embeddable":true,"href":"https:\/\/www.casadainjecao.com.br\/loja\/wp-json\/wp\/v2\/berocket_brand?post=45215"}],"curies":[{"name":"wp","href":"https:\/\/api.w.org\/{rel}","templated":true}]}}