{"id":45230,"date":"2026-04-30T16:18:38","date_gmt":"2026-04-30T19:18:38","guid":{"rendered":"https:\/\/www.casadainjecao.com.br\/loja\/autopecas\/sem%20categoria\/bico-injetor-palio-fire-weekend-siena-strada-iwp131\/"},"modified":"2026-04-30T16:24:01","modified_gmt":"2026-04-30T19:24:01","slug":"bico-injetor-palio-fire-weekend-siena-strada-iwp131","status":"publish","type":"product","link":"https:\/\/www.casadainjecao.com.br\/loja\/autopecas\/injecao-eletronica\/bico-injetor-palio-fire-weekend-siena-strada-iwp131\/","title":{"rendered":"Bico Injetor P\u00e1lio Fire Weekend Siena Strada Iwp131"},"content":{"rendered":"<h2>BICO INJETOR<\/h2>\n<p>BICO INJETOR ( 1 UNIDADE )<\/p>\n<p>&nbsp;<\/p>\n<p>Aplica\u00e7\u00e3o:<\/p>\n<p>&nbsp;<\/p>\n<p>FIAT<\/p>\n<p>&nbsp;<\/p>\n<p>P\u00c1LIO FIRE 1.3 8V FLEX 2003 2004 2005<\/p>\n<p>&nbsp;<\/p>\n<p>P\u00c1LIO WEEKEND 1.3 8V FLEX 2003 2004 2005<\/p>\n<p>&nbsp;<\/p>\n<p>SIENA 1.3 8V FLEX 2003 2004 2005<\/p>\n<p>&nbsp;<\/p>\n<p>STRADA 1.3 8V FLEX 2003 2004 2005 2006 2007 208 2009 2010 2011 2012 2013 2014 2015 2016 2017 2018 2019 2020 2021 2022 2023 2024 2025<\/p>\n<p>&nbsp;<\/p>\n<p>OEM: IWP131 \/ 50102902<\/p>\n<p>&nbsp;<\/p>\n<p>CONTEM : 4 furos<\/p>\n<p>&nbsp;<\/p>\n<p>NOVO IMPORTADO \/ MARCA TORKEN<\/p>\n<p>&nbsp;<\/p>\n<p>GARANTIA: 3 MESES<\/p>\n<p>&nbsp;<\/p>\n<p>ATEN\u00c7\u00c3O:<\/p>\n<p>&nbsp;<\/p>\n<p>Antes de efetuar a compra, verifique o c\u00f3digo do bico injetor que est\u00e1 instalado no seu ve\u00edculo. A pe\u00e7a ser\u00e1 compat\u00edvel somente se o c\u00f3digo do an\u00fancio for igual ao da pe\u00e7a do seu carro.<\/p>\n<p>O que \u00e9 e para que serve o Bico Injetor?<\/p>\n<p>\u00c9 uma pe\u00e7a essencial do sistema de inje\u00e7\u00e3o eletr\u00f4nica do ve\u00edculo. Ele tem a fun\u00e7\u00e3o de pulverizar o combust\u00edvel de forma precisa no coletor de admiss\u00e3o ou diretamente na c\u00e2mara de combust\u00e3o do motor. Essa inje\u00e7\u00e3o acontece em pequenas e controladas quantidades, comandadas eletronicamente pela central do ve\u00edculo<\/p>\n<p>Esse processo garante uma queima mais eficiente do combust\u00edvel, proporcionando melhor desempenho do motor, maior economia de combust\u00edvel e redu\u00e7\u00e3o na emiss\u00e3o de poluentes<\/p>\n<p>Importante:<\/p>\n<p>Verifique sempre o c\u00f3digo da pe\u00e7a antes de realizar a compra para garantir total compatibilidade.<\/p>\n<p>Garantia do vendedor: 3 meses<\/p>\n<p>&nbsp;<\/p>\n<h3>ATEN\u00c7\u00c3O:<br \/>\nAntes de efetuar a compra, verifique se o c\u00f3digo da pe\u00e7a instalada em seu ve\u00edculo \u00e9 compat\u00edvel com este produto.<\/h3>\n<p>A Casa da Inje\u00e7\u00e3o oferece total garantia nos produtos comprados em nosso site.<\/p>\n<p>Cada item \u00e9 rigorosamente testado antes do envio<br \/>\nSe os itens estiverem danificados ou parcialmente defeituosos, entre em contato conosco.<br \/>\nSe houver qualquer defeito, n\u00f3s lhe enviaremos uma substitui\u00e7\u00e3o ap\u00f3s receber o pacote ou devolvemos seu dinheiro.<\/p>\n<p>Leia nossa\u00a0<a href=\"https:\/\/www.casadainjecao.com.br\/loja\/politica-de-devolucao\">pol\u00edtica de devolu\u00e7\u00e3o aqui<\/a><\/p>\n<p>\u2014\u2014\u2014\u2014\u2014\u2014\u2014\u2014\u2014\u2014\u2014\u2014\u2014\u2014\u2014\u2014\u2014\u2014\u2014\u2013<\/p>\n<p>Tem alguma d\u00favida?<\/p>\n<p>Entre em contato que podemos ajudar!<\/p>\n<p>Confira as informa\u00e7\u00f5es adicionais abaixo:<\/p>\n<p>Todos os nossos produtos s\u00e3o novos, semi-novos, originais e paralelos possuem garantia.<br \/>\nTodos os produtos anunciados est\u00e3o dispon\u00edveis em estoque e s\u00e3o enviados com extrema rapidez.<br \/>\nO frete pode ser simulado antes de efetuar a compra, basta clicar em \u201cver custos de envio\u201d.<br \/>\nVerifique o endere\u00e7o de entrega cadastrado e atualize caso necess\u00e1rio.<br \/>\nConfirme se a pe\u00e7a \u00e9 correta para o seu modelo de ve\u00edculo.<br \/>\nPara pe\u00e7as automotivas, recomendamos a instala\u00e7\u00e3o por um profissional especializado.<br \/>\nCaso possua outras d\u00favidas, entre em contato<\/p>\n","protected":false},"excerpt":{"rendered":"<h2>Torken do Brasil Refer\u00eancia em qualidade e Confian\u00e7a em Pe\u00e7as Automotivas.<\/h2>\n","protected":false},"featured_media":45229,"template":"","meta":{"_seopress_robots_primary_cat":"none","_seopress_titles_title":"","_seopress_titles_desc":"","_seopress_robots_index":"","_joinchat":[]},"product_cat":[21],"product_tag":[],"berocket_brand":[],"_links":{"self":[{"href":"https:\/\/www.casadainjecao.com.br\/loja\/wp-json\/wp\/v2\/product\/45230"}],"collection":[{"href":"https:\/\/www.casadainjecao.com.br\/loja\/wp-json\/wp\/v2\/product"}],"about":[{"href":"https:\/\/www.casadainjecao.com.br\/loja\/wp-json\/wp\/v2\/types\/product"}],"wp:featuredmedia":[{"embeddable":true,"href":"https:\/\/www.casadainjecao.com.br\/loja\/wp-json\/wp\/v2\/media\/45229"}],"wp:attachment":[{"href":"https:\/\/www.casadainjecao.com.br\/loja\/wp-json\/wp\/v2\/media?parent=45230"}],"wp:term":[{"taxonomy":"product_cat","embeddable":true,"href":"https:\/\/www.casadainjecao.com.br\/loja\/wp-json\/wp\/v2\/product_cat?post=45230"},{"taxonomy":"product_tag","embeddable":true,"href":"https:\/\/www.casadainjecao.com.br\/loja\/wp-json\/wp\/v2\/product_tag?post=45230"},{"taxonomy":"berocket_brand","embeddable":true,"href":"https:\/\/www.casadainjecao.com.br\/loja\/wp-json\/wp\/v2\/berocket_brand?post=45230"}],"curies":[{"name":"wp","href":"https:\/\/api.w.org\/{rel}","templated":true}]}}