{"id":45275,"date":"2026-05-05T14:14:04","date_gmt":"2026-05-05T17:14:04","guid":{"rendered":"https:\/\/www.casadainjecao.com.br\/loja\/autopecas\/sem%20categoria\/kit-4-bicos-injetores-palio-fire-weekend-siena-strada-iwp131\/"},"modified":"2026-05-05T15:22:35","modified_gmt":"2026-05-05T18:22:35","slug":"kit-4-bicos-injetores-palio-fire-weekend-siena-strada-iwp131","status":"publish","type":"product","link":"https:\/\/www.casadainjecao.com.br\/loja\/autopecas\/injecao-eletronica\/bico-injetor\/kit-4-bicos-injetores-palio-fire-weekend-siena-strada-iwp131\/","title":{"rendered":"KIT 4 BICOS INJETORES P\u00c1LIO FIRE WEEKEND SIENA STRADA IWP13"},"content":{"rendered":"<p>Torken do Brasil Refer\u00eancia em qualidade e Confian\u00e7a em Pe\u00e7as Automotivas.<\/p>\n<p>BICOS INJETORES ( 4 UNIDADE )<\/p>\n<p>COMPATIVEL:<\/p>\n<p><span style=\"font-family: Nunito, sans-serif;\">PALIO FIRE 1.3 8V FLEX 2003 2004 2005<\/span><\/p>\n<p><span style=\"font-family: Nunito, sans-serif;\">\u00a0<\/span><\/p>\n<p><span style=\"font-family: Nunito, sans-serif;\">PALIO WEEKEND 1.3 8V FLEX 2003 2004 2005<\/span><\/p>\n<p><span style=\"font-family: Nunito, sans-serif;\">\u00a0<\/span><\/p>\n<p><span style=\"font-family: Nunito, sans-serif;\">SIENA 1.3 8V FLEX 2003 2004 2005<\/span><\/p>\n<p><span style=\"font-family: Nunito, sans-serif;\">\u00a0<\/span><\/p>\n<p><span style=\"font-family: Nunito, sans-serif;\">STRADA 1.3 8V FLEX 2003 2004 2005<\/span><\/p>\n<p>OEM: IWP131 \/ 50102902<\/p>\n<p>CONTEM : 1 furos<\/p>\n<p>NOVO IMPORTADO \/ MARCA TORKEN<\/p>\n<p>GARANTIA: 3 MESES<\/p>\n<p>ATEN\u00c7\u00c3O:<\/p>\n<p>Antes de efetuar a compra, verifique o c\u00f3digo do bico injetor que est\u00e1 instalado no seu ve\u00edculo. A pe\u00e7a ser\u00e1 compat\u00edvel somente se o c\u00f3digo do an\u00fancio for igual ao da pe\u00e7a do seu carro.<\/p>\n<p>O que \u00e9 e para que serve o Bico Injetor?<\/p>\n<p>\u00c9 uma pe\u00e7a essencial do sistema de inje\u00e7\u00e3o eletr\u00f4nica do ve\u00edculo. Ele tem a fun\u00e7\u00e3o de pulverizar o combust\u00edvel de forma precisa no coletor de admiss\u00e3o ou diretamente na c\u00e2mara de combust\u00e3o do motor. Essa inje\u00e7\u00e3o acontece em pequenas e controladas quantidades, comandadas eletronicamente pela central do ve\u00edculo<\/p>\n<p>Esse processo garante uma queima mais eficiente do combust\u00edvel, proporcionando melhor desempenho do motor, maior economia de combust\u00edvel e redu\u00e7\u00e3o na emiss\u00e3o de poluentes<\/p>\n<p>Importante:<\/p>\n<p>Verifique sempre o c\u00f3digo da pe\u00e7a antes de realizar a compra para garantir total compatibilidade.<\/p>\n","protected":false},"excerpt":{"rendered":"<p>Torken do Brasil Refer\u00eancia em qualidade e Confian\u00e7a em Pe\u00e7as Automotivas. BICOS INJETORES ( 4 UNIDADE ) COMPATIVEL: PALIO FIRE 1.3 8V FLEX 2003 2004 2005 \u00a0 PALIO WEEKEND 1.3 8V FLEX 2003 2004 2005 \u00a0 SIENA 1.3 8V FLEX 2003 2004 2005 \u00a0 STRADA 1.3 8V FLEX 2003 2004 2005 OEM: IWP131 \/ 50102902 &hellip;<\/p>\n<p class=\"read-more\"> <a class=\" thunk-readmore button \" href=\"https:\/\/www.casadainjecao.com.br\/loja\/autopecas\/injecao-eletronica\/bico-injetor\/kit-4-bicos-injetores-palio-fire-weekend-siena-strada-iwp131\/\"> <span class=\"screen-reader-text\">KIT 4 BICOS INJETORES P\u00c1LIO FIRE WEEKEND SIENA STRADA IWP13<\/span>Read More<\/a><\/p>\n","protected":false},"featured_media":45274,"template":"","meta":{"_seopress_robots_primary_cat":"none","_seopress_titles_title":"","_seopress_titles_desc":"","_seopress_robots_index":"","_joinchat":[]},"product_cat":[256,21],"product_tag":[],"berocket_brand":[383],"_links":{"self":[{"href":"https:\/\/www.casadainjecao.com.br\/loja\/wp-json\/wp\/v2\/product\/45275"}],"collection":[{"href":"https:\/\/www.casadainjecao.com.br\/loja\/wp-json\/wp\/v2\/product"}],"about":[{"href":"https:\/\/www.casadainjecao.com.br\/loja\/wp-json\/wp\/v2\/types\/product"}],"wp:featuredmedia":[{"embeddable":true,"href":"https:\/\/www.casadainjecao.com.br\/loja\/wp-json\/wp\/v2\/media\/45274"}],"wp:attachment":[{"href":"https:\/\/www.casadainjecao.com.br\/loja\/wp-json\/wp\/v2\/media?parent=45275"}],"wp:term":[{"taxonomy":"product_cat","embeddable":true,"href":"https:\/\/www.casadainjecao.com.br\/loja\/wp-json\/wp\/v2\/product_cat?post=45275"},{"taxonomy":"product_tag","embeddable":true,"href":"https:\/\/www.casadainjecao.com.br\/loja\/wp-json\/wp\/v2\/product_tag?post=45275"},{"taxonomy":"berocket_brand","embeddable":true,"href":"https:\/\/www.casadainjecao.com.br\/loja\/wp-json\/wp\/v2\/berocket_brand?post=45275"}],"curies":[{"name":"wp","href":"https:\/\/api.w.org\/{rel}","templated":true}]}}