{"id":45370,"date":"2026-05-11T08:56:04","date_gmt":"2026-05-11T11:56:04","guid":{"rendered":"https:\/\/www.casadainjecao.com.br\/loja\/autopecas\/sem%20categoria\/kit-4-bicos-injetores-ka-fiesta-1-0-ano-2004-a-2012-iwp119\/"},"modified":"2026-05-11T09:00:07","modified_gmt":"2026-05-11T12:00:07","slug":"kit-4-bicos-injetores-ka-fiesta-1-0-ano-2004-a-2012-iwp119","status":"publish","type":"product","link":"https:\/\/www.casadainjecao.com.br\/loja\/autopecas\/injecao-eletronica\/kit-4-bicos-injetores-ka-fiesta-1-0-ano-2004-a-2012-iwp119\/","title":{"rendered":"Kit 4 Bicos Injetores Ka Fiesta 1.0 Ano 2004 A 2012 Iwp119"},"content":{"rendered":"<h2>Torken do Brasil Refer\u00eancia em qualidade e Confian\u00e7a em Pe\u00e7as Automotivas.<\/h2>\n<h2>BICO INJETOR<\/h2>\n<p>KIT BICOS INJETORES ( 4 unidade )<\/p>\n<p>Aplica\u00e7\u00e3o:<\/p>\n<p>COMPATIVEL COM MONTADORA: FORD<\/p>\n<p>KA 1.0 1.3 8V ZETEC ROCAM 2004 2005 2006 2007 2008 2009 2010 2011 2012<\/p>\n<p>FIESTA 1.0 1.3 8V ZETEC ROCAM 2004 2005 2006 2007 2008 2009 2010 2011 2012 2013 2014<\/p>\n<p>OEM: IWP119 \/ 50103202<\/p>\n<p>CONTEM : 3 furos<\/p>\n<p>NOVOS IMPORTADOS \/ MARCA TORKEN<\/p>\n<p>GARANTIA: 3 MESES<\/p>\n<p>&nbsp;<\/p>\n<h3>ATEN\u00c7\u00c3O:<br \/>\nAntes de efetuar a compra, verifique se o c\u00f3digo da pe\u00e7a instalada em seu ve\u00edculo \u00e9 compat\u00edvel com este produto.<\/h3>\n<p>A Casa da Inje\u00e7\u00e3o oferece total garantia nos produtos comprados em nosso site.<\/p>\n<p>Cada item \u00e9 rigorosamente testado antes do envio<br \/>\nSe os itens estiverem danificados ou parcialmente defeituosos, entre em contato conosco.<br \/>\nSe houver qualquer defeito, n\u00f3s lhe enviaremos uma substitui\u00e7\u00e3o ap\u00f3s receber o pacote ou devolvemos seu dinheiro.<\/p>\n<p>Leia nossa\u00a0<a href=\"https:\/\/www.casadainjecao.com.br\/loja\/politica-de-devolucao\">pol\u00edtica de devolu\u00e7\u00e3o aqui<\/a><\/p>\n<p>\u2014\u2014\u2014\u2014\u2014\u2014\u2014\u2014\u2014\u2014\u2014\u2014\u2014\u2014\u2014\u2014\u2014\u2014\u2014\u2013<\/p>\n<p>Tem alguma d\u00favida?<\/p>\n<p>Entre em contato que podemos ajudar!<\/p>\n<p>Confira as informa\u00e7\u00f5es adicionais abaixo:<\/p>\n<p>Todos os nossos produtos s\u00e3o novos, semi-novos, originais e paralelos possuem garantia.<br \/>\nTodos os produtos anunciados est\u00e3o dispon\u00edveis em estoque e s\u00e3o enviados com extrema rapidez.<br \/>\nO frete pode ser simulado antes de efetuar a compra, basta clicar em \u201cver custos de envio\u201d.<br \/>\nVerifique o endere\u00e7o de entrega cadastrado e atualize caso necess\u00e1rio.<br \/>\nConfirme se a pe\u00e7a \u00e9 correta para o seu modelo de ve\u00edculo.<br \/>\nPara pe\u00e7as automotivas, recomendamos a instala\u00e7\u00e3o por um profissional especializado.<br \/>\nCaso possua outras d\u00favidas, entre em contato<\/p>\n","protected":false},"excerpt":{"rendered":"<h2>BICO INJETOR KA FIESTA 1.0 ANO 2004 A 2012 IWP119<\/h2>\n","protected":false},"featured_media":45369,"template":"","meta":{"_seopress_robots_primary_cat":"none","_seopress_titles_title":"","_seopress_titles_desc":"","_seopress_robots_index":"","_kad_blocks_custom_css":"","_kad_blocks_head_custom_js":"","_kad_blocks_body_custom_js":"","_kad_blocks_footer_custom_js":"","_joinchat":[]},"product_cat":[21],"product_tag":[276,429],"berocket_brand":[384],"taxonomy_info":{"product_cat":[{"value":21,"label":"Inje\u00e7\u00e3o Eletr\u00f4nica"}],"product_tag":[{"value":276,"label":"Fiesta"},{"value":429,"label":"K\u00e1"}],"berocket_brand":[{"value":384,"label":"Ford"}]},"featured_image_src_large":["https:\/\/www.casadainjecao.com.br\/loja\/wp-content\/uploads\/2026\/05\/15534372491-iwp119-3-920x920.jpg",640,640,true],"author_info":[],"comment_info":"","_links":{"self":[{"href":"https:\/\/www.casadainjecao.com.br\/loja\/wp-json\/wp\/v2\/product\/45370"}],"collection":[{"href":"https:\/\/www.casadainjecao.com.br\/loja\/wp-json\/wp\/v2\/product"}],"about":[{"href":"https:\/\/www.casadainjecao.com.br\/loja\/wp-json\/wp\/v2\/types\/product"}],"wp:featuredmedia":[{"embeddable":true,"href":"https:\/\/www.casadainjecao.com.br\/loja\/wp-json\/wp\/v2\/media\/45369"}],"wp:attachment":[{"href":"https:\/\/www.casadainjecao.com.br\/loja\/wp-json\/wp\/v2\/media?parent=45370"}],"wp:term":[{"taxonomy":"product_cat","embeddable":true,"href":"https:\/\/www.casadainjecao.com.br\/loja\/wp-json\/wp\/v2\/product_cat?post=45370"},{"taxonomy":"product_tag","embeddable":true,"href":"https:\/\/www.casadainjecao.com.br\/loja\/wp-json\/wp\/v2\/product_tag?post=45370"},{"taxonomy":"berocket_brand","embeddable":true,"href":"https:\/\/www.casadainjecao.com.br\/loja\/wp-json\/wp\/v2\/berocket_brand?post=45370"}],"curies":[{"name":"wp","href":"https:\/\/api.w.org\/{rel}","templated":true}]}}