{"id":513,"date":"2020-07-30T00:50:12","date_gmt":"2020-07-30T03:50:12","guid":{"rendered":"http:\/\/casadainjecao.com.br\/loja\/?post_type=product&#038;p=513"},"modified":"2024-05-22T15:35:54","modified_gmt":"2024-05-22T18:35:54","slug":"cabo-freio-de-mao-renault-logan-8200215962","status":"publish","type":"product","link":"https:\/\/www.casadainjecao.com.br\/loja\/autopecas\/freios\/cabo-freio-de-mao\/cabo-freio-de-mao-renault-logan-8200215962\/","title":{"rendered":"Cabo Freio de M\u00e3o Renault Logan Sandero &#8211; 8200215962"},"content":{"rendered":"<h2>Cabo Freio de M\u00e3o (1675mm)<\/h2>\n<p><strong>RENAULT<\/strong><\/p>\n<p>Renault Logan<\/p>\n<p>Renault Sandero<\/p>\n<h4>C\u00f3digo de Refer\u00eancia:<\/h4>\n<p>8200215962<\/p>\n<p><strong>Condi\u00e7\u00f5es:<\/strong><\/p>\n<p>Novo Original \/ Marca Renault<\/p>\n<h4><strong>Garantia:<\/strong><\/h4>\n<p>3 Meses<strong>\u00a0<\/strong><\/p>\n<h3>ATEN\u00c7\u00c3O: Antes de efetuar a compra verifique o c\u00f3digo da sua pe\u00e7a que est\u00e1 instalada no seu ve\u00edculo.<\/h3>\n<h3><strong>APLICA\u00c7\u00c3O:<\/strong><\/h3>\n<p>Linha Renault<\/p>\n<h4><strong>\u00a0O que \u00e9 e para que serve o Cabo Freio de M\u00e3o?<\/strong><\/h4>\n<p>O Cabo do freio de m\u00e3o, tamb\u00e9m conhecido como cabo de freio de estacionamento, \u00e9 uma parte crucial do sistema de freio de um ve\u00edculo. Sua fun\u00e7\u00e3o principal \u00e9 controlar o mecanismo de freio de estacionamento, mantendo o ve\u00edculo im\u00f3vel quando estacionado em uma superf\u00edcie inclinada ou plana.<\/p>\n<p>&nbsp;<\/p>\n<p>A Casa da Inje\u00e7\u00e3o oferece total garantia nos produtos comprados em nosso site.<\/p>\n<ol>\n<li>Cada item \u00e9 rigorosamente testado antes do envio<\/li>\n<li>Se os itens estiverem danificados ou parcialmente defeituosos, entre em contato conosco.<\/li>\n<\/ol>\n<p>Se houver qualquer defeito, n\u00f3s lhe enviaremos uma substitui\u00e7\u00e3o ap\u00f3s receber o pacote ou devolvemos seu dinheiro.<\/p>\n<p>Leia nossa\u00a0<a href=\"https:\/\/www.casadainjecao.com.br\/loja\/politica-de-devolucao\">pol\u00edtica de devolu\u00e7\u00e3o aqui<\/a><\/p>\n<p>\u2014\u2014\u2014\u2014\u2014\u2014\u2014\u2014\u2014\u2014\u2014\u2014\u2014\u2014\u2014\u2014\u2014\u2014\u2014\u2013<\/p>\n<p><strong>Tem alguma d\u00favida?<\/strong><\/p>\n<p>Entre em contato que podemos ajudar!<\/p>\n<p>Confira as informa\u00e7\u00f5es adicionais abaixo:<\/p>\n<ul>\n<li>Todos os nossos produtos s\u00e3o novos, semi-novos, originais e paralelos possuem garantia.<\/li>\n<li>Todos os produtos anunciados est\u00e3o dispon\u00edveis em estoque e s\u00e3o enviados com extrema rapidez.<\/li>\n<li>O frete pode ser simulado antes de efetuar a compra, basta clicar em \u201cver custos de envio\u201d.<\/li>\n<li>Verifique o endere\u00e7o de entrega cadastrado e atualize caso necess\u00e1rio.<\/li>\n<li>Confirme se a pe\u00e7a \u00e9 correta para o seu modelo de ve\u00edculo.<\/li>\n<li>Para pe\u00e7as automotivas, recomendamos a instala\u00e7\u00e3o por um profissional especializado.<\/li>\n<\/ul>\n<p>Caso possua outras d\u00favidas, entre em contato.<\/p>\n","protected":false},"excerpt":{"rendered":"<h2>Cabo Freio de M\u00e3o Renault Logan Sandero &#8211; 8200215962<\/h2>\n<h2><\/h2>\n","protected":false},"featured_media":31618,"template":"","meta":{"_seopress_robots_primary_cat":"none","_seopress_titles_title":"","_seopress_titles_desc":"","_seopress_robots_index":"","_joinchat":[]},"product_cat":[172,20],"product_tag":[66,91],"berocket_brand":[394],"_links":{"self":[{"href":"https:\/\/www.casadainjecao.com.br\/loja\/wp-json\/wp\/v2\/product\/513"}],"collection":[{"href":"https:\/\/www.casadainjecao.com.br\/loja\/wp-json\/wp\/v2\/product"}],"about":[{"href":"https:\/\/www.casadainjecao.com.br\/loja\/wp-json\/wp\/v2\/types\/product"}],"wp:featuredmedia":[{"embeddable":true,"href":"https:\/\/www.casadainjecao.com.br\/loja\/wp-json\/wp\/v2\/media\/31618"}],"wp:attachment":[{"href":"https:\/\/www.casadainjecao.com.br\/loja\/wp-json\/wp\/v2\/media?parent=513"}],"wp:term":[{"taxonomy":"product_cat","embeddable":true,"href":"https:\/\/www.casadainjecao.com.br\/loja\/wp-json\/wp\/v2\/product_cat?post=513"},{"taxonomy":"product_tag","embeddable":true,"href":"https:\/\/www.casadainjecao.com.br\/loja\/wp-json\/wp\/v2\/product_tag?post=513"},{"taxonomy":"berocket_brand","embeddable":true,"href":"https:\/\/www.casadainjecao.com.br\/loja\/wp-json\/wp\/v2\/berocket_brand?post=513"}],"curies":[{"name":"wp","href":"https:\/\/api.w.org\/{rel}","templated":true}]}}