{"id":600,"date":"2020-07-30T03:09:57","date_gmt":"2020-07-30T06:09:57","guid":{"rendered":"http:\/\/casadainjecao.com.br\/loja\/?post_type=product&#038;p=600"},"modified":"2026-04-24T16:42:01","modified_gmt":"2026-04-24T19:42:01","slug":"jogo-de-aneis-renault-master-ii-7701207228","status":"publish","type":"product","link":"https:\/\/www.casadainjecao.com.br\/loja\/autopecas\/motor\/aneis\/jogo-de-aneis-renault-master-ii-7701207228\/","title":{"rendered":"Anel de Pist\u00e3o Motor STD Renault Master II &#8211; 2992034"},"content":{"rendered":"<h2>Jogo de An\u00e9is do Pist\u00e3o Motor STD<\/h2>\n<p>Renault Master II L1H1, L2H2, L3H2, CC L2H1, Bus L2H2, Furg\u00e3o 2.5 16v 2.8 8v (1997 a 2018)<\/p>\n<p>Fiat Ducato 2.8 8V Aspirada 1999A 2000<\/p>\n<p>Peugeout Boxer 2.8 8V Aspirada 1999A 2000<\/p>\n<p>Citroen Jumper\u00a0 2.8 8V Aspirada 1999A 2000<\/p>\n<h4>C\u00f3digo de Refer\u00eancia:<\/h4>\n<p>7701207228, 2992034,7702295514\/7702295515\/7701207229<\/p>\n<h4>Especifica\u00e7\u00f5es:<\/h4>\n<p>93mm (3,0&#215;2,0x2,5mm)<\/p>\n<p><strong>Condi\u00e7\u00f5es:<\/strong><\/p>\n<p>Novo Original \/ Marca Renault<\/p>\n<h4><strong>Garantia:<\/strong><\/h4>\n<p>3 Meses<strong>\u00a0<\/strong><\/p>\n<h3>ATEN\u00c7\u00c3O: Antes de efetuar a compra verifique o c\u00f3digo da sua pe\u00e7a que est\u00e1 instalada no seu ve\u00edculo.<\/h3>\n<h3><strong>APLICA\u00c7\u00c3O:<\/strong><\/h3>\n<p>Linha Renault<\/p>\n<h4><strong>O que \u00e9 e para que serve o Jogo de An\u00e9is?<\/strong><\/h4>\n<p>O Jogo de An\u00e9is geralmente se refere a um conjunto de an\u00e9is que s\u00e3o utilizados em motores de combust\u00e3o interna, mais especificamente nos pist\u00f5es. Esses an\u00e9is servem para para criar uma veda\u00e7\u00e3o eficaz entre o pist\u00e3o e o cilindro. Essa veda\u00e7\u00e3o \u00e9 crucial para garantir que a press\u00e3o dos gases resultantes da combust\u00e3o seja mantida dentro do cilindro, contribuindo para a efici\u00eancia do processo de combust\u00e3o e para o aumento da pot\u00eancia do motor.<\/p>\n<p>&nbsp;<\/p>\n<p>A Casa da Inje\u00e7\u00e3o oferece total garantia nos produtos comprados em nosso site.<\/p>\n<ol>\n<li>Cada item \u00e9 rigorosamente testado antes do envio<\/li>\n<li>Se os itens estiverem danificados ou parcialmente defeituosos, entre em contato conosco.<\/li>\n<\/ol>\n<p>Se houver qualquer defeito, n\u00f3s lhe enviaremos uma substitui\u00e7\u00e3o ap\u00f3s receber o pacote ou devolvemos seu dinheiro.<\/p>\n<p>Leia nossa\u00a0<span style=\"color: #ff0000;\"><a style=\"color: #ff0000;\" href=\"https:\/\/www.casadainjecao.com.br\/loja\/politica-de-devolucao\">pol\u00edtica de devolu\u00e7\u00e3o aqui<\/a><\/span><\/p>\n<p>\u2014\u2014\u2014\u2014\u2014\u2014\u2014\u2014\u2014\u2014\u2014\u2014\u2014\u2014\u2014\u2014\u2014\u2014\u2014\u2013<\/p>\n<p><strong>Tem alguma d\u00favida?<\/strong><\/p>\n<p>Entre em contato que podemos ajudar!<\/p>\n<p>Confira as informa\u00e7\u00f5es adicionais abaixo:<\/p>\n<ul>\n<li>Todos os nossos produtos s\u00e3o novos, semi-novos, originais e paralelos possuem garantia.<\/li>\n<li>Todos os produtos anunciados est\u00e3o dispon\u00edveis em estoque e s\u00e3o enviados com extrema rapidez.<\/li>\n<li>O frete pode ser simulado antes de efetuar a compra, basta clicar em \u201cver custos de envio\u201d.<\/li>\n<li>Verifique o endere\u00e7o de entrega cadastrado e atualize caso necess\u00e1rio.<\/li>\n<li>Confirme se a pe\u00e7a \u00e9 correta para o seu modelo de ve\u00edculo.<\/li>\n<li>Para pe\u00e7as automotivas, recomendamos a instala\u00e7\u00e3o por um profissional especializado.<\/li>\n<\/ul>\n<p>Caso possua outras d\u00favidas, entre em contato.<\/p>\n","protected":false},"excerpt":{"rendered":"<h2>Jogo de An\u00e9is de Segmento Motor STD Renault Master II &#8211; 7701207228<\/h2>\n<h2><\/h2>\n","protected":false},"featured_media":32182,"template":"","meta":{"_seopress_robots_primary_cat":"none","_seopress_titles_title":"","_seopress_titles_desc":"","_seopress_robots_index":"","_kadence_starter_templates_imported_post":false,"_joinchat":[]},"product_cat":[192,22,230],"product_tag":[193],"berocket_brand":[394],"class_list":{"0":"post-600","1":"product","2":"type-product","3":"status-publish","4":"has-post-thumbnail","6":"product_cat-aneis","7":"product_cat-motor","8":"product_cat-pistao","9":"product_tag-master-ii","10":"berocket_brand-renault","11":"thunk-woo-product-list","12":"big-store-woo-hover-zoom","13":"open-single-product-tab-horizontal","14":"open-shadow-","15":"open-shadow-hover-","17":"first","18":"instock","19":"taxable","20":"shipping-taxable","21":"purchasable","22":"product-type-simple"},"_links":{"self":[{"href":"https:\/\/www.casadainjecao.com.br\/loja\/wp-json\/wp\/v2\/product\/600","targetHints":{"allow":["GET"]}}],"collection":[{"href":"https:\/\/www.casadainjecao.com.br\/loja\/wp-json\/wp\/v2\/product"}],"about":[{"href":"https:\/\/www.casadainjecao.com.br\/loja\/wp-json\/wp\/v2\/types\/product"}],"wp:featuredmedia":[{"embeddable":true,"href":"https:\/\/www.casadainjecao.com.br\/loja\/wp-json\/wp\/v2\/media\/32182"}],"wp:attachment":[{"href":"https:\/\/www.casadainjecao.com.br\/loja\/wp-json\/wp\/v2\/media?parent=600"}],"wp:term":[{"taxonomy":"product_cat","embeddable":true,"href":"https:\/\/www.casadainjecao.com.br\/loja\/wp-json\/wp\/v2\/product_cat?post=600"},{"taxonomy":"product_tag","embeddable":true,"href":"https:\/\/www.casadainjecao.com.br\/loja\/wp-json\/wp\/v2\/product_tag?post=600"},{"taxonomy":"berocket_brand","embeddable":true,"href":"https:\/\/www.casadainjecao.com.br\/loja\/wp-json\/wp\/v2\/berocket_brand?post=600"}],"curies":[{"name":"wp","href":"https:\/\/api.w.org\/{rel}","templated":true}]}}