{"id":604,"date":"2020-07-30T03:16:30","date_gmt":"2020-07-30T06:16:30","guid":{"rendered":"http:\/\/casadainjecao.com.br\/loja\/?post_type=product&#038;p=604"},"modified":"2023-07-02T08:07:05","modified_gmt":"2023-07-02T11:07:05","slug":"kit-aneis-de-pistao-motor-prv-3-0l-v6-3-pecas-7701467677","status":"publish","type":"product","link":"https:\/\/www.casadainjecao.com.br\/loja\/autopecas\/motor\/aneis\/kit-aneis-de-pistao-motor-prv-3-0l-v6-3-pecas-7701467677\/","title":{"rendered":"Kit Aneis De Pist\u00e3o Renault Safrane Motor Prv 3.0l V6 3 Pe?"},"content":{"rendered":"<h1>Kit Aneis De Pist\u00e3o Renault Safrane Motor Prv 3.0l V6 3 Pe\u00e7as &#8211; 7701467677<\/h1>\n","protected":false},"excerpt":{"rendered":"<h2>Kit Aneis De Pist\u00e3o<br \/>\nRenault Safrane Motor Prv 3.0l V6 3 Pe\u00e7as<br \/>\nCodigo:- 7701467677 c=32<\/h2>\n","protected":false},"featured_media":1504,"template":"","meta":{"_seopress_robots_primary_cat":"none","_seopress_titles_title":"","_seopress_titles_desc":"","_seopress_robots_index":"","_seopress_analysis_target_kw":"","_kad_blocks_custom_css":"","_kad_blocks_head_custom_js":"","_kad_blocks_body_custom_js":"","_kad_blocks_footer_custom_js":"","_kadence_starter_templates_imported_post":false,"_joinchat":[]},"product_brand":[],"product_cat":[192,22],"product_tag":[47],"berocket_brand":[394],"class_list":{"0":"post-604","1":"product","2":"type-product","3":"status-publish","4":"has-post-thumbnail","6":"product_cat-aneis","7":"product_cat-motor","8":"product_tag-renault","9":"berocket_brand-renault","10":"thunk-woo-product-list","11":"big-store-woo-hover-zoom","12":"open-single-product-tab-horizontal","13":"open-shadow-","14":"open-shadow-hover-","16":"first","17":"outofstock","18":"sale","19":"taxable","20":"shipping-taxable","21":"purchasable","22":"product-type-simple"},"taxonomy_info":{"product_cat":[{"value":192,"label":"Aneis"},{"value":22,"label":"Motor"}],"product_tag":[{"value":47,"label":"Renault"}],"berocket_brand":[{"value":394,"label":"Renault"}]},"featured_image_src_large":["https:\/\/www.casadainjecao.com.br\/loja\/wp-content\/uploads\/2020\/07\/Kit-Aneis-De-Pistao-Motor-Prv-3.0l-V6-3-Pecas.png",332,600,false],"author_info":[],"comment_info":"","_links":{"self":[{"href":"https:\/\/www.casadainjecao.com.br\/loja\/wp-json\/wp\/v2\/product\/604","targetHints":{"allow":["GET"]}}],"collection":[{"href":"https:\/\/www.casadainjecao.com.br\/loja\/wp-json\/wp\/v2\/product"}],"about":[{"href":"https:\/\/www.casadainjecao.com.br\/loja\/wp-json\/wp\/v2\/types\/product"}],"wp:featuredmedia":[{"embeddable":true,"href":"https:\/\/www.casadainjecao.com.br\/loja\/wp-json\/wp\/v2\/media\/1504"}],"wp:attachment":[{"href":"https:\/\/www.casadainjecao.com.br\/loja\/wp-json\/wp\/v2\/media?parent=604"}],"wp:term":[{"taxonomy":"product_brand","embeddable":true,"href":"https:\/\/www.casadainjecao.com.br\/loja\/wp-json\/wp\/v2\/product_brand?post=604"},{"taxonomy":"product_cat","embeddable":true,"href":"https:\/\/www.casadainjecao.com.br\/loja\/wp-json\/wp\/v2\/product_cat?post=604"},{"taxonomy":"product_tag","embeddable":true,"href":"https:\/\/www.casadainjecao.com.br\/loja\/wp-json\/wp\/v2\/product_tag?post=604"},{"taxonomy":"berocket_brand","embeddable":true,"href":"https:\/\/www.casadainjecao.com.br\/loja\/wp-json\/wp\/v2\/berocket_brand?post=604"}],"curies":[{"name":"wp","href":"https:\/\/api.w.org\/{rel}","templated":true}]}}