{"id":6136,"date":"2020-12-23T19:29:38","date_gmt":"2020-12-23T22:29:38","guid":{"rendered":"http:\/\/www.casadainjecao.com.br\/loja\/produto\/adesivo-do-cofre-do-motor-renault-logan-sandero-8200868839-3\/"},"modified":"2026-04-09T06:32:19","modified_gmt":"2026-04-09T09:32:19","slug":"adesivo-do-cofre-do-motor-renault-logan-sandero-8200868839-3","status":"publish","type":"product","link":"https:\/\/www.casadainjecao.com.br\/loja\/autopecas\/motor\/adesivo\/adesivo-do-cofre-do-motor-renault-logan-sandero-8200868839-3\/","title":{"rendered":"Adesivo Cofre do Motor Renault Duster Logan Sandero &#8211; "},"content":{"rendered":"<h2>Adesivo Cofre do Motor<\/h2>\n<p>&nbsp;<\/p>\n<p>&nbsp;<\/p>\n<p>RENAULT<\/p>\n<p>Renault Duster Authentique, Expression flex, Privil\u00e9ge flex 1.0 16v 1.6 8v 16v &#8211; 2002 2003 2004 2005 2006 2007 2008 2009 2010 2011 2012 2013<\/p>\n<p>Renault Logan Authentique, Expression flex, Privil\u00e9ge flex 1.0 16v 1.6 8v 16v &#8211; 2002 2003 2004 2005 2006 2007 2008 2009 2010 2011 2012 2013<\/p>\n<p>Renault Sandero Authentique, Expression flex, Privil\u00e9ge flex 1.0 16v 1.6 8v 16v &#8211; 2002 2003 2004 2005 2006 2007 2008 2009 2010 2011 2012 2013<\/p>\n<p>&nbsp;<\/p>\n<p>O produto vem com 2 adesivos, por\u00e9m eles v\u00e3o juntos na mesma cartela, um colado ao lado do outro.<\/p>\n<p>Na hora da aplica\u00e7\u00e3o \u00e9 s\u00f3 separar os dois adesivos para usar normalmente no ve\u00edculo.<\/p>\n<p>&nbsp;<\/p>\n<p>C\u00f3digo de Refer\u00eancia: 8200868839<\/p>\n<p>&nbsp;<\/p>\n<p>Condi\u00e7\u00f5es: Produto Novo \/ Marca Torken<\/p>\n<p>&nbsp;<\/p>\n<p>Garantia: 3 Meses<\/p>\n<p>&nbsp;<\/p>\n<p>ATEN\u00c7\u00c3O: Antes de efetuar a compra verifique o c\u00f3digo da sua pe\u00e7a que est\u00e1 instalada no seu ve\u00edculo.<\/p>\n<p>&nbsp;<\/p>\n<p><span style=\"font-family: Arial, sans-serif;\"><span style=\"font-size: small;\">A Casa da Inje\u00e7\u00e3o oferece total garantia nos produtos comprados em nosso site.<\/span><\/span><\/p>\n<ol>\n<li><span style=\"font-family: Arial, sans-serif;\"><span style=\"font-size: small;\">Cada item \u00e9 rigorosamente testado antes do envio<\/span><\/span><\/li>\n<li><span style=\"font-family: Arial, sans-serif;\"><span style=\"font-size: small;\">Se os itens estiverem danificados ou parcialmente defeituosos, entre em contato conosco.<\/span><\/span><\/li>\n<li><span style=\"font-family: Arial, sans-serif;\"><span style=\"font-size: small;\">Procure um profissional devidamente licenciado para a instala\u00e7\u00e3o e fa\u00e7a revis\u00f5es periodicamente. A empresa n\u00e3o se responsabiliza por problemas oriundos da m\u00e1 instala\u00e7\u00e3o ou com a falta de cuidados peri\u00f3dicos dos componentes.<\/span><\/span><\/li>\n<\/ol>\n<p><span style=\"font-family: Arial, sans-serif;\"><span style=\"font-size: small;\">Se houver qualquer defeito, n\u00f3s lhe enviaremos uma substitui\u00e7\u00e3o ap\u00f3s receber o pacote ou devolvemos seu dinheiro.<\/span><\/span><\/p>\n<p><span style=\"font-family: Arial, sans-serif;\"><span style=\"font-size: small;\">Leia nossa\u00a0<a href=\"https:\/\/www.casadainjecao.com.br\/loja\/politica-de-devolucao\">pol\u00edtica de devolu\u00e7\u00e3o aqui<\/a><\/span><\/span><\/p>\n<p>\u2014\u2014\u2014\u2014\u2014\u2014\u2014\u2014\u2014\u2014\u2014\u2014\u2014\u2014\u2014\u2014\u2014\u2014\u2014\u2013<\/p>\n<p><strong><span style=\"font-family: Arial, sans-serif;\"><span style=\"font-size: small;\">Tem alguma d\u00favida?<\/span><\/span><\/strong><\/p>\n<p><span style=\"font-family: Arial, sans-serif;\"><span style=\"font-size: small;\">Entre em contato que podemos ajudar!<\/span><\/span><\/p>\n<p><span style=\"font-family: Arial, sans-serif;\"><span style=\"font-size: small;\">Confira as informa\u00e7\u00f5es adicionais abaixo:<\/span><\/span><\/p>\n<ul>\n<li><span style=\"font-family: Arial, sans-serif;\"><span style=\"font-size: small;\">Todos os nossos produtos s\u00e3o novos, semi-novos, originais e paralelos possuem garantia.<\/span><\/span><\/li>\n<li><span style=\"font-family: Arial, sans-serif;\"><span style=\"font-size: small;\">Todos os produtos anunciados est\u00e3o dispon\u00edveis em estoque e s\u00e3o enviados com extrema rapidez.<\/span><\/span><\/li>\n<li><span style=\"font-family: Arial, sans-serif;\"><span style=\"font-size: small;\">O frete pode ser simulado antes de efetuar a compra, basta clicar em \u201cver custos de envio\u201d.<\/span><\/span><\/li>\n<li><span style=\"font-family: Arial, sans-serif;\"><span style=\"font-size: small;\">Verifique o endere\u00e7o de entrega cadastrado e atualize caso necess\u00e1rio.<\/span><\/span><\/li>\n<li><span style=\"font-family: Arial, sans-serif;\"><span style=\"font-size: small;\">Confirme se a pe\u00e7a \u00e9 correta para o seu modelo de ve\u00edculo.<\/span><\/span><\/li>\n<li><span style=\"font-family: Arial, sans-serif;\"><span style=\"font-size: small;\">Para pe\u00e7as automotivas, recomendamos a instala\u00e7\u00e3o por um profissional especializado.<\/span><\/span><\/li>\n<li><span style=\"font-family: Arial, sans-serif;\"><span style=\"font-size: small;\">Caso possua outras d\u00favidas, entre em contato.<\/span><\/span><\/li>\n<\/ul>\n","protected":false},"excerpt":{"rendered":"<h2>Adesivo Cofre do Motor Renault Duster Logan Sandero &#8211; 8200868839<\/h2>\n","protected":false},"featured_media":6135,"template":"","meta":{"_seopress_robots_primary_cat":"none","_seopress_titles_title":"","_seopress_titles_desc":"","_seopress_robots_index":"","_joinchat":[]},"product_cat":[191,22],"product_tag":[66,91],"berocket_brand":[394],"_links":{"self":[{"href":"https:\/\/www.casadainjecao.com.br\/loja\/wp-json\/wp\/v2\/product\/6136"}],"collection":[{"href":"https:\/\/www.casadainjecao.com.br\/loja\/wp-json\/wp\/v2\/product"}],"about":[{"href":"https:\/\/www.casadainjecao.com.br\/loja\/wp-json\/wp\/v2\/types\/product"}],"wp:featuredmedia":[{"embeddable":true,"href":"https:\/\/www.casadainjecao.com.br\/loja\/wp-json\/wp\/v2\/media\/6135"}],"wp:attachment":[{"href":"https:\/\/www.casadainjecao.com.br\/loja\/wp-json\/wp\/v2\/media?parent=6136"}],"wp:term":[{"taxonomy":"product_cat","embeddable":true,"href":"https:\/\/www.casadainjecao.com.br\/loja\/wp-json\/wp\/v2\/product_cat?post=6136"},{"taxonomy":"product_tag","embeddable":true,"href":"https:\/\/www.casadainjecao.com.br\/loja\/wp-json\/wp\/v2\/product_tag?post=6136"},{"taxonomy":"berocket_brand","embeddable":true,"href":"https:\/\/www.casadainjecao.com.br\/loja\/wp-json\/wp\/v2\/berocket_brand?post=6136"}],"curies":[{"name":"wp","href":"https:\/\/api.w.org\/{rel}","templated":true}]}}