{"id":6207,"date":"2021-01-11T12:31:24","date_gmt":"2021-01-11T15:31:24","guid":{"rendered":"http:\/\/www.casadainjecao.com.br\/loja\/produto\/carcaca-bomba-agua-vw-up-gol-saveiro-space-cross-fox-voyage\/"},"modified":"2023-10-18T09:26:11","modified_gmt":"2023-10-18T12:26:11","slug":"carcaca-bomba-agua-vw-up-gol-saveiro-space-cross-fox-voyage","status":"publish","type":"product","link":"https:\/\/www.casadainjecao.com.br\/loja\/autopecas\/motor\/bombas\/carcaca-bomba-agua-vw-up-gol-saveiro-space-cross-fox-voyage\/","title":{"rendered":"Carcaca Bomba Agua Vw Up Gol Saveiro Space Cross Fox Voyage "},"content":{"rendered":"<h2>Carca\u00e7a Bomba \u00c1gua Volkswagen Up, Gol &#8211; 04E121117M<\/h2>\n<h3>Serve para Volkswagen modelos: Up, Gol, Saveiro, Space, Cross, Fox, Voyage<\/h3>\n<p>A Carca\u00e7a da Bomba d&#8217;\u00e1gua est\u00e1 vinculada ao sistema do motor.<\/p>\n<h3>APLICA\u00c7\u00c3O:<\/h3>\n<ul>\n<li><strong>VOLKSWAGEN<\/strong><\/li>\n<li>Volkswagen UP<\/li>\n<li>Volkswagen Gol<\/li>\n<li>Volkswagen Saveiro<\/li>\n<li>Volkswagen Space Fox<\/li>\n<li>Volkswagen Crossfox<\/li>\n<li>Volkswagen Voyage<\/li>\n<\/ul>\n<h3>O que \u00e9 e para que serve a Carca\u00e7a da Bomba d&#8217;\u00e1gua?<\/h3>\n<p>A carca\u00e7a da Bomba d&#8217;\u00e1gua faz parte do sistema de resfriamento do motor de um ve\u00edculo.\u00a0A carca\u00e7a envolve a parte interna da bomba d&#8217;\u00e1gua, protegendo-a contra elementos externos, detritos e poss\u00edveis danos f\u00edsicos.<\/p>\n<h4>C\u00f3digo refer\u00eancia:<\/h4>\n<p>04E121117M, 04E121600, 04E121042H, 04E121600D, 04E121600Q, 04E121121F, 04C121042D, 04E121600AS, 04E121600L, 04E121600H, 04E121600BA, 04E121600AM, 04E121600AK, 04C121600K, 04E121600AD<\/p>\n<h4>Condi\u00e7\u00e3o:<\/h4>\n<p>Novo\/ Marca<\/p>\n<h4>Garantia:<\/h4>\n<p>3 Meses<\/p>\n<p>A Casa da Inje\u00e7\u00e3o oferece total garantia nos produtos comprados em nosso site.<\/p>\n<ol>\n<li>Cada item \u00e9 rigorosamente testado antes do envio<\/li>\n<li>Se os itens estiverem danificados ou parcialmente defeituosos, entre em contato conosco.<\/li>\n<\/ol>\n<p>Se houver qualquer defeito, n\u00f3s lhe enviaremos uma substitui\u00e7\u00e3o ap\u00f3s receber o pacote ou devolvemos seu dinheiro.<\/p>\n<p>Leia nossa <a href=\"https:\/\/www.casadainjecao.com.br\/loja\/politica-de-devolucao\">pol\u00edtica de devolu\u00e7\u00e3o aqui<\/a><\/p>\n<p>&#8212;&#8212;&#8212;&#8212;&#8212;&#8212;&#8212;&#8212;&#8212;&#8212;&#8212;&#8212;&#8212;&#8212;&#8212;&#8212;&#8212;&#8212;&#8212;&#8211;<\/p>\n<p><strong>ATEN\u00c7\u00c3O<\/strong>: Antes de efetuar a compra verifique o c\u00f3digo da Carca\u00e7a da Bomba d&#8217;\u00e1gua que est\u00e1 instalado no seu ve\u00edculo.<\/p>\n<p>A Carca\u00e7a da Bomba d&#8217;\u00e1gua \u00e9 compat\u00edvel com as marcas Volkswagen Up Gol Saveiro Space Cross Fox Voyage.<\/p>\n<p>&#8212;&#8212;&#8212;&#8212;&#8212;&#8212;&#8212;&#8212;&#8212;&#8212;&#8212;&#8212;&#8212;&#8212;&#8212;&#8212;&#8212;&#8212;&#8212;&#8212;-<\/p>\n<h4>Tem alguma d\u00favida?<\/h4>\n<p>Entre em contato que podemos ajudar!<\/p>\n<p>Confira as informa\u00e7\u00f5es adicionais abaixo:<\/p>\n<ul>\n<li>Todos os nossos produtos s\u00e3o novos, semi-novos, originais, paralelos e possuem garantia.<\/li>\n<li>Todos os produtos anunciados est\u00e3o dispon\u00edveis em estoque e s\u00e3o enviados com extrema rapidez.<\/li>\n<li>O frete pode ser simulado antes de efetuar a compra, basta clicar em \u201cver custos de envio\u201d.<\/li>\n<li>Verifique o endere\u00e7o de entrega cadastrado e atualize caso necess\u00e1rio.<\/li>\n<li>Confirme se a pe\u00e7a \u00e9 correta para o seu modelo de ve\u00edculo.<\/li>\n<li>Para pe\u00e7as automotivas, recomendamos a instala\u00e7\u00e3o por um profissional especializado.<\/li>\n<\/ul>\n<p>Caso possua outras d\u00favidas, entre em contato.<\/p>\n<p>&nbsp;<\/p>\n<p>&nbsp;<\/p>\n<p>&nbsp;<\/p>\n<p>&nbsp;<\/p>\n<p>&nbsp;<\/p>\n","protected":false},"excerpt":{"rendered":"<h2>Carca\u00e7a da Bomba d&#8217;\u00c1gua Volkswagen Up Gol Saveiro Space Cross Fox Voyage &#8211; 04E121117M<\/h2>\n<p>&nbsp;<\/p>\n<p>&nbsp;<\/p>\n","protected":false},"featured_media":26803,"template":"","meta":{"_seopress_robots_primary_cat":"none","_seopress_titles_title":"","_seopress_titles_desc":"","_seopress_robots_index":"","_joinchat":[]},"product_cat":[195,22],"product_tag":[449],"berocket_brand":[396],"_links":{"self":[{"href":"https:\/\/www.casadainjecao.com.br\/loja\/wp-json\/wp\/v2\/product\/6207"}],"collection":[{"href":"https:\/\/www.casadainjecao.com.br\/loja\/wp-json\/wp\/v2\/product"}],"about":[{"href":"https:\/\/www.casadainjecao.com.br\/loja\/wp-json\/wp\/v2\/types\/product"}],"wp:featuredmedia":[{"embeddable":true,"href":"https:\/\/www.casadainjecao.com.br\/loja\/wp-json\/wp\/v2\/media\/26803"}],"wp:attachment":[{"href":"https:\/\/www.casadainjecao.com.br\/loja\/wp-json\/wp\/v2\/media?parent=6207"}],"wp:term":[{"taxonomy":"product_cat","embeddable":true,"href":"https:\/\/www.casadainjecao.com.br\/loja\/wp-json\/wp\/v2\/product_cat?post=6207"},{"taxonomy":"product_tag","embeddable":true,"href":"https:\/\/www.casadainjecao.com.br\/loja\/wp-json\/wp\/v2\/product_tag?post=6207"},{"taxonomy":"berocket_brand","embeddable":true,"href":"https:\/\/www.casadainjecao.com.br\/loja\/wp-json\/wp\/v2\/berocket_brand?post=6207"}],"curies":[{"name":"wp","href":"https:\/\/api.w.org\/{rel}","templated":true}]}}