{"id":6294,"date":"2021-01-12T19:31:52","date_gmt":"2021-01-12T22:31:52","guid":{"rendered":"http:\/\/www.casadainjecao.com.br\/loja\/produto\/polia-tensora-correia-ar-condicionado-sandero-8200875156\/"},"modified":"2025-06-15T10:17:27","modified_gmt":"2025-06-15T13:17:27","slug":"polia-tensora-correia-ar-condicionado-sandero-8200875156","status":"publish","type":"product","link":"https:\/\/www.casadainjecao.com.br\/loja\/autopecas\/motor\/correias\/polia-tensora-correia-ar-condicionado-sandero-8200875156\/","title":{"rendered":"Polia Tensora Correia Ar Condicionado Renault Clio Kangoo- 8"},"content":{"rendered":"<h1>Polia Tensora Correia Ar Condicionado<\/h1>\n<h3>Renault<\/h3>\n<h3><span style=\"color: #000000;\"><span style=\"font-family: Proxima Nova, apple-system, Roboto, Arial, sans-serif;\"><span style=\"font-size: large;\">Sandero 1.0 8V D7D \/ 1.0 16V D4D<\/span><\/span><\/span><\/h3>\n<h3><span style=\"color: #000000;\"><span style=\"font-family: Proxima Nova, apple-system, Roboto, Arial, sans-serif;\"><span style=\"font-size: large;\">Clio 1.0 8v 16v ap\u00f3s 2000<\/span><\/span><\/span><\/h3>\n<h3><span style=\"color: #000000;\"><span style=\"font-family: Proxima Nova, apple-system, Roboto, Arial, sans-serif;\"><span style=\"font-size: large;\">Kangoo 1.0 16v ap\u00f3s 2000<\/span><\/span><\/span><\/h3>\n<h3><span style=\"color: #000000;\"><span style=\"font-family: Proxima Nova, apple-system, Roboto, Arial, sans-serif;\"><span style=\"font-size: large;\">Twingo 1.0 8v 16v 1.2 8v com ar condicionado ap\u00f3s 1993<\/span><\/span><\/span><\/h3>\n<h3>C\u00f3digo de Refer\u00eancia:<\/h3>\n<h3>8200875156, <span style=\"color: #000000;\"><span style=\"font-family: Proxima Nova, apple-system, Roboto, Arial, sans-serif;\"><span style=\"font-size: large;\">8200434732, <\/span><\/span><\/span><span style=\"color: #000000;\"><span style=\"font-family: Proxima Nova, apple-system, Roboto, Arial, sans-serif;\"><span style=\"font-size: large;\">8200136224, 8200040155, <\/span><\/span><\/span><span style=\"font-size: large; font-family: 'Proxima Nova', apple-system, Roboto, Arial, sans-serif; color: #000000;\">8201008780, <\/span><span style=\"color: #000000;\"><span style=\"font-family: Proxima Nova, apple-system, Roboto, Arial, sans-serif;\"><span style=\"font-size: large;\">Cobra &#8211; 6222, <\/span><\/span><\/span><span style=\"color: #000000;\"><span style=\"font-family: Proxima Nova, apple-system, Roboto, Arial, sans-serif;\"><span style=\"font-size: large;\">Dayco &#8211; APV2104, D<\/span><\/span><\/span><span style=\"color: #000000;\"><span style=\"font-family: Proxima Nova, apple-system, Roboto, Arial, sans-serif;\"><span style=\"font-size: large;\">ayco &#8211; DYV802, <\/span><\/span><\/span><span style=\"color: #000000;\"><span style=\"font-family: Proxima Nova, apple-system, Roboto, Arial, sans-serif;\"><span style=\"font-size: large;\">Gates &#8211; T39056, <\/span><\/span><\/span><span style=\"color: #000000;\"><span style=\"font-family: Proxima Nova, apple-system, Roboto, Arial, sans-serif;\"><span style=\"font-size: large;\">INA &#8211; 531085410, <\/span><\/span><\/span><span style=\"color: #000000;\"><span style=\"font-family: Proxima Nova, apple-system, Roboto, Arial, sans-serif;\"><span style=\"font-size: large;\">Nytron &#8211; 1154, <\/span><\/span><\/span><span style=\"color: #000000;\"><span style=\"font-family: Proxima Nova, apple-system, Roboto, Arial, sans-serif;\"><span style=\"font-size: large;\">Ranalle &#8211; R4617, <\/span><\/span><\/span><span style=\"color: #000000;\"><span style=\"font-family: Proxima Nova, apple-system, Roboto, Arial, sans-serif;\"><span style=\"font-size: large;\">Roltens &#8211; RT8407, <\/span><\/span><\/span><span style=\"color: #000000;\"><span style=\"font-family: Proxima Nova, apple-system, Roboto, Arial, sans-serif;\"><span style=\"font-size: large;\">Vetor &#8211; VT8098<\/span><\/span><\/span><\/h3>\n<h5 class=\"western\"><strong>Condi\u00e7\u00f5es:<\/strong><\/h5>\n<h5 class=\"western\">Produto Novo Original \/ Marca Renault<\/h5>\n<h5 class=\"western\"><strong>Garantia:<\/strong><\/h5>\n<h5 class=\"western\">3 Meses<\/h5>\n<h5 class=\"western\"><strong>ATEN\u00c7\u00c3O: Antes de efetuar a compra verifique o c\u00f3digo da sua pe\u00e7a que est\u00e1 instalado no seu ve\u00edculo.<\/strong><\/h5>\n<h5 class=\"western\">A Casa da Inje\u00e7\u00e3o oferece total garantia nos produtos comprados em nosso site.<\/h5>\n<h5 class=\"western\">Cada item \u00e9 rigorosamente testado antes do envio<\/h5>\n<h5 class=\"western\">Se os itens estiverem danificados ou parcialmente defeituosos, entre em contato conosco.<\/h5>\n<h5 class=\"western\">Procure um profissional devidamente licenciado para a instala\u00e7\u00e3o e fa\u00e7a revis\u00f5es periodicamente. A empresa n\u00e3o se responsabiliza por problemas oriundos da m\u00e1 instala\u00e7\u00e3o ou com a falta de cuidados peri\u00f3dicos dos componentes.<\/h5>\n<h5 class=\"western\">Se houver qualquer defeito, n\u00f3s lhe enviaremos uma substitui\u00e7\u00e3o ap\u00f3s receber o pacote ou devolvemos seu dinheiro.<\/h5>\n<h5 class=\"western\">Leia nossa\u00a0<span style=\"color: #0000ff;\"><a href=\"https:\/\/www.casadainjecao.com.br\/loja\/politica-de-devolucao\"><span style=\"color: #243f60;\">pol\u00edtica de devolu\u00e7\u00e3o aqui<\/span><\/a><\/span><\/h5>\n<h5 class=\"western\"><strong>Tem alguma d\u00favida?<\/strong><\/h5>\n<h5 class=\"western\">Entre em contato que podemos ajudar!<\/h5>\n<h5 class=\"western\">Confira as informa\u00e7\u00f5es adicionais abaixo:<\/h5>\n<h5 class=\"western\">Todos os nossos produtos s\u00e3o novos, semi-novos, originais e paralelos possuem garantia.<\/h5>\n<h5 class=\"western\">Todos os produtos anunciados est\u00e3o dispon\u00edveis em estoque e s\u00e3o enviados com extrema rapidez.<\/h5>\n<h5 class=\"western\">O frete pode ser simulado antes de efetuar a compra, basta clicar em \u201cver custos de envio\u201d.<\/h5>\n<h5 class=\"western\">Verifique o endere\u00e7o de entrega cadastrado e atualize caso necess\u00e1rio.<\/h5>\n<h5 class=\"western\">Confirme se a pe\u00e7a \u00e9 correta para o seu modelo de ve\u00edculo.<\/h5>\n<h5 class=\"western\">Para pe\u00e7as automotivas, recomendamos a instala\u00e7\u00e3o por um profissional especializado.<\/h5>\n<h5 class=\"western\">Caso possua outras d\u00favidas, entre em contato.<\/h5>\n","protected":false},"excerpt":{"rendered":"<h2>Polia Tensora Correia Ar Condicionado Renault Clio Kangoo &#8211; 8200875156<\/h2>\n","protected":false},"featured_media":40605,"template":"","meta":{"_seopress_robots_primary_cat":"none","_seopress_titles_title":"","_seopress_titles_desc":"","_seopress_robots_index":"","_joinchat":[]},"product_cat":[213,22,231],"product_tag":[49,57,91,53],"berocket_brand":[394],"_links":{"self":[{"href":"https:\/\/www.casadainjecao.com.br\/loja\/wp-json\/wp\/v2\/product\/6294"}],"collection":[{"href":"https:\/\/www.casadainjecao.com.br\/loja\/wp-json\/wp\/v2\/product"}],"about":[{"href":"https:\/\/www.casadainjecao.com.br\/loja\/wp-json\/wp\/v2\/types\/product"}],"wp:featuredmedia":[{"embeddable":true,"href":"https:\/\/www.casadainjecao.com.br\/loja\/wp-json\/wp\/v2\/media\/40605"}],"wp:attachment":[{"href":"https:\/\/www.casadainjecao.com.br\/loja\/wp-json\/wp\/v2\/media?parent=6294"}],"wp:term":[{"taxonomy":"product_cat","embeddable":true,"href":"https:\/\/www.casadainjecao.com.br\/loja\/wp-json\/wp\/v2\/product_cat?post=6294"},{"taxonomy":"product_tag","embeddable":true,"href":"https:\/\/www.casadainjecao.com.br\/loja\/wp-json\/wp\/v2\/product_tag?post=6294"},{"taxonomy":"berocket_brand","embeddable":true,"href":"https:\/\/www.casadainjecao.com.br\/loja\/wp-json\/wp\/v2\/berocket_brand?post=6294"}],"curies":[{"name":"wp","href":"https:\/\/api.w.org\/{rel}","templated":true}]}}