{"id":6330,"date":"2021-01-12T19:36:27","date_gmt":"2021-01-12T22:36:27","guid":{"rendered":"http:\/\/www.casadainjecao.com.br\/loja\/produto\/coxim-motor-twingo-1-2-8v-c3g-ar-e-direcao-7700827544\/"},"modified":"2023-03-24T09:16:05","modified_gmt":"2023-03-24T12:16:05","slug":"coxim-motor-twingo-1-2-8v-c3g-ar-e-direcao-7700827544","status":"publish","type":"product","link":"https:\/\/www.casadainjecao.com.br\/loja\/autopecas\/motor\/coxim-motor\/coxim-motor-twingo-1-2-8v-c3g-ar-e-direcao-7700827544\/","title":{"rendered":"Coxim Motor Twingo 1.2 8v C3g Ar E Dire\u00e7\u00e3o &#8211; 7700827"},"content":{"rendered":"<h1>Coxim Motor Twingo 1.2 8v C3g Ar E Dire\u00e7\u00e3o -7700827544<\/h1>\n","protected":false},"excerpt":{"rendered":"<h2>Coxim Motor Lado Direito Original<br \/>\nRenault Twingo 1.2 8v C3g Ar e Dire\u00e7\u00e3o<br \/>\nCodigo: &#8211; 7700827544\u00a0 c=225<\/h2>\n","protected":false},"featured_media":18316,"template":"","meta":{"_seopress_robots_primary_cat":"none","_seopress_titles_title":"","_seopress_titles_desc":"","_seopress_robots_index":"","_joinchat":[]},"product_cat":[215,22],"product_tag":[53],"berocket_brand":[394],"_links":{"self":[{"href":"https:\/\/www.casadainjecao.com.br\/loja\/wp-json\/wp\/v2\/product\/6330"}],"collection":[{"href":"https:\/\/www.casadainjecao.com.br\/loja\/wp-json\/wp\/v2\/product"}],"about":[{"href":"https:\/\/www.casadainjecao.com.br\/loja\/wp-json\/wp\/v2\/types\/product"}],"wp:featuredmedia":[{"embeddable":true,"href":"https:\/\/www.casadainjecao.com.br\/loja\/wp-json\/wp\/v2\/media\/18316"}],"wp:attachment":[{"href":"https:\/\/www.casadainjecao.com.br\/loja\/wp-json\/wp\/v2\/media?parent=6330"}],"wp:term":[{"taxonomy":"product_cat","embeddable":true,"href":"https:\/\/www.casadainjecao.com.br\/loja\/wp-json\/wp\/v2\/product_cat?post=6330"},{"taxonomy":"product_tag","embeddable":true,"href":"https:\/\/www.casadainjecao.com.br\/loja\/wp-json\/wp\/v2\/product_tag?post=6330"},{"taxonomy":"berocket_brand","embeddable":true,"href":"https:\/\/www.casadainjecao.com.br\/loja\/wp-json\/wp\/v2\/berocket_brand?post=6330"}],"curies":[{"name":"wp","href":"https:\/\/api.w.org\/{rel}","templated":true}]}}