{"id":6440,"date":"2021-01-12T19:59:34","date_gmt":"2021-01-12T22:59:34","guid":{"rendered":"http:\/\/www.casadainjecao.com.br\/loja\/produto\/polia-tensora-da-correia-mazda-corsa-atb2064\/"},"modified":"2024-12-04T11:05:38","modified_gmt":"2024-12-04T14:05:38","slug":"polia-tensora-da-correia-mazda-corsa-atb2064","status":"publish","type":"product","link":"https:\/\/www.casadainjecao.com.br\/loja\/autopecas\/motor\/polias\/polia-tensora-da-correia-mazda-corsa-atb2064\/","title":{"rendered":"Polia Tensora Da Correia Mazda Corsa &#8211; Atb2064"},"content":{"rendered":"<h2>Polia Tensora Da Correia Dayco Original<\/h2>\n<p>&nbsp;<\/p>\n<p>Mazda 323 S V Sedan 1.7 TD (1994 &#8211; 1998)<\/p>\n<p>&nbsp;<\/p>\n<p>OPEL Corsa A TR (S83) (Ano de constru\u00e7\u00e3o 09.1982 &#8211; 03.1993)<\/p>\n<p>OPEL Corsa A CC (S83) (Ano de constru\u00e7\u00e3o 09.1982 &#8211; 03.1993)<\/p>\n<p>OPEL Corsa B Hatchback (S93) (Ano de constru\u00e7\u00e3o 03.1993 &#8211; 12.2002)<\/p>\n<p>OPEL Vectra B CC (J96) (Ano de constru\u00e7\u00e3o 10.1995 &#8211; 07.2003)<\/p>\n<p>OPEL Vectra B Sedan (J96) (Ano de constru\u00e7\u00e3o 09.1995 &#8211; 04.2002)<\/p>\n<p>OPEL Vectra B Carrinha (J96) (Ano de constru\u00e7\u00e3o 11.1996 &#8211; 07.2003)<\/p>\n<p>OPEL Corsa A Van (S83) (Ano de constru\u00e7\u00e3o 02.1986 &#8211; 09.1994)<\/p>\n<p>OPEL Astra G CC (T98) (Ano de constru\u00e7\u00e3o 02.1998 &#8211; 12.2009)<\/p>\n<p>OPEL Astra G Caravan (T98) (Ano de constru\u00e7\u00e3o 02.1998 &#8211; 12.2009)<\/p>\n<p>OPEL Astra G Sedan (T98) (Ano de constru\u00e7\u00e3o 09.1998 &#8211; 12.2009)<\/p>\n<p>OPEL Astra G Van (F70) (Ano de constru\u00e7\u00e3o 01.1999 &#8211; 04.2005)<\/p>\n<p>OPEL Corsa B Van (S93) (Ano de constru\u00e7\u00e3o 08.1999 &#8211; 09.2000)<\/p>\n<p>OPEL Corsa C Hatchback (X01) (Ano de constru\u00e7\u00e3o 09.2000 &#8211; 12.2009)<\/p>\n<p>OPEL Combo C Van \/ Carrinha (Ano de constru\u00e7\u00e3o 10.2001 &#8211; &#8230;)<\/p>\n<p>OPEL Corsa C Van (X01) (Ano de constru\u00e7\u00e3o 09.2000 &#8211; 12.2012)<\/p>\n<p>OPEL Meriva A (X03) (Ano de constru\u00e7\u00e3o 05.2003 &#8211; 05.2010)<\/p>\n<p>OPEL Combo C Tour (Ano de constru\u00e7\u00e3o 10.2001 &#8211; 12.2011)<\/p>\n<p>OPEL Astra H Hatchback (A04) (Ano de constru\u00e7\u00e3o 01.2004 &#8211; 05.2014)<\/p>\n<p>OPEL Astra H Caravan (A04) (Ano de constru\u00e7\u00e3o 08.2004 &#8211; 05.2014)<\/p>\n<p>OPEL Astra H GTC (A04) (Ano de constru\u00e7\u00e3o 03.2005 &#8211; 10.2010)<\/p>\n<p>OPEL Zafira B (A05) (Ano de constru\u00e7\u00e3o 07.2005 &#8211; 04.2015)<\/p>\n<p>OPEL Corsa D Hatchback (S07) (Ano de constru\u00e7\u00e3o 07.2006 &#8211; 08.2014)<\/p>\n<p>OPEL Astra H Sedan (A04) (Ano de constru\u00e7\u00e3o 02.2007 &#8211; 05.2014)<\/p>\n<p>OPEL Astra J Hatchback (P10) (Ano de constru\u00e7\u00e3o 12.2009 &#8211; 10.2015)<\/p>\n<p>OPEL Meriva B (S10) (Ano de constru\u00e7\u00e3o 06.2010 &#8211; 03.2017)<\/p>\n<p>OPEL Astra J Sports Tourer (P10) (Ano de constru\u00e7\u00e3o 10.2010 &#8211; 10.2015)<\/p>\n<p>OPEL Astra H Van (L70) (Ano de constru\u00e7\u00e3o 02.2004 &#8211; 12.2013)<\/p>\n<p>OPEL Astra J GTC (P10) (Ano de constru\u00e7\u00e3o 10.2011 &#8211; &#8230;)<\/p>\n<p>OPEL Mokka \/ Mokka X (J13) (Ano de constru\u00e7\u00e3o 06.2012 &#8211; &#8230;)<\/p>\n<p>OPEL Astra J Sedan (P10) (Ano de constru\u00e7\u00e3o 06.2012 &#8211; &#8230;)<\/p>\n<p>OPEL Astra Classic Hatchback (A04) (Ano de constru\u00e7\u00e3o 01.2009 &#8211; &#8230;)<\/p>\n<p>OPEL Astra Classic Sedan (A04) (Ano de constru\u00e7\u00e3o 01.2009 &#8211; &#8230;)<\/p>\n<p>OPEL Astra Classic Caravan (A04) (Ano de constru\u00e7\u00e3o 01.2009 &#8211; &#8230;)<\/p>\n<p>OPEL Astra G Classic Hatchback (T98) (Ano de constru\u00e7\u00e3o 03.2004 &#8211; 07.2009)<\/p>\n<p>OPEL Astra G Classic Caravan (F35) (Ano de constru\u00e7\u00e3o 03.2004 &#8211; 07.2009)<\/p>\n<p>OPEL Astra J Van \/ Hatchback (P10) (Ano de constru\u00e7\u00e3o 09.2009 &#8211; 10.2015)<\/p>\n<p>OPEL Astra J Van \/ Carrinha (P10) (Ano de constru\u00e7\u00e3o 09.2009 &#8211; 10.2015)<\/p>\n<p>&nbsp;<\/p>\n<p>Vauxhall Astra Mk3 (F) CC (T92) (1991 &#8211; 1998)<\/p>\n<p>Vauxhall Astra Mk3 (F) Carrinha (T92) (1991 &#8211; 1998)<\/p>\n<p>Vauxhall Corsa Mk1 (B) Hatchback (S93) (1992 &#8211; 2000)<\/p>\n<p>Vauxhall Vectra Mk1 (B) Sedan (J96) (1995 &#8211; 2002)<\/p>\n<p>Vauxhall Vectra Mk1 (B) CC (J96) (1995 &#8211; 2003)<\/p>\n<p>Vauxhall Astra Mk3 (F) Sedan (1991 &#8211; 1998)<\/p>\n<p>Vauxhall Astravan Mk3 (F) (T92) (1991 &#8211; 1998)<\/p>\n<h4>C\u00f3digo de Refer\u00eancia:<\/h4>\n<p>ATB2064, 6004LU &#8211; NTN, 02101339<\/p>\n<h4><strong>Condi\u00e7\u00f5es:<\/strong><\/h4>\n<p>Produto Original \/ Marca Dayco<\/p>\n<p><strong>Especifica\u00e7\u00f5es:<\/strong><\/p>\n<p>Conte\u00fado da embalagem:\u00a0Polia Tensora Da Correia<\/p>\n<h4>Dimens\u00f5es:<\/h4>\n<p>Di\u00e2metro &#8211; 6,5 cm; Altura &#8211; 3,0 cm<\/p>\n<h4><strong>Garantia:<\/strong><\/h4>\n<p>3 Meses<\/p>\n<h3><strong>ATEN\u00c7\u00c3O: Antes de efetuar a compra verifique o c\u00f3digo da sua pe\u00e7a que est\u00e1 instalada no seu ve\u00edculo.<\/strong><\/h3>\n<p><strong>O que \u00e9 e para que serve a\u00a0<\/strong><strong>polia tensora da\u00a0<\/strong><strong>correia?<\/strong><\/p>\n<p>A polia tensora da correia \u00e9 um componente importante em sistemas de correias de transmiss\u00e3o, como os encontrados em motores de ve\u00edculos automotivos e m\u00e1quinas industriais. Ela \u00e9 projetada para manter a tens\u00e3o adequada na correia, garantindo um funcionamento eficiente e prolongando a vida \u00fatil da correia e dos componentes relacionados.<\/p>\n<p>&nbsp;<\/p>\n<p>A Casa da Inje\u00e7\u00e3o oferece total garantia nos produtos comprados em nosso site.<\/p>\n<ol>\n<li>Cada item \u00e9 rigorosamente testado antes do envio<\/li>\n<li>Se os itens estiverem danificados ou parcialmente defeituosos, entre em contato conosco.<\/li>\n<\/ol>\n<p>Se houver qualquer defeito, n\u00f3s lhe enviaremos uma substitui\u00e7\u00e3o ap\u00f3s receber o pacote ou devolvemos seu dinheiro.<\/p>\n<p>Leia nossa<span style=\"color: #ff0000;\">\u00a0<a style=\"color: #ff0000;\" href=\"https:\/\/www.casadainjecao.com.br\/loja\/politica-de-devolucao\">pol\u00edtica de devolu\u00e7\u00e3o aqui<\/a><\/span><\/p>\n<p>\u2014\u2014\u2014\u2014\u2014\u2014\u2014\u2014\u2014\u2014\u2014\u2014\u2014\u2014\u2014\u2014\u2014\u2014\u2014\u2013<\/p>\n<p><strong>Tem alguma d\u00favida?<\/strong><\/p>\n<p>Entre em contato que podemos ajudar!<\/p>\n<p>Confira as informa\u00e7\u00f5es adicionais abaixo:<\/p>\n<ul>\n<li>Todos os nossos produtos s\u00e3o novos, semi-novos, originais e paralelos possuem garantia.<\/li>\n<li>Todos os produtos anunciados est\u00e3o dispon\u00edveis em estoque e s\u00e3o enviados com extrema rapidez.<\/li>\n<li>O frete pode ser simulado antes de efetuar a compra, basta clicar em \u201cver custos de envio\u201d.<\/li>\n<li>Verifique o endere\u00e7o de entrega cadastrado e atualize caso necess\u00e1rio.<\/li>\n<li>Confirme se a pe\u00e7a \u00e9 correta para o seu modelo de ve\u00edculo.<\/li>\n<li>Para pe\u00e7as automotivas, recomendamos a instala\u00e7\u00e3o por um profissional especializado.<\/li>\n<\/ul>\n<p>Caso possua outras d\u00favidas, entre em contato.<\/p>\n","protected":false},"excerpt":{"rendered":"<h2>Polia Tensora Da Correia Mazda Corsa &#8211; Atb2064<\/h2>\n","protected":false},"featured_media":7127,"template":"","meta":{"_seopress_robots_primary_cat":"none","_seopress_titles_title":"","_seopress_titles_desc":"","_seopress_robots_index":"","_joinchat":[]},"product_cat":[22,231],"product_tag":[115],"berocket_brand":[396],"_links":{"self":[{"href":"https:\/\/www.casadainjecao.com.br\/loja\/wp-json\/wp\/v2\/product\/6440"}],"collection":[{"href":"https:\/\/www.casadainjecao.com.br\/loja\/wp-json\/wp\/v2\/product"}],"about":[{"href":"https:\/\/www.casadainjecao.com.br\/loja\/wp-json\/wp\/v2\/types\/product"}],"wp:featuredmedia":[{"embeddable":true,"href":"https:\/\/www.casadainjecao.com.br\/loja\/wp-json\/wp\/v2\/media\/7127"}],"wp:attachment":[{"href":"https:\/\/www.casadainjecao.com.br\/loja\/wp-json\/wp\/v2\/media?parent=6440"}],"wp:term":[{"taxonomy":"product_cat","embeddable":true,"href":"https:\/\/www.casadainjecao.com.br\/loja\/wp-json\/wp\/v2\/product_cat?post=6440"},{"taxonomy":"product_tag","embeddable":true,"href":"https:\/\/www.casadainjecao.com.br\/loja\/wp-json\/wp\/v2\/product_tag?post=6440"},{"taxonomy":"berocket_brand","embeddable":true,"href":"https:\/\/www.casadainjecao.com.br\/loja\/wp-json\/wp\/v2\/berocket_brand?post=6440"}],"curies":[{"name":"wp","href":"https:\/\/api.w.org\/{rel}","templated":true}]}}