{"id":6486,"date":"2021-01-12T20:05:27","date_gmt":"2021-01-12T23:05:27","guid":{"rendered":"http:\/\/www.casadainjecao.com.br\/loja\/produto\/mangueira-ar-quente-saida-bomba-de-agua-twingo-7700436890\/"},"modified":"2022-05-09T15:11:47","modified_gmt":"2022-05-09T18:11:47","slug":"mangueira-ar-quente-saida-bomba-de-agua-twingo-7700436890","status":"publish","type":"product","link":"https:\/\/www.casadainjecao.com.br\/loja\/autopecas\/motor\/mangueiras-motor\/mangueira-ar-quente-saida-bomba-de-agua-twingo-7700436890\/","title":{"rendered":"Mangueira Ar Quente Sa\u00edda Bomba De \u00c1gua Twingo &#8211; 770"},"content":{"rendered":"<h1>Mangueira Ar Quente Sa\u00edda Bomba De \u00c1gua Twingo &#8211; 7700436890<\/h1>\n","protected":false},"excerpt":{"rendered":"<h2>Mangueira Do Ar Quente Sa\u00edda Da Bomba De \u00c1gua Original<br \/>\nRenault Twingo 1.0 1.2 8v D7d D7F \u00a0Clio 1.2 96&gt;98<br \/>\nCodigo:- 7700436890 c=37g<\/h2>\n<p>&nbsp;<\/p>\n<p>&nbsp;<\/p>\n<p>&nbsp;<\/p>\n","protected":false},"featured_media":6484,"template":"","meta":{"_seopress_robots_primary_cat":"none","_seopress_titles_title":"","_seopress_titles_desc":"","_seopress_robots_index":"","_joinchat":[]},"product_cat":[223,22],"product_tag":[49,53],"berocket_brand":[394],"_links":{"self":[{"href":"https:\/\/www.casadainjecao.com.br\/loja\/wp-json\/wp\/v2\/product\/6486"}],"collection":[{"href":"https:\/\/www.casadainjecao.com.br\/loja\/wp-json\/wp\/v2\/product"}],"about":[{"href":"https:\/\/www.casadainjecao.com.br\/loja\/wp-json\/wp\/v2\/types\/product"}],"wp:featuredmedia":[{"embeddable":true,"href":"https:\/\/www.casadainjecao.com.br\/loja\/wp-json\/wp\/v2\/media\/6484"}],"wp:attachment":[{"href":"https:\/\/www.casadainjecao.com.br\/loja\/wp-json\/wp\/v2\/media?parent=6486"}],"wp:term":[{"taxonomy":"product_cat","embeddable":true,"href":"https:\/\/www.casadainjecao.com.br\/loja\/wp-json\/wp\/v2\/product_cat?post=6486"},{"taxonomy":"product_tag","embeddable":true,"href":"https:\/\/www.casadainjecao.com.br\/loja\/wp-json\/wp\/v2\/product_tag?post=6486"},{"taxonomy":"berocket_brand","embeddable":true,"href":"https:\/\/www.casadainjecao.com.br\/loja\/wp-json\/wp\/v2\/berocket_brand?post=6486"}],"curies":[{"name":"wp","href":"https:\/\/api.w.org\/{rel}","templated":true}]}}