{"id":6523,"date":"2021-01-12T20:13:07","date_gmt":"2021-01-12T23:13:07","guid":{"rendered":"http:\/\/www.casadainjecao.com.br\/loja\/produto\/carcaca-valvula-termostatica-peugeot-e-citroen-9675916080-2\/"},"modified":"2024-04-15T08:55:42","modified_gmt":"2024-04-15T11:55:42","slug":"carcaca-valvula-termostatica-peugeot-e-citroen-9675916080-2","status":"publish","type":"product","link":"https:\/\/www.casadainjecao.com.br\/loja\/autopecas\/motor\/valvulas\/carcaca-valvula-termostatica-peugeot-e-citroen-9675916080-2\/","title":{"rendered":"Carca\u00e7a Valvula Termost\u00e1tica Peugeot E Citroen &#8211; 967"},"content":{"rendered":"<p>Carca\u00e7a Valvula Termost\u00e1tica Original<br \/>Peugeot 206 1.6 16v 98&#8230;<br \/>Citroen C3 1.6 16v 01&#8230;<br \/>Codigo:-9675916080 c=27<\/p>\n","protected":false},"excerpt":{"rendered":"<p>Carca\u00e7a Valvula Termost\u00e1tica OriginalPeugeot 206 1.6 16v 98&#8230;Citroen C3 1.6 16v 01&#8230;Codigo:-9675916080 c=27<\/p>\n","protected":false},"featured_media":6521,"template":"","meta":{"_seopress_robots_primary_cat":"","_seopress_titles_title":"","_seopress_titles_desc":"","_seopress_robots_index":"","_joinchat":[]},"product_cat":[22,244],"product_tag":[],"berocket_brand":[382,393],"_links":{"self":[{"href":"https:\/\/www.casadainjecao.com.br\/loja\/wp-json\/wp\/v2\/product\/6523"}],"collection":[{"href":"https:\/\/www.casadainjecao.com.br\/loja\/wp-json\/wp\/v2\/product"}],"about":[{"href":"https:\/\/www.casadainjecao.com.br\/loja\/wp-json\/wp\/v2\/types\/product"}],"wp:featuredmedia":[{"embeddable":true,"href":"https:\/\/www.casadainjecao.com.br\/loja\/wp-json\/wp\/v2\/media\/6521"}],"wp:attachment":[{"href":"https:\/\/www.casadainjecao.com.br\/loja\/wp-json\/wp\/v2\/media?parent=6523"}],"wp:term":[{"taxonomy":"product_cat","embeddable":true,"href":"https:\/\/www.casadainjecao.com.br\/loja\/wp-json\/wp\/v2\/product_cat?post=6523"},{"taxonomy":"product_tag","embeddable":true,"href":"https:\/\/www.casadainjecao.com.br\/loja\/wp-json\/wp\/v2\/product_tag?post=6523"},{"taxonomy":"berocket_brand","embeddable":true,"href":"https:\/\/www.casadainjecao.com.br\/loja\/wp-json\/wp\/v2\/berocket_brand?post=6523"}],"curies":[{"name":"wp","href":"https:\/\/api.w.org\/{rel}","templated":true}]}}