{"id":6540,"date":"2021-01-13T12:42:19","date_gmt":"2021-01-13T15:42:19","guid":{"rendered":"http:\/\/www.casadainjecao.com.br\/loja\/produto\/vareta-de-oleo-com-guia-renault-symbol-sandero-8200678386\/"},"modified":"2024-08-16T09:55:16","modified_gmt":"2024-08-16T12:55:16","slug":"vareta-de-oleo-com-guia-renault-symbol-sandero-8200678386","status":"publish","type":"product","link":"https:\/\/www.casadainjecao.com.br\/loja\/autopecas\/motor\/oleo\/vareta-de-oleo-com-guia-renault-symbol-sandero-8200678386\/","title":{"rendered":"Tubo Vareta do \u00d3leo Renault Symbol Sandero &#8211; 82006783"},"content":{"rendered":"<h2>Tubo Vareta do \u00d3leo<\/h2>\n<p>Renault Symbol Expression, Privil\u00e9ge, Connection, Privil\u00e9ge flex 1.6 8v 16v (2007 a 2018)<\/p>\n<p>Renault Sandero II Expression, Dynamique flex, Duster 1.6 16v 2.0 16v (2001 a 2018)<\/p>\n<p>Renault Sandero Authentique, Expression flex, RS flex, Vibe flex, Stepway flex, Dynamique 1.0 12v 16v 1.6 8v 16v 2.0 16v (2013 a 2022)<\/p>\n<p>Renault Clio II SI, RL, RN, RT, Campus, Clio, Authentique, Expression, Dynamique, Privil\u00e9ge flex, hiflex, power, Alize 1.0 8v 16v 1.6 8v 16v (1998 a 2018)<\/p>\n<p>Renault Logan Authentique, Expression flex, Privil\u00e9ge flex 1.0 16 1.6 8v 16v (2002 a 2013)<\/p>\n<p>Renault Logan II Authentique, Expression flex, Privil\u00e9ge flex, Stepway 1.0 16 1.6 8v 16v (2013 a 2022)<\/p>\n<p>Renault Kangoo RN, RT, RL, Sportway, Authentique, Expression 1.0 8v 16v 1.6 8v 16v (1997 a 2018)<\/p>\n<p>Renault Kangoo Express RL, RL hiflex, Authentique flex, Expression flex 1.0 8v 16v 1.6 8v 16v (1997 a 2018)<\/p>\n<p>Renault M\u00e9gane I RN, RT, RXE, Alize, Privil\u00e9ge 1.6 16v 2.0 8v 16v (1995 a 2017)<\/p>\n<h4>C\u00f3digo de Refer\u00eancia:<\/h4>\n<p>8200678386, 678386<\/p>\n<h4><strong>Condi\u00e7\u00f5es:<\/strong><\/h4>\n<p>Produto Novo Original \/ Marca Renault<\/p>\n<h4><strong>Garantia:<\/strong><\/h4>\n<p>3 Meses<\/p>\n<h3><strong>ATEN\u00c7\u00c3O: Antes de efetuar a compra verifique o c\u00f3digo da sua pe\u00e7a que est\u00e1 instalada no seu ve\u00edculo.<\/strong><\/h3>\n<h5><\/h5>\n<h5><strong>A Casa da Inje\u00e7\u00e3o oferece total garantia nos produtos comprados em nosso site.<\/strong><\/h5>\n<h5><strong>Cada item \u00e9 rigorosamente testado antes do envio<\/strong><\/h5>\n<h5><strong>Se os itens estiverem danificados ou parcialmente defeituosos, entre em contato conosco.<\/strong><\/h5>\n<h5><strong>Procure um profissional devidamente licenciado para a instala\u00e7\u00e3o e fa\u00e7a revis\u00f5es periodicamente. A empresa n\u00e3o se responsabiliza por problemas oriundos da m\u00e1 instala\u00e7\u00e3o ou com a falta de cuidados peri\u00f3dicos dos componentes.<\/strong><\/h5>\n<h5><strong>Se houver qualquer defeito, n\u00f3s lhe enviaremos uma substitui\u00e7\u00e3o ap\u00f3s receber o pacote ou devolvemos seu dinheiro.<\/strong><\/h5>\n<h5><strong>Leia nossa\u00a0<a href=\"https:\/\/www.casadainjecao.com.br\/loja\/politica-de-devolucao\">pol\u00edtica de devolu\u00e7\u00e3o aqui<\/a><\/strong><\/h5>\n<h5><strong>\u2014\u2014\u2014\u2014\u2014\u2014\u2014\u2014\u2014\u2014\u2014\u2014\u2014\u2014\u2014\u2014\u2014\u2014\u2014\u2013<\/strong><\/h5>\n<h5><strong>Tem alguma d\u00favida?<\/strong><\/h5>\n<h5><strong>Entre em contato que podemos ajudar!<\/strong><\/h5>\n<h5><strong>Confira as informa\u00e7\u00f5es adicionais abaixo:<\/strong><\/h5>\n<h5><strong>Todos os nossos produtos s\u00e3o novos, semi-novos, originais e paralelos possuem garantia.<\/strong><\/h5>\n<h5><strong>Todos os produtos anunciados est\u00e3o dispon\u00edveis em estoque e s\u00e3o enviados com extrema rapidez.<\/strong><\/h5>\n<h5><strong>O frete pode ser simulado antes de efetuar a compra, basta clicar em \u201cver custos de envio\u201d.<\/strong><\/h5>\n<h5><strong>Verifique o endere\u00e7o de entrega cadastrado e atualize caso necess\u00e1rio.<\/strong><\/h5>\n<h5><strong>Confirme se a pe\u00e7a \u00e9 correta para o seu modelo de ve\u00edculo.<\/strong><\/h5>\n<h5><strong>Para pe\u00e7as automotivas, recomendamos a instala\u00e7\u00e3o por um profissional especializado.<\/strong><\/h5>\n<h5><strong>Caso possua outras d\u00favidas, entre em contato.<\/strong><\/h5>\n","protected":false},"excerpt":{"rendered":"<h2>Tubo Vareta do \u00d3leo Renault Symbol Sandero &#8211; 8200678386<\/h2>\n","protected":false},"featured_media":35610,"template":"","meta":{"_seopress_robots_primary_cat":"none","_seopress_titles_title":"","_seopress_titles_desc":"","_seopress_robots_index":"","_joinchat":[]},"product_cat":[22,228,1111],"product_tag":[57,1886,66,91,89],"berocket_brand":[394],"_links":{"self":[{"href":"https:\/\/www.casadainjecao.com.br\/loja\/wp-json\/wp\/v2\/product\/6540"}],"collection":[{"href":"https:\/\/www.casadainjecao.com.br\/loja\/wp-json\/wp\/v2\/product"}],"about":[{"href":"https:\/\/www.casadainjecao.com.br\/loja\/wp-json\/wp\/v2\/types\/product"}],"wp:featuredmedia":[{"embeddable":true,"href":"https:\/\/www.casadainjecao.com.br\/loja\/wp-json\/wp\/v2\/media\/35610"}],"wp:attachment":[{"href":"https:\/\/www.casadainjecao.com.br\/loja\/wp-json\/wp\/v2\/media?parent=6540"}],"wp:term":[{"taxonomy":"product_cat","embeddable":true,"href":"https:\/\/www.casadainjecao.com.br\/loja\/wp-json\/wp\/v2\/product_cat?post=6540"},{"taxonomy":"product_tag","embeddable":true,"href":"https:\/\/www.casadainjecao.com.br\/loja\/wp-json\/wp\/v2\/product_tag?post=6540"},{"taxonomy":"berocket_brand","embeddable":true,"href":"https:\/\/www.casadainjecao.com.br\/loja\/wp-json\/wp\/v2\/berocket_brand?post=6540"}],"curies":[{"name":"wp","href":"https:\/\/api.w.org\/{rel}","templated":true}]}}