{"id":6650,"date":"2021-01-14T15:32:00","date_gmt":"2021-01-14T18:32:00","guid":{"rendered":"http:\/\/www.casadainjecao.com.br\/loja\/produto\/sensor-de-nivel-do-fluido-adblue-original-vw-2p0131832a\/"},"modified":"2023-07-05T14:54:05","modified_gmt":"2023-07-05T17:54:05","slug":"sensor-de-nivel-do-fluido-adblue-original-vw-2p0131832a","status":"publish","type":"product","link":"https:\/\/www.casadainjecao.com.br\/loja\/autopecas\/injecao-eletronica\/sensores-injecao-eletronica\/sensor-de-nivel-do-fluido-adblue-original-vw-2p0131832a\/","title":{"rendered":"Sensor De N\u00edvel Do Flu\u00eddo Adblue VW Constellation &#8211; "},"content":{"rendered":"<h1>Sensor De N\u00edvel Do Flu\u00eddo Adblue Man 23L &#8211;\u00a0 2P0131832A<\/h1>\n","protected":false},"excerpt":{"rendered":"<h2>Sensor De N\u00edvel Do Flu\u00eddo Adblue Man 23L<br \/>\nAPLICA\u00c7\u00d5ES:<br \/>\nVw 5-150, 8\/9\/10-160Adv<br \/>\nVw 5-150, 8\/9\/10-160<br \/>\nVw Micro \u00d4nibus 5-150OD, 8\/9-160OD<\/h2>\n<h2>C\u00f3digo: &#8211; 2P0131832A \/ECM2220\/ 350656<\/h2>\n<p>&nbsp;<\/p>\n","protected":false},"featured_media":25485,"template":"","meta":{"_seopress_robots_primary_cat":"none","_seopress_titles_title":"","_seopress_titles_desc":"","_seopress_robots_index":"","_joinchat":[]},"product_cat":[21,269],"product_tag":[1191],"berocket_brand":[396],"_links":{"self":[{"href":"https:\/\/www.casadainjecao.com.br\/loja\/wp-json\/wp\/v2\/product\/6650"}],"collection":[{"href":"https:\/\/www.casadainjecao.com.br\/loja\/wp-json\/wp\/v2\/product"}],"about":[{"href":"https:\/\/www.casadainjecao.com.br\/loja\/wp-json\/wp\/v2\/types\/product"}],"wp:featuredmedia":[{"embeddable":true,"href":"https:\/\/www.casadainjecao.com.br\/loja\/wp-json\/wp\/v2\/media\/25485"}],"wp:attachment":[{"href":"https:\/\/www.casadainjecao.com.br\/loja\/wp-json\/wp\/v2\/media?parent=6650"}],"wp:term":[{"taxonomy":"product_cat","embeddable":true,"href":"https:\/\/www.casadainjecao.com.br\/loja\/wp-json\/wp\/v2\/product_cat?post=6650"},{"taxonomy":"product_tag","embeddable":true,"href":"https:\/\/www.casadainjecao.com.br\/loja\/wp-json\/wp\/v2\/product_tag?post=6650"},{"taxonomy":"berocket_brand","embeddable":true,"href":"https:\/\/www.casadainjecao.com.br\/loja\/wp-json\/wp\/v2\/berocket_brand?post=6650"}],"curies":[{"name":"wp","href":"https:\/\/api.w.org\/{rel}","templated":true}]}}