{"id":6816,"date":"2021-01-15T11:50:58","date_gmt":"2021-01-15T14:50:58","guid":{"rendered":"http:\/\/www.casadainjecao.com.br\/loja\/produto\/mangueira-combustivel-da-entrada-da-flauta-palio-1-0-fire-8v\/"},"modified":"2023-12-05T12:24:27","modified_gmt":"2023-12-05T15:24:27","slug":"mangueira-combustivel-da-entrada-da-flauta-palio-1-0-fire-8v","status":"publish","type":"product","link":"https:\/\/www.casadainjecao.com.br\/loja\/autopecas\/injecao-eletronica\/bico-injetor\/mangueira-combustivel-da-entrada-da-flauta-palio-1-0-fire-8v\/","title":{"rendered":"Mangueira Combust\u00edvel Da Entrada Da Flauta Palio 1.0 Fire 8"},"content":{"rendered":"<h1>Mangueira Combust\u00edvel Da Entrada Da Flauta Palio 1.0 Fire 8v &#8211; G0714<\/h1>\n","protected":false},"excerpt":{"rendered":"<h2>Mangueira Combust\u00edvel Da Entrada Da Flauta<\/h2>\n<h2>Fiat Palio 1.0 Fire 8v<\/h2>\n<h2>Codigo:- G0714<\/h2>\n","protected":false},"featured_media":10519,"template":"","meta":{"_seopress_robots_primary_cat":"none","_seopress_titles_title":"","_seopress_titles_desc":"","_seopress_robots_index":"","_seopress_analysis_target_kw":"","_kad_blocks_custom_css":"","_kad_blocks_head_custom_js":"","_kad_blocks_body_custom_js":"","_kad_blocks_footer_custom_js":"","_kadence_starter_templates_imported_post":false,"_joinchat":[]},"product_brand":[],"product_cat":[256,261,21],"product_tag":[119],"berocket_brand":[383],"class_list":{"0":"post-6816","1":"product","2":"type-product","3":"status-publish","4":"has-post-thumbnail","6":"product_cat-bico-injetor","7":"product_cat-flauta-bico-injetores","8":"product_cat-injecao-eletronica","9":"product_tag-palio","10":"berocket_brand-fiat","11":"thunk-woo-product-list","12":"big-store-woo-hover-zoom","13":"open-single-product-tab-horizontal","14":"open-shadow-","15":"open-shadow-hover-","17":"first","18":"outofstock","19":"taxable","20":"shipping-taxable","21":"product-type-simple"},"taxonomy_info":{"product_cat":[{"value":256,"label":"Bico Injetor"},{"value":261,"label":"Flauta Bico Injetores"},{"value":21,"label":"Inje\u00e7\u00e3o Eletr\u00f4nica"}],"product_tag":[{"value":119,"label":"Palio"}],"berocket_brand":[{"value":383,"label":"Fiat"}]},"featured_image_src_large":["https:\/\/www.casadainjecao.com.br\/loja\/wp-content\/uploads\/2021\/01\/0714.jpg",406,313,false],"author_info":[],"comment_info":"","_links":{"self":[{"href":"https:\/\/www.casadainjecao.com.br\/loja\/wp-json\/wp\/v2\/product\/6816","targetHints":{"allow":["GET"]}}],"collection":[{"href":"https:\/\/www.casadainjecao.com.br\/loja\/wp-json\/wp\/v2\/product"}],"about":[{"href":"https:\/\/www.casadainjecao.com.br\/loja\/wp-json\/wp\/v2\/types\/product"}],"wp:featuredmedia":[{"embeddable":true,"href":"https:\/\/www.casadainjecao.com.br\/loja\/wp-json\/wp\/v2\/media\/10519"}],"wp:attachment":[{"href":"https:\/\/www.casadainjecao.com.br\/loja\/wp-json\/wp\/v2\/media?parent=6816"}],"wp:term":[{"taxonomy":"product_brand","embeddable":true,"href":"https:\/\/www.casadainjecao.com.br\/loja\/wp-json\/wp\/v2\/product_brand?post=6816"},{"taxonomy":"product_cat","embeddable":true,"href":"https:\/\/www.casadainjecao.com.br\/loja\/wp-json\/wp\/v2\/product_cat?post=6816"},{"taxonomy":"product_tag","embeddable":true,"href":"https:\/\/www.casadainjecao.com.br\/loja\/wp-json\/wp\/v2\/product_tag?post=6816"},{"taxonomy":"berocket_brand","embeddable":true,"href":"https:\/\/www.casadainjecao.com.br\/loja\/wp-json\/wp\/v2\/berocket_brand?post=6816"}],"curies":[{"name":"wp","href":"https:\/\/api.w.org\/{rel}","templated":true}]}}