{"id":6862,"date":"2021-01-18T13:09:08","date_gmt":"2021-01-18T16:09:08","guid":{"rendered":"http:\/\/www.casadainjecao.com.br\/loja\/produto\/sensor-de-velocidade-civic-1-6-16v-automatico-96-97-98-99-00\/"},"modified":"2021-12-27T18:26:22","modified_gmt":"2021-12-27T21:26:22","slug":"sensor-de-velocidade-civic-1-6-16v-automatico-96-97-98-99-00","status":"publish","type":"product","link":"https:\/\/www.casadainjecao.com.br\/loja\/autopecas\/injecao-eletronica\/sensores-injecao-eletronica\/sensor-de-velocidade-civic-1-6-16v-automatico-96-97-98-99-00\/","title":{"rendered":"Sensor De Velocidade Civic 1.6 16v Automatico 96 97 98 99 00"},"content":{"rendered":"<p>Aplica\u00e7\u00e3o da Honda:<\/p>\n<p>Civic 1.6 16V Com c\u00e2mbio Autom\u00e1tico &#8211; 1996, 1997, 1998, 1999 e 2000<\/p>\n<p>SOMENTE MODELOS COM TRANSMISS\u00c3O AUTOM\u00c1TICA<\/p>\n<p>NUMERA\u00c7\u00c3O DA PE\u00c7A: 78410S04952<\/p>\n<p>PE\u00c7A IMPORTADA, SIMILAR \u00c0 ORIGINAL<\/p>\n<p>GARANTIA DE 6 MESES<\/p>\n","protected":false},"excerpt":{"rendered":"<p>Aplica\u00e7\u00e3o da Honda: Civic 1.6 16V Com c\u00e2mbio Autom\u00e1tico &#8211; 1996, 1997, 1998, 1999 e 2000 SOMENTE MODELOS COM TRANSMISS\u00c3O AUTOM\u00c1TICA NUMERA\u00c7\u00c3O DA PE\u00c7A: 78410S04952 PE\u00c7A IMPORTADA, SIMILAR \u00c0 ORIGINAL GARANTIA DE 6 MESES<\/p>\n","protected":false},"featured_media":6858,"template":"","meta":{"_seopress_robots_primary_cat":"","_seopress_titles_title":"","_seopress_titles_desc":"","_seopress_robots_index":"","_joinchat":[]},"product_cat":[21,269],"product_tag":[781],"berocket_brand":[385],"_links":{"self":[{"href":"https:\/\/www.casadainjecao.com.br\/loja\/wp-json\/wp\/v2\/product\/6862"}],"collection":[{"href":"https:\/\/www.casadainjecao.com.br\/loja\/wp-json\/wp\/v2\/product"}],"about":[{"href":"https:\/\/www.casadainjecao.com.br\/loja\/wp-json\/wp\/v2\/types\/product"}],"wp:featuredmedia":[{"embeddable":true,"href":"https:\/\/www.casadainjecao.com.br\/loja\/wp-json\/wp\/v2\/media\/6858"}],"wp:attachment":[{"href":"https:\/\/www.casadainjecao.com.br\/loja\/wp-json\/wp\/v2\/media?parent=6862"}],"wp:term":[{"taxonomy":"product_cat","embeddable":true,"href":"https:\/\/www.casadainjecao.com.br\/loja\/wp-json\/wp\/v2\/product_cat?post=6862"},{"taxonomy":"product_tag","embeddable":true,"href":"https:\/\/www.casadainjecao.com.br\/loja\/wp-json\/wp\/v2\/product_tag?post=6862"},{"taxonomy":"berocket_brand","embeddable":true,"href":"https:\/\/www.casadainjecao.com.br\/loja\/wp-json\/wp\/v2\/berocket_brand?post=6862"}],"curies":[{"name":"wp","href":"https:\/\/api.w.org\/{rel}","templated":true}]}}