{"id":6865,"date":"2021-01-18T13:24:23","date_gmt":"2021-01-18T16:24:23","guid":{"rendered":"http:\/\/www.casadainjecao.com.br\/loja\/produto\/sensor-de-rotacao-palio-siena-doblo-strada-1-0-1-3-fire\/"},"modified":"2022-09-01T09:50:00","modified_gmt":"2022-09-01T12:50:00","slug":"sensor-de-rotacao-palio-siena-doblo-strada-1-0-1-3-fire","status":"publish","type":"product","link":"https:\/\/www.casadainjecao.com.br\/loja\/autopecas\/injecao-eletronica\/sensores-injecao-eletronica\/sensor-de-rotacao-palio-siena-doblo-strada-1-0-1-3-fire\/","title":{"rendered":"Sensor De Rota\u00e7\u00e3o Palio Siena Doblo Strada &#8211; 1.0 1.3"},"content":{"rendered":"<p>SENSOR DE ROTA\u00c7\u00c3O<\/p>\n<p>FIAT<br \/>Dobl\u00f2 1.3 16V &#8211; 2001>2006<br \/>Palio 1.0\/1.3 Fire 16V &#8211; 2000>2003<br \/>Palio Weekend 1.0\/1.3 Fire 16V &#8211; 2000>2003<br \/>Siena 1.0\/1.3 Fire 16V &#8211; 2000>2003<br \/>Strada 1.3 Fire16V &#8211; 2000>2016<\/p>\n<p>Comprimento do cabo 66cm<\/p>\n<p>C\u00d3DIGOS EQUIVALENTES<br \/>Fiat &#8211; 46474583 \/ 46754538 \/ 46754539<br \/>Bosch &#8211; 261 210 161 \/ 261 210 219<\/p>\n","protected":false},"excerpt":{"rendered":"<p>SENSOR DE ROTA\u00c7\u00c3O FIATDobl\u00f2 1.3 16V &#8211; 2001>2006Palio 1.0\/1.3 Fire 16V &#8211; 2000>2003Palio Weekend 1.0\/1.3 Fire 16V &#8211; 2000>2003Siena 1.0\/1.3 Fire 16V &#8211; 2000>2003Strada 1.3 Fire16V &#8211; 2000>2016 Comprimento do cabo 66cm C\u00d3DIGOS EQUIVALENTESFiat &#8211; 46474583 \/ 46754538 \/ 46754539Bosch &#8211; 261 210 161 \/ 261 210 219<\/p>\n","protected":false},"featured_media":6863,"template":"","meta":{"_seopress_robots_primary_cat":"","_seopress_titles_title":"","_seopress_titles_desc":"","_seopress_robots_index":"","_joinchat":[]},"product_cat":[21,269],"product_tag":[247,119,120,121],"berocket_brand":[383],"_links":{"self":[{"href":"https:\/\/www.casadainjecao.com.br\/loja\/wp-json\/wp\/v2\/product\/6865"}],"collection":[{"href":"https:\/\/www.casadainjecao.com.br\/loja\/wp-json\/wp\/v2\/product"}],"about":[{"href":"https:\/\/www.casadainjecao.com.br\/loja\/wp-json\/wp\/v2\/types\/product"}],"wp:featuredmedia":[{"embeddable":true,"href":"https:\/\/www.casadainjecao.com.br\/loja\/wp-json\/wp\/v2\/media\/6863"}],"wp:attachment":[{"href":"https:\/\/www.casadainjecao.com.br\/loja\/wp-json\/wp\/v2\/media?parent=6865"}],"wp:term":[{"taxonomy":"product_cat","embeddable":true,"href":"https:\/\/www.casadainjecao.com.br\/loja\/wp-json\/wp\/v2\/product_cat?post=6865"},{"taxonomy":"product_tag","embeddable":true,"href":"https:\/\/www.casadainjecao.com.br\/loja\/wp-json\/wp\/v2\/product_tag?post=6865"},{"taxonomy":"berocket_brand","embeddable":true,"href":"https:\/\/www.casadainjecao.com.br\/loja\/wp-json\/wp\/v2\/berocket_brand?post=6865"}],"curies":[{"name":"wp","href":"https:\/\/api.w.org\/{rel}","templated":true}]}}