{"id":6994,"date":"2021-01-18T15:25:04","date_gmt":"2021-01-18T18:25:04","guid":{"rendered":"http:\/\/www.casadainjecao.com.br\/loja\/?post_type=product&#038;p=6994"},"modified":"2026-03-16T11:57:26","modified_gmt":"2026-03-16T14:57:26","slug":"moldura-do-botao-vidro-eletrico-renault-scenic-7700836269","status":"publish","type":"product","link":"https:\/\/www.casadainjecao.com.br\/loja\/autopecas\/eletrica\/botoes\/moldura-do-botao-vidro-eletrico-renault-scenic-7700836269\/","title":{"rendered":"Moldura Do Bot\u00e3o Vidro El\u00e9trico Renault Scenic &#8211; 770"},"content":{"rendered":"<h1>Moldura do Bot\u00e3o Vidro El\u00e9trico Renault Scenic &#8211; 7700836269<\/h1>\n","protected":false},"excerpt":{"rendered":"<h2>Moldura do Bot\u00e3o Vidro El\u00e9trico Lado Dianteiro Esquerdo<\/h2>\n<h2>Renault Scenic Megane<\/h2>\n<h2>Codigo:- 7700836269 c=7<\/h2>\n","protected":false},"featured_media":29116,"template":"","meta":{"_seopress_robots_primary_cat":"none","_seopress_titles_title":"","_seopress_titles_desc":"","_seopress_robots_index":"","_joinchat":[]},"product_cat":[118,17],"product_tag":[62],"berocket_brand":[394],"_links":{"self":[{"href":"https:\/\/www.casadainjecao.com.br\/loja\/wp-json\/wp\/v2\/product\/6994"}],"collection":[{"href":"https:\/\/www.casadainjecao.com.br\/loja\/wp-json\/wp\/v2\/product"}],"about":[{"href":"https:\/\/www.casadainjecao.com.br\/loja\/wp-json\/wp\/v2\/types\/product"}],"wp:featuredmedia":[{"embeddable":true,"href":"https:\/\/www.casadainjecao.com.br\/loja\/wp-json\/wp\/v2\/media\/29116"}],"wp:attachment":[{"href":"https:\/\/www.casadainjecao.com.br\/loja\/wp-json\/wp\/v2\/media?parent=6994"}],"wp:term":[{"taxonomy":"product_cat","embeddable":true,"href":"https:\/\/www.casadainjecao.com.br\/loja\/wp-json\/wp\/v2\/product_cat?post=6994"},{"taxonomy":"product_tag","embeddable":true,"href":"https:\/\/www.casadainjecao.com.br\/loja\/wp-json\/wp\/v2\/product_tag?post=6994"},{"taxonomy":"berocket_brand","embeddable":true,"href":"https:\/\/www.casadainjecao.com.br\/loja\/wp-json\/wp\/v2\/berocket_brand?post=6994"}],"curies":[{"name":"wp","href":"https:\/\/api.w.org\/{rel}","templated":true}]}}