{"id":7009,"date":"2021-01-19T12:27:41","date_gmt":"2021-01-19T15:27:41","guid":{"rendered":"http:\/\/www.casadainjecao.com.br\/loja\/produto\/modulo-controle-bateria-renault-fluence-2-0-2012-280246043r\/"},"modified":"2023-03-30T14:35:49","modified_gmt":"2023-03-30T17:35:49","slug":"modulo-controle-bateria-renault-fluence-2-0-2012-280246043r","status":"publish","type":"product","link":"https:\/\/www.casadainjecao.com.br\/loja\/autopecas\/injecao-eletronica\/modulo-controle-bateria-renault-fluence-2-0-2012-280246043r\/","title":{"rendered":"M\u00f3dulo Controle Bateria Renault Fluence 2.0 2012 &#8211; 28"},"content":{"rendered":"<h1>M\u00f3dulo Controle Bateria<\/h1>\n<h1>Renault Fluence 2.0 2012<\/h1>\n<h1>&#8211; 280246043r<\/h1>\n","protected":false},"excerpt":{"rendered":"<h1>M\u00f3dulo Controle Bateria Com detalhe<\/h1>\n<h1>Renault Fluence 2.0 2012<\/h1>\n<h1>Codigo: &#8211; 280246043r<\/h1>\n<h2>c=159<\/h2>\n","protected":false},"featured_media":0,"template":"","meta":{"_seopress_robots_primary_cat":"none","_seopress_titles_title":"","_seopress_titles_desc":"","_seopress_robots_index":"","_seopress_analysis_target_kw":"","_kad_blocks_custom_css":"","_kad_blocks_head_custom_js":"","_kad_blocks_body_custom_js":"","_kad_blocks_footer_custom_js":"","_kadence_starter_templates_imported_post":false,"_joinchat":[]},"product_brand":[],"product_cat":[21],"product_tag":[139],"berocket_brand":[394],"class_list":{"0":"post-7009","1":"product","2":"type-product","3":"status-publish","5":"product_cat-injecao-eletronica","6":"product_tag-fluence","7":"berocket_brand-renault","8":"thunk-woo-product-list","9":"big-store-woo-hover-zoom","10":"open-single-product-tab-horizontal","11":"open-shadow-","12":"open-shadow-hover-","14":"first","15":"outofstock","16":"sale","17":"taxable","18":"shipping-taxable","19":"purchasable","20":"product-type-simple"},"taxonomy_info":{"product_cat":[{"value":21,"label":"Inje\u00e7\u00e3o Eletr\u00f4nica"}],"product_tag":[{"value":139,"label":"Fluence"}],"berocket_brand":[{"value":394,"label":"Renault"}]},"featured_image_src_large":false,"author_info":[],"comment_info":"","_links":{"self":[{"href":"https:\/\/www.casadainjecao.com.br\/loja\/wp-json\/wp\/v2\/product\/7009","targetHints":{"allow":["GET"]}}],"collection":[{"href":"https:\/\/www.casadainjecao.com.br\/loja\/wp-json\/wp\/v2\/product"}],"about":[{"href":"https:\/\/www.casadainjecao.com.br\/loja\/wp-json\/wp\/v2\/types\/product"}],"wp:attachment":[{"href":"https:\/\/www.casadainjecao.com.br\/loja\/wp-json\/wp\/v2\/media?parent=7009"}],"wp:term":[{"taxonomy":"product_brand","embeddable":true,"href":"https:\/\/www.casadainjecao.com.br\/loja\/wp-json\/wp\/v2\/product_brand?post=7009"},{"taxonomy":"product_cat","embeddable":true,"href":"https:\/\/www.casadainjecao.com.br\/loja\/wp-json\/wp\/v2\/product_cat?post=7009"},{"taxonomy":"product_tag","embeddable":true,"href":"https:\/\/www.casadainjecao.com.br\/loja\/wp-json\/wp\/v2\/product_tag?post=7009"},{"taxonomy":"berocket_brand","embeddable":true,"href":"https:\/\/www.casadainjecao.com.br\/loja\/wp-json\/wp\/v2\/berocket_brand?post=7009"}],"curies":[{"name":"wp","href":"https:\/\/api.w.org\/{rel}","templated":true}]}}