{"id":7092,"date":"2021-01-19T12:52:03","date_gmt":"2021-01-19T15:52:03","guid":{"rendered":"http:\/\/www.casadainjecao.com.br\/loja\/produto\/braco-tirante-bandeja-traseira-renault-duster-8200839119\/"},"modified":"2021-05-16T11:43:14","modified_gmt":"2021-05-16T14:43:14","slug":"braco-tirante-bandeja-traseira-renault-duster-8200839119","status":"publish","type":"product","link":"https:\/\/www.casadainjecao.com.br\/loja\/autopecas\/suspencao\/braco-tirante\/braco-tirante-bandeja-traseira-renault-duster-8200839119\/","title":{"rendered":"Bra\u00e7o Tirante Bandeja Traseira Renault Duster &#8211; 82008"},"content":{"rendered":"<h1>Bra\u00e7o Tirante Bandeja Traseira Renault Duster 4&#215;4 &#8211; 8200839119<\/h1>\n","protected":false},"excerpt":{"rendered":"<h2>Bra\u00e7o Transversal da Suspen\u00e7\u00e3o Traseira Esquerda<\/h2>\n<h2>Renault Duster 4&#215;4<\/h2>\n<h2>Codigo:- 8200839119 c=8<\/h2>\n","protected":false},"featured_media":7090,"template":"","meta":{"_seopress_robots_primary_cat":"","_seopress_titles_title":"","_seopress_titles_desc":"","_seopress_robots_index":"","_seopress_analysis_target_kw":"","_kad_blocks_custom_css":"","_kad_blocks_head_custom_js":"","_kad_blocks_body_custom_js":"","_kad_blocks_footer_custom_js":"","_kadence_starter_templates_imported_post":false,"_joinchat":[]},"product_brand":[],"product_cat":[1113,1104],"product_tag":[52],"berocket_brand":[394],"class_list":{"0":"post-7092","1":"product","2":"type-product","3":"status-publish","4":"has-post-thumbnail","6":"product_cat-braco-tirante","7":"product_cat-suspencao","8":"product_tag-duster","9":"berocket_brand-renault","10":"thunk-woo-product-list","11":"big-store-woo-hover-zoom","12":"open-single-product-tab-horizontal","13":"open-shadow-","14":"open-shadow-hover-","16":"first","17":"outofstock","18":"sale","19":"taxable","20":"shipping-taxable","21":"purchasable","22":"product-type-simple"},"taxonomy_info":{"product_cat":[{"value":1113,"label":"Bra\u00e7o Tirante"},{"value":1104,"label":"Suspen\u00e7\u00e3o"}],"product_tag":[{"value":52,"label":"Duster"}],"berocket_brand":[{"value":394,"label":"Renault"}]},"featured_image_src_large":["https:\/\/www.casadainjecao.com.br\/loja\/wp-content\/uploads\/2021\/01\/775240-MLB29514786129_022019-545x780.jpg",545,780,true],"author_info":[],"comment_info":"","_links":{"self":[{"href":"https:\/\/www.casadainjecao.com.br\/loja\/wp-json\/wp\/v2\/product\/7092","targetHints":{"allow":["GET"]}}],"collection":[{"href":"https:\/\/www.casadainjecao.com.br\/loja\/wp-json\/wp\/v2\/product"}],"about":[{"href":"https:\/\/www.casadainjecao.com.br\/loja\/wp-json\/wp\/v2\/types\/product"}],"wp:featuredmedia":[{"embeddable":true,"href":"https:\/\/www.casadainjecao.com.br\/loja\/wp-json\/wp\/v2\/media\/7090"}],"wp:attachment":[{"href":"https:\/\/www.casadainjecao.com.br\/loja\/wp-json\/wp\/v2\/media?parent=7092"}],"wp:term":[{"taxonomy":"product_brand","embeddable":true,"href":"https:\/\/www.casadainjecao.com.br\/loja\/wp-json\/wp\/v2\/product_brand?post=7092"},{"taxonomy":"product_cat","embeddable":true,"href":"https:\/\/www.casadainjecao.com.br\/loja\/wp-json\/wp\/v2\/product_cat?post=7092"},{"taxonomy":"product_tag","embeddable":true,"href":"https:\/\/www.casadainjecao.com.br\/loja\/wp-json\/wp\/v2\/product_tag?post=7092"},{"taxonomy":"berocket_brand","embeddable":true,"href":"https:\/\/www.casadainjecao.com.br\/loja\/wp-json\/wp\/v2\/berocket_brand?post=7092"}],"curies":[{"name":"wp","href":"https:\/\/api.w.org\/{rel}","templated":true}]}}