{"id":7155,"date":"2021-01-19T12:57:24","date_gmt":"2021-01-19T15:57:24","guid":{"rendered":"http:\/\/www.casadainjecao.com.br\/loja\/produto\/caixa-filtro-de-ar-completo-renault-clio-twingo-8200239816\/"},"modified":"2025-04-09T12:01:22","modified_gmt":"2025-04-09T15:01:22","slug":"caixa-filtro-de-ar-completo-renault-clio-twingo-8200239816","status":"publish","type":"product","link":"https:\/\/www.casadainjecao.com.br\/loja\/autopecas\/motor\/filtros\/caixa-filtro-de-ar-completo-renault-clio-twingo-8200239816\/","title":{"rendered":"Caixa Filtro De Ar Completo Renault Twingo 8200239816"},"content":{"rendered":"<h2>Caixa Filtro De Ar Completo com detalhes<\/h2>\n<p>Renault<\/p>\n<p>Twingo\u00a0 D4F 1.2 16V\u00a0 1998 a 2008<\/p>\n<p>Kangoo 1.0 8v 161.6 8v 16v 1997 a 2018<\/p>\n<p>Kangoo Express 1.0 8v 161.6 8v 16v 1997 a 2018<\/p>\n<h4>C\u00f3digo de Refer\u00eancia:<\/h4>\n<p>8200239816, 707550100, 8200042209<\/p>\n<h4 class=\"western\"><span style=\"color: #1c1d1e;\"><span style=\"font-family: Arial, sans-serif;\"><span style=\"font-size: medium;\">Condi\u00e7\u00f5es:<\/span><\/span><\/span><\/h4>\n<p><span style=\"color: #1c1d1e;\"><span style=\"font-family: Arial, sans-serif;\"><span style=\"font-size: medium;\">Produto Novo \/ Marca Renault<\/span><\/span><\/span><\/p>\n<h4 class=\"western\"><span style=\"color: #1c1d1e;\"><span style=\"font-family: Arial, sans-serif;\"><span style=\"font-size: medium;\">Garantia:<\/span><\/span><\/span><\/h4>\n<p><span style=\"color: #1c1d1e;\"><span style=\"font-family: Arial, sans-serif;\"><span style=\"font-size: medium;\">3 Meses<\/span><\/span><\/span><\/p>\n<h3 class=\"western\"><span style=\"color: #1c1d1e;\"><span style=\"font-family: Arial, sans-serif;\"><span style=\"font-size: medium;\">ATEN\u00c7\u00c3O: Antes de efetuar a compra verifique o c\u00f3digo da sua pe\u00e7a que est\u00e1 instalada no seu ve\u00edculo.<\/span><\/span><\/span><\/h3>\n<p><span style=\"color: #1c1d1e;\">\u00a0<\/span><\/p>\n<p><span style=\"color: #1c1d1e;\"><span style=\"font-family: Arial, sans-serif;\"><span style=\"font-size: medium;\">A Casa da Inje\u00e7\u00e3o oferece total garantia nos produtos comprados em nosso site.<\/span><\/span><\/span><\/p>\n<p><span style=\"color: #1c1d1e;\"><span style=\"font-family: Arial, sans-serif;\"><span style=\"font-size: medium;\">1. Cada item \u00e9 rigorosamente testado antes do envio<\/span><\/span><\/span><\/p>\n<p><span style=\"color: #1c1d1e;\"><span style=\"font-family: Arial, sans-serif;\"><span style=\"font-size: medium;\">2. Se os itens estiverem danificados ou parcialmente defeituosos, entre em contato conosco.<\/span><\/span><\/span><\/p>\n<p><span style=\"color: #1c1d1e;\"><span style=\"font-family: Arial, sans-serif;\"><span style=\"font-size: medium;\">3. Procure um profissional devidamente licenciado para a instala\u00e7\u00e3o e fa\u00e7a revis\u00f5es periodicamente. A empresa n\u00e3o se responsabiliza por problemas oriundos da m\u00e1 instala\u00e7\u00e3o ou com a falta de cuidados peri\u00f3dicos dos componentes.<\/span><\/span><\/span><\/p>\n<p><span style=\"color: #1c1d1e;\"><span style=\"font-family: Arial, sans-serif;\"><span style=\"font-size: medium;\">Se houver qualquer defeito, n\u00f3s lhe enviaremos uma substitui\u00e7\u00e3o ap\u00f3s receber o pacote ou devolvemos seu dinheiro.<\/span><\/span><\/span><\/p>\n<p><span style=\"color: #1c1d1e;\"><span style=\"font-family: Arial, sans-serif;\"><span style=\"font-size: medium;\">Leia nossa\u00a0pol\u00edtica de devolu\u00e7\u00e3o aqui<br \/>\n\u2014\u2014\u2014\u2014\u2014\u2014\u2014\u2014\u2014\u2014\u2014\u2014\u2014\u2014\u2014\u2014\u2014\u2014\u2014\u2013<\/span><\/span><\/span><\/p>\n<p><span style=\"color: #1c1d1e;\"><span style=\"font-family: Arial, sans-serif;\"><span style=\"font-size: medium;\">Tem alguma d\u00favida?<\/span><\/span><\/span><\/p>\n<p><span style=\"color: #1c1d1e;\"><span style=\"font-family: Arial, sans-serif;\"><span style=\"font-size: medium;\">Entre em contato que podemos ajudar!<\/span><\/span><\/span><\/p>\n<p><span style=\"color: #1c1d1e;\"><span style=\"font-family: Arial, sans-serif;\"><span style=\"font-size: medium;\">Confira as informa\u00e7\u00f5es adicionais abaixo:<\/span><\/span><\/span><\/p>\n<p><span style=\"color: #1c1d1e;\">\u2022 <span style=\"font-family: Arial, sans-serif;\"><span style=\"font-size: medium;\">Todos os nossos produtos s\u00e3o novos, semi-novos, originais e paralelos possuem garantia.<\/span><\/span><\/span><\/p>\n<p><span style=\"color: #1c1d1e;\">\u2022 <span style=\"font-family: Arial, sans-serif;\"><span style=\"font-size: medium;\">Todos os produtos anunciados est\u00e3o dispon\u00edveis em estoque e s\u00e3o enviados com extrema rapidez.<\/span><\/span><\/span><\/p>\n<p><span style=\"color: #1c1d1e;\">\u2022 <span style=\"font-family: Arial, sans-serif;\"><span style=\"font-size: medium;\">O frete pode ser simulado antes de efetuar a compra, basta clicar em \u201cver custos de envio\u201d.<\/span><\/span><\/span><\/p>\n<p><span style=\"color: #1c1d1e;\">\u2022 <span style=\"font-family: Arial, sans-serif;\"><span style=\"font-size: medium;\">Verifique o endere\u00e7o de entrega cadastrado e atualize caso necess\u00e1rio.<br \/>\n\u2022 Confirme se a pe\u00e7a \u00e9 correta para o seu modelo de ve\u00edculo.<\/span><\/span><\/span><\/p>\n<p><span style=\"color: #1c1d1e;\">\u2022 <span style=\"font-family: Arial, sans-serif;\"><span style=\"font-size: medium;\">Para pe\u00e7as automotivas, recomendamos a instala\u00e7\u00e3o por um profissional especializado.<\/span><\/span><\/span><\/p>\n<p><span style=\"color: #1c1d1e;\">\u2022 <span style=\"font-family: Arial, sans-serif;\"><span style=\"font-size: medium;\">Caso possua outras d\u00favidas, entre em contato.<\/span><\/span><\/span><\/p>\n","protected":false},"excerpt":{"rendered":"<h2>Caixa Filtro De Ar Completo Renault Clio Twingo &#8211; 8200239816<\/h2>\n","protected":false},"featured_media":7152,"template":"","meta":{"_seopress_robots_primary_cat":"none","_seopress_titles_title":"","_seopress_titles_desc":"","_seopress_robots_index":"","_joinchat":[]},"product_cat":[221,22],"product_tag":[49,401],"berocket_brand":[394],"_links":{"self":[{"href":"https:\/\/www.casadainjecao.com.br\/loja\/wp-json\/wp\/v2\/product\/7155"}],"collection":[{"href":"https:\/\/www.casadainjecao.com.br\/loja\/wp-json\/wp\/v2\/product"}],"about":[{"href":"https:\/\/www.casadainjecao.com.br\/loja\/wp-json\/wp\/v2\/types\/product"}],"wp:featuredmedia":[{"embeddable":true,"href":"https:\/\/www.casadainjecao.com.br\/loja\/wp-json\/wp\/v2\/media\/7152"}],"wp:attachment":[{"href":"https:\/\/www.casadainjecao.com.br\/loja\/wp-json\/wp\/v2\/media?parent=7155"}],"wp:term":[{"taxonomy":"product_cat","embeddable":true,"href":"https:\/\/www.casadainjecao.com.br\/loja\/wp-json\/wp\/v2\/product_cat?post=7155"},{"taxonomy":"product_tag","embeddable":true,"href":"https:\/\/www.casadainjecao.com.br\/loja\/wp-json\/wp\/v2\/product_tag?post=7155"},{"taxonomy":"berocket_brand","embeddable":true,"href":"https:\/\/www.casadainjecao.com.br\/loja\/wp-json\/wp\/v2\/berocket_brand?post=7155"}],"curies":[{"name":"wp","href":"https:\/\/api.w.org\/{rel}","templated":true}]}}