{"id":7164,"date":"2021-01-19T12:58:16","date_gmt":"2021-01-19T15:58:16","guid":{"rendered":"http:\/\/www.casadainjecao.com.br\/loja\/produto\/filtro-de-ar-motrio-renault-megane-8671008124\/"},"modified":"2025-10-31T10:24:39","modified_gmt":"2025-10-31T13:24:39","slug":"filtro-de-ar-motrio-renault-megane-8671008124","status":"publish","type":"product","link":"https:\/\/www.casadainjecao.com.br\/loja\/autopecas\/motor\/filtros\/filtro-de-ar-motrio-renault-megane-8671008124\/","title":{"rendered":"Filtro De Ar Motrio Renault Megane &#8211; 8671008124"},"content":{"rendered":"<h2>Filtro de Ar Motrio<\/h2>\n<h3>Renault Megane<\/h3>\n<h3>Escort Wagon Zetec com e sem Ar 1.8\/2.0<\/h3>\n<h3>C\u00f3digo:<\/h3>\n<h3>8671008124<\/h3>\n<h5>Condi\u00e7\u00f5es:<br \/>\nProduto Novo \/ Marca Motrio<br \/>\nGarantia:<br \/>\n3 Meses<br \/>\nATEN\u00c7\u00c3O: Antes de efetuar a compra verifique o c\u00f3digo da sua pe\u00e7a que est\u00e1 instalado no seu ve\u00edculo.<br \/>\nA Casa da Inje\u00e7\u00e3o SP oferece total garantia nos produtos comprados em nosso site.<br \/>\nCada item \u00e9 rigorosamente inspecionado\u00a0antes do envio<br \/>\nSe os itens estiverem danificados ou parcialmente defeituosos, entre em contato conosco.<br \/>\nProcure um profissional devidamente licenciado para a instala\u00e7\u00e3o e fa\u00e7a revis\u00f5es periodicamente. A empresa n\u00e3o se responsabiliza por problemas oriundos da m\u00e1 instala\u00e7\u00e3o ou com a falta de cuidados peri\u00f3dicos dos componentes.<br \/>\nSe houver qualquer defeito, ficamos a disposi\u00e7\u00e3o para a substitui\u00e7\u00e3o ou devolvemos seu dinheiro.<br \/>\nTem alguma d\u00favida?<br \/>\nEntre em contato que podemos ajudar!<br \/>\nConfira as informa\u00e7\u00f5es adicionais abaixo:<br \/>\nTodos os produtos anunciados est\u00e3o dispon\u00edveis em estoque e s\u00e3o enviados com extrema rapidez .<br \/>\nO frete pode ser simulado antes de efetuar a compra, basta clicar em \u201cver custos de envio\u201d.<br \/>\nVerifique o endere\u00e7o de entrega cadastrado e atualize caso necess\u00e1rio.<br \/>\nConfirme se a pe\u00e7a \u00e9 correta para o seu modelo de ve\u00edculo.<br \/>\nPara pe\u00e7as automotivas, recomendamos a instala\u00e7\u00e3o por um profissional especializado.<br \/>\nCaso possua outras d\u00favidas, entre em contato.<\/h5>\n","protected":false},"excerpt":{"rendered":"<h1>Filtro De Ar Motrio Renault Megane &#8211; 8671008124<\/h1>\n","protected":false},"featured_media":7518,"template":"","meta":{"_seopress_robots_primary_cat":"none","_seopress_titles_title":"","_seopress_titles_desc":"","_seopress_robots_index":"","_joinchat":[]},"product_cat":[1376,221,22],"product_tag":[50],"berocket_brand":[384,394],"_links":{"self":[{"href":"https:\/\/www.casadainjecao.com.br\/loja\/wp-json\/wp\/v2\/product\/7164"}],"collection":[{"href":"https:\/\/www.casadainjecao.com.br\/loja\/wp-json\/wp\/v2\/product"}],"about":[{"href":"https:\/\/www.casadainjecao.com.br\/loja\/wp-json\/wp\/v2\/types\/product"}],"wp:featuredmedia":[{"embeddable":true,"href":"https:\/\/www.casadainjecao.com.br\/loja\/wp-json\/wp\/v2\/media\/7518"}],"wp:attachment":[{"href":"https:\/\/www.casadainjecao.com.br\/loja\/wp-json\/wp\/v2\/media?parent=7164"}],"wp:term":[{"taxonomy":"product_cat","embeddable":true,"href":"https:\/\/www.casadainjecao.com.br\/loja\/wp-json\/wp\/v2\/product_cat?post=7164"},{"taxonomy":"product_tag","embeddable":true,"href":"https:\/\/www.casadainjecao.com.br\/loja\/wp-json\/wp\/v2\/product_tag?post=7164"},{"taxonomy":"berocket_brand","embeddable":true,"href":"https:\/\/www.casadainjecao.com.br\/loja\/wp-json\/wp\/v2\/berocket_brand?post=7164"}],"curies":[{"name":"wp","href":"https:\/\/api.w.org\/{rel}","templated":true}]}}