{"id":7235,"date":"2021-01-19T13:04:09","date_gmt":"2021-01-19T16:04:09","guid":{"rendered":"http:\/\/www.casadainjecao.com.br\/loja\/produto\/cabo-de-vela-de-ignicao-renault-clio-1-6-8v-7700850795\/"},"modified":"2024-10-08T11:38:30","modified_gmt":"2024-10-08T14:38:30","slug":"cabo-de-vela-de-ignicao-renault-clio-1-6-8v-7700850795","status":"publish","type":"product","link":"https:\/\/www.casadainjecao.com.br\/loja\/autopecas\/eletrica\/cabos-de-velas\/cabo-de-vela-de-ignicao-renault-clio-1-6-8v-7700850795\/","title":{"rendered":"Cabo De Vela De Igni\u00e7\u00e3o Renault Clio 1.6 8v &#8211; 770085"},"content":{"rendered":"<h1>Cabo De Vela De Igni\u00e7\u00e3o Renault Clio 1.6 8v &#8211; 7700850795<\/h1>\n","protected":false},"excerpt":{"rendered":"<h2>Cabo de Vela de Igni\u00e7\u00e3o<\/h2>\n<h2>Renault R19 Clio 1.6 8v 1996&gt;1999<\/h2>\n<h2>Codigo:- 7700850795 c=59<\/h2>\n","protected":false},"featured_media":17426,"template":"","meta":{"_seopress_robots_primary_cat":"none","_seopress_titles_title":"","_seopress_titles_desc":"","_seopress_robots_index":"","_kad_blocks_custom_css":"","_kad_blocks_head_custom_js":"","_kad_blocks_body_custom_js":"","_kad_blocks_footer_custom_js":"","_joinchat":[]},"product_cat":[129,17,1104],"product_tag":[49,90],"berocket_brand":[394],"taxonomy_info":{"product_cat":[{"value":129,"label":"Cabos de Vela"},{"value":17,"label":"El\u00e9trica"},{"value":1104,"label":"Suspen\u00e7\u00e3o"}],"product_tag":[{"value":49,"label":"Clio"},{"value":90,"label":"R19"}],"berocket_brand":[{"value":394,"label":"Renault"}]},"featured_image_src_large":["https:\/\/www.casadainjecao.com.br\/loja\/wp-content\/uploads\/2021\/01\/7700850795-Cabo-Vela-Ignicao-orig.jpg",640,480,false],"author_info":[],"comment_info":"","_links":{"self":[{"href":"https:\/\/www.casadainjecao.com.br\/loja\/wp-json\/wp\/v2\/product\/7235"}],"collection":[{"href":"https:\/\/www.casadainjecao.com.br\/loja\/wp-json\/wp\/v2\/product"}],"about":[{"href":"https:\/\/www.casadainjecao.com.br\/loja\/wp-json\/wp\/v2\/types\/product"}],"wp:featuredmedia":[{"embeddable":true,"href":"https:\/\/www.casadainjecao.com.br\/loja\/wp-json\/wp\/v2\/media\/17426"}],"wp:attachment":[{"href":"https:\/\/www.casadainjecao.com.br\/loja\/wp-json\/wp\/v2\/media?parent=7235"}],"wp:term":[{"taxonomy":"product_cat","embeddable":true,"href":"https:\/\/www.casadainjecao.com.br\/loja\/wp-json\/wp\/v2\/product_cat?post=7235"},{"taxonomy":"product_tag","embeddable":true,"href":"https:\/\/www.casadainjecao.com.br\/loja\/wp-json\/wp\/v2\/product_tag?post=7235"},{"taxonomy":"berocket_brand","embeddable":true,"href":"https:\/\/www.casadainjecao.com.br\/loja\/wp-json\/wp\/v2\/berocket_brand?post=7235"}],"curies":[{"name":"wp","href":"https:\/\/api.w.org\/{rel}","templated":true}]}}