{"id":7339,"date":"2021-01-19T13:11:53","date_gmt":"2021-01-19T16:11:53","guid":{"rendered":"http:\/\/www.casadainjecao.com.br\/loja\/produto\/sensor-do-abs-linea-palio-idea-10071152263-51790014-direito\/"},"modified":"2025-11-18T16:33:00","modified_gmt":"2025-11-18T19:33:00","slug":"sensor-do-abs-linea-palio-idea-10071152263-51790014-direito","status":"publish","type":"product","link":"https:\/\/www.casadainjecao.com.br\/loja\/autopecas\/freios\/sensor-abs\/sensor-do-abs-linea-palio-idea-10071152263-51790014-direito\/","title":{"rendered":"Sensor Abs Traseiro Direito Fiat Linea Punto &#8211; 5191828"},"content":{"rendered":"<h2>Sensor do ABS Traseiro Direito<\/h2>\n<p><strong>APLICA\u00c7\u00c3O:<\/strong><\/p>\n<ul>\n<li>FIAT Linea (2009 &#8211; 2014)<\/li>\n<li>FIAT Linea Fase 1 (2015 &#8211; 2016)<\/li>\n<li>FIAT Punto T-JET (2008 &#8211; 2012)<\/li>\n<li>FIAT Punto Fase 1 T-JET (2013 &#8211; 2017)<\/li>\n<\/ul>\n<hr \/>\n<p><strong>Ficha T\u00e9cnica:<\/strong><\/p>\n<ul>\n<li><strong>Posi\u00e7\u00e3o:<\/strong> Traseiro Direito<\/li>\n<li><strong>Tamanho:<\/strong> 715 mm<\/li>\n<li><strong>Estado:<\/strong> Novo Original<\/li>\n<li><strong>Marca:<\/strong> Fiat<\/li>\n<li><strong>C\u00f3digos de refer\u00eancia:<\/strong> 51790014, 10071152263,<\/li>\n<\/ul>\n<p>51782490, 51918282,<\/p>\n<p>51918284, 52090316, ARBS428<\/p>\n<p><strong>Garantia:<\/strong> 3 Meses<\/p>\n<hr \/>\n<p>A MOPAR\u00ae \u00e9 a marca de pe\u00e7as de reposi\u00e7\u00e3o genu\u00ednas do Grupo Stellantis, respons\u00e1vel pelas marcas Fiat, Jeep, Peugeot, Citro\u00ebn e RAM. As pe\u00e7as e acess\u00f3rios MOPAR\u00ae s\u00e3o criadas pelas mesmas equipes que projetaram seu ve\u00edculo, atendendo a todos os padr\u00f5es de f\u00e1brica, garantindo excelente desempenho.<\/p>\n<h3>ATEN\u00c7\u00c3O: Antes de efetuar a compra, verifique o c\u00f3digo do Sensor do ABS Lado Direito que est\u00e1 instalado no seu ve\u00edculo.<\/h3>\n<p>A Casa da Inje\u00e7\u00e3o oferece total garantia nos produtos comprados em nosso site. Cada item \u00e9 rigorosamente testado antes do envio. Se os itens estiverem danificados ou parcialmente defeituosos, entre em contato conosco. Em caso de defeito, enviaremos uma substitui\u00e7\u00e3o ap\u00f3s receber o pacote ou devolvemos seu dinheiro.<\/p>\n<p><strong>Leia nossa pol\u00edtica de devolu\u00e7\u00e3o aqui.<\/strong><\/p>\n<h5><a href=\"https:\/\/www.casadainjecao.com.br\/loja\/politica-de-devolucao\">pol\u00edtica de devolu\u00e7\u00e3o aqui<\/a><\/h5>\n<p><strong>Tem alguma d\u00favida?<\/strong><br \/>\nEntre em contato que podemos ajudar!<\/p>\n<hr \/>\n<h3>Informa\u00e7\u00f5es Adicionais:<\/h3>\n<ul>\n<li>Todos os nossos produtos s\u00e3o novos, semi-novos, originais, paralelos e possuem garantia.<\/li>\n<li>Todos os produtos anunciados est\u00e3o dispon\u00edveis em estoque e s\u00e3o enviados com extrema rapidez.<\/li>\n<li>O frete pode ser simulado antes de efetuar a compra; basta clicar em \u201cver custos de envio\u201d.<\/li>\n<li>Verifique o endere\u00e7o de entrega cadastrado e atualize caso necess\u00e1rio.<\/li>\n<li>Confirme se a pe\u00e7a \u00e9 correta para o seu modelo de ve\u00edculo.<\/li>\n<li>Para pe\u00e7as automotivas, recomendamos a instala\u00e7\u00e3o por um profissional especializado.<\/li>\n<\/ul>\n<p>Caso possua outras d\u00favidas, entre em contato.<\/p>\n","protected":false},"excerpt":{"rendered":"<h2>Sensor Abs Traseiro Direito Original<\/h2>\n<h2>Fiat Linea Punto &#8211; 51918284<\/h2>\n","protected":false},"featured_media":36692,"template":"","meta":{"_seopress_robots_primary_cat":"none","_seopress_titles_title":"","_seopress_titles_desc":"","_seopress_robots_index":"","_joinchat":[]},"product_cat":[20,189],"product_tag":[709,119],"berocket_brand":[383],"_links":{"self":[{"href":"https:\/\/www.casadainjecao.com.br\/loja\/wp-json\/wp\/v2\/product\/7339"}],"collection":[{"href":"https:\/\/www.casadainjecao.com.br\/loja\/wp-json\/wp\/v2\/product"}],"about":[{"href":"https:\/\/www.casadainjecao.com.br\/loja\/wp-json\/wp\/v2\/types\/product"}],"wp:featuredmedia":[{"embeddable":true,"href":"https:\/\/www.casadainjecao.com.br\/loja\/wp-json\/wp\/v2\/media\/36692"}],"wp:attachment":[{"href":"https:\/\/www.casadainjecao.com.br\/loja\/wp-json\/wp\/v2\/media?parent=7339"}],"wp:term":[{"taxonomy":"product_cat","embeddable":true,"href":"https:\/\/www.casadainjecao.com.br\/loja\/wp-json\/wp\/v2\/product_cat?post=7339"},{"taxonomy":"product_tag","embeddable":true,"href":"https:\/\/www.casadainjecao.com.br\/loja\/wp-json\/wp\/v2\/product_tag?post=7339"},{"taxonomy":"berocket_brand","embeddable":true,"href":"https:\/\/www.casadainjecao.com.br\/loja\/wp-json\/wp\/v2\/berocket_brand?post=7339"}],"curies":[{"name":"wp","href":"https:\/\/api.w.org\/{rel}","templated":true}]}}