{"id":7467,"date":"2021-01-20T10:50:25","date_gmt":"2021-01-20T13:50:25","guid":{"rendered":"http:\/\/www.casadainjecao.com.br\/loja\/?post_type=product&#038;p=7467"},"modified":"2025-03-31T13:31:04","modified_gmt":"2025-03-31T16:31:04","slug":"modulo-de-injecao-eletronica-ford-ranger-transit-3-2-ab39-12a650-ff","status":"publish","type":"product","link":"https:\/\/www.casadainjecao.com.br\/loja\/autopecas\/injecao-eletronica\/modulo-de-injecao\/modulo-de-injecao-eletronica-ford-ranger-transit-3-2-ab39-12a650-ff\/","title":{"rendered":"Modulo De Inje\u00e7\u00e3o Eletr\u00f4nica Ford Ranger Transit 3.2 &#82"},"content":{"rendered":"<h1>Modulo De Inje\u00e7\u00e3o Eletr\u00f4nica Novo Original<\/h1>\n<h1>Ford Ranger Transit 3.2 2012&#8230;<\/h1>\n<h1>Codigo:- AB39-12A650-FF \/S180140102A\/SID208<\/h1>\n","protected":false},"excerpt":{"rendered":"<h2>Modulo De Inje\u00e7\u00e3o Eletr\u00f4nica Ford Ranger Transit 3.2 &#8211; AB39-12A650-FF<\/h2>\n","protected":false},"featured_media":7468,"template":"","meta":{"_seopress_robots_primary_cat":"none","_seopress_titles_title":"","_seopress_titles_desc":"","_seopress_robots_index":"","_joinchat":[]},"product_cat":[21,264],"product_tag":[278],"berocket_brand":[384],"_links":{"self":[{"href":"https:\/\/www.casadainjecao.com.br\/loja\/wp-json\/wp\/v2\/product\/7467"}],"collection":[{"href":"https:\/\/www.casadainjecao.com.br\/loja\/wp-json\/wp\/v2\/product"}],"about":[{"href":"https:\/\/www.casadainjecao.com.br\/loja\/wp-json\/wp\/v2\/types\/product"}],"wp:featuredmedia":[{"embeddable":true,"href":"https:\/\/www.casadainjecao.com.br\/loja\/wp-json\/wp\/v2\/media\/7468"}],"wp:attachment":[{"href":"https:\/\/www.casadainjecao.com.br\/loja\/wp-json\/wp\/v2\/media?parent=7467"}],"wp:term":[{"taxonomy":"product_cat","embeddable":true,"href":"https:\/\/www.casadainjecao.com.br\/loja\/wp-json\/wp\/v2\/product_cat?post=7467"},{"taxonomy":"product_tag","embeddable":true,"href":"https:\/\/www.casadainjecao.com.br\/loja\/wp-json\/wp\/v2\/product_tag?post=7467"},{"taxonomy":"berocket_brand","embeddable":true,"href":"https:\/\/www.casadainjecao.com.br\/loja\/wp-json\/wp\/v2\/berocket_brand?post=7467"}],"curies":[{"name":"wp","href":"https:\/\/api.w.org\/{rel}","templated":true}]}}