{"id":7477,"date":"2021-01-20T13:01:04","date_gmt":"2021-01-20T16:01:04","guid":{"rendered":"http:\/\/www.casadainjecao.com.br\/loja\/produto\/valvula-solenoide-hyundai-kia-39406-2e000\/"},"modified":"2023-05-14T14:40:33","modified_gmt":"2023-05-14T17:40:33","slug":"valvula-solenoide-hyundai-kia-39406-2e000","status":"publish","type":"product","link":"https:\/\/www.casadainjecao.com.br\/loja\/autopecas\/motor\/valvulas\/valvula-solenoide-hyundai-kia-39406-2e000\/","title":{"rendered":"V\u00e1lvula Solen\u00f3ide de V\u00e1cuo Hyundai IX35 Kia Sportage &#82"},"content":{"rendered":"<h1>V\u00e1lvula Solen\u00f3ide de V\u00e1cuo Hyundai IX35 Kia Sportage &#8211; 39406-2E000<\/h1>\n","protected":false},"excerpt":{"rendered":"<h2>V\u00e1lvula Solen\u00f3ide de V\u00e1cuo<br \/>\nHyundai IX35 2.0 16V 2014 \u00e0 2017<br \/>\nKia Sportage 2.0 16V 2014 \u00e0 2017<\/h2>\n<h2>Codigo:- 39406-2E000<\/h2>\n<h2>c=269<\/h2>\n","protected":false},"featured_media":7473,"template":"","meta":{"_seopress_robots_primary_cat":"none","_seopress_titles_title":"","_seopress_titles_desc":"","_seopress_robots_index":"","_joinchat":[]},"product_cat":[21,22,271,244],"product_tag":[318,696],"berocket_brand":[386,388],"_links":{"self":[{"href":"https:\/\/www.casadainjecao.com.br\/loja\/wp-json\/wp\/v2\/product\/7477"}],"collection":[{"href":"https:\/\/www.casadainjecao.com.br\/loja\/wp-json\/wp\/v2\/product"}],"about":[{"href":"https:\/\/www.casadainjecao.com.br\/loja\/wp-json\/wp\/v2\/types\/product"}],"wp:featuredmedia":[{"embeddable":true,"href":"https:\/\/www.casadainjecao.com.br\/loja\/wp-json\/wp\/v2\/media\/7473"}],"wp:attachment":[{"href":"https:\/\/www.casadainjecao.com.br\/loja\/wp-json\/wp\/v2\/media?parent=7477"}],"wp:term":[{"taxonomy":"product_cat","embeddable":true,"href":"https:\/\/www.casadainjecao.com.br\/loja\/wp-json\/wp\/v2\/product_cat?post=7477"},{"taxonomy":"product_tag","embeddable":true,"href":"https:\/\/www.casadainjecao.com.br\/loja\/wp-json\/wp\/v2\/product_tag?post=7477"},{"taxonomy":"berocket_brand","embeddable":true,"href":"https:\/\/www.casadainjecao.com.br\/loja\/wp-json\/wp\/v2\/berocket_brand?post=7477"}],"curies":[{"name":"wp","href":"https:\/\/api.w.org\/{rel}","templated":true}]}}