{"id":7555,"date":"2021-01-20T16:20:00","date_gmt":"2021-01-20T19:20:00","guid":{"rendered":"http:\/\/www.casadainjecao.com.br\/loja\/produto\/fechadura-inferior-capo-duster-apos-11\/"},"modified":"2024-10-31T14:15:17","modified_gmt":"2024-10-31T17:15:17","slug":"fechadura-inferior-capo-duster-apos-11","status":"publish","type":"product","link":"https:\/\/www.casadainjecao.com.br\/loja\/autopecas\/carroceria\/capo\/fechadura-inferior-capo-duster-apos-11\/","title":{"rendered":"Fechadura Trava Inferior Cap\u00f4 Renault Duster Original &#821"},"content":{"rendered":"<h1>Fechadura Trava Inferior do Cap\u00f4 Original<\/h1>\n<h3>Renault Duster Oroch\u00a0 1.6 16v \/2.0 16v\u00a0 2011&#8230;.<\/h3>\n<h3>Duster 1.6 16V H4M\u00a0 2016 &#8230;<br \/>\nDuster 1.6 16V K4M &#8211; 2012 a 2015<br \/>\nDuster 2.0 16V F4R &#8211; 2011 &#8230;<br \/>\nDuster 2.0 16V F4R &#8211; 2015 &#8230;<br \/>\nOroch 1.6 16V H4M &#8211; 2016 &#8230;<br \/>\nOroch 1.6 16V K4M &#8211; 2015 &#8230;<br \/>\nOroch 2.0 16V F4R &#8211; 2015 &#8230;<\/h3>\n<h3>Codigo:- 656010017r,656014530r,656019137r<\/h3>\n<h5><strong>Condi\u00e7\u00f5es:<\/strong><\/h5>\n<h5><strong>Produto Novo Original<\/strong><\/h5>\n<h5><strong>Garantia:<\/strong><\/h5>\n<h5><strong>3 Meses<\/strong><\/h5>\n<h5><strong>ATEN\u00c7\u00c3O: Antes de efetuar a compra verifique o c\u00f3digo da sua pe\u00e7a que est\u00e1 instalado no seu ve\u00edculo.<\/strong><\/h5>\n<h5><strong>A Casa da Inje\u00e7\u00e3o oferece total garantia nos produtos comprados em nosso site.<\/strong><\/h5>\n<h5><strong>Cada item \u00e9 rigorosamente testado antes do envio<\/strong><\/h5>\n<h5><strong>Se os itens estiverem danificados ou parcialmente defeituosos, entre em contato conosco.<\/strong><\/h5>\n<h5><strong>Procure um profissional devidamente licenciado para a instala\u00e7\u00e3o e fa\u00e7a revis\u00f5es periodicamente. A empresa n\u00e3o se responsabiliza por problemas oriundos da m\u00e1 instala\u00e7\u00e3o ou com a falta de cuidados peri\u00f3dicos dos componentes.<\/strong><\/h5>\n<h5><strong>Se houver qualquer defeito, n\u00f3s lhe enviaremos uma substitui\u00e7\u00e3o ap\u00f3s receber o pacote ou devolvemos seu dinheiro.<\/strong><\/h5>\n<h5><strong>Leia nossa\u00a0<\/strong><a href=\"https:\/\/www.casadainjecao.com.br\/loja\/politica-de-devolucao\"><strong>pol\u00edtica de devolu\u00e7\u00e3o aqui<\/strong><\/a><\/h5>\n<h5><strong>\u2014\u2014\u2014\u2014\u2014\u2014\u2014\u2014\u2014\u2014\u2014\u2014\u2014\u2014\u2014\u2014\u2014\u2014\u2014\u2013<\/strong><\/h5>\n<h5><strong>Tem alguma d\u00favida?<\/strong><\/h5>\n<h5><strong>Entre em contato que podemos ajudar!<\/strong><\/h5>\n<h5><strong>Confira as informa\u00e7\u00f5es adicionais abaixo:<\/strong><\/h5>\n<h5><strong>Todos os nossos produtos s\u00e3o novos, semi-novos, originais e paralelos possuem garantia.<\/strong><\/h5>\n<h5><strong>Todos os produtos anunciados est\u00e3o dispon\u00edveis em estoque e s\u00e3o enviados com extrema rapidez.<\/strong><\/h5>\n<h5><strong>O frete pode ser simulado antes de efetuar a compra, basta clicar em \u201cver custos de envio\u201d.<\/strong><\/h5>\n<h5><strong>Verifique o endere\u00e7o de entrega cadastrado e atualize caso necess\u00e1rio.<\/strong><\/h5>\n<h5><strong>Confirme se a pe\u00e7a \u00e9 correta para o seu modelo de ve\u00edculo.<\/strong><\/h5>\n<h5><strong>Para pe\u00e7as automotivas, recomendamos a instala\u00e7\u00e3o por um profissional especializado.<\/strong><\/h5>\n<h5><strong>Caso possua outras d\u00favidas, entre em contato.<\/strong><\/h5>\n","protected":false},"excerpt":{"rendered":"<h2>Fechadura Inferior do Cap\u00f4\u00a0Renault Duster Oroch &#8211; 656010017r\u00a0 c=76<\/h2>\n","protected":false},"featured_media":17588,"template":"","meta":{"_seopress_robots_primary_cat":"none","_seopress_titles_title":"","_seopress_titles_desc":"","_seopress_robots_index":"","_joinchat":[]},"product_cat":[87,83,92],"product_tag":[52,1203],"berocket_brand":[394],"_links":{"self":[{"href":"https:\/\/www.casadainjecao.com.br\/loja\/wp-json\/wp\/v2\/product\/7555"}],"collection":[{"href":"https:\/\/www.casadainjecao.com.br\/loja\/wp-json\/wp\/v2\/product"}],"about":[{"href":"https:\/\/www.casadainjecao.com.br\/loja\/wp-json\/wp\/v2\/types\/product"}],"wp:featuredmedia":[{"embeddable":true,"href":"https:\/\/www.casadainjecao.com.br\/loja\/wp-json\/wp\/v2\/media\/17588"}],"wp:attachment":[{"href":"https:\/\/www.casadainjecao.com.br\/loja\/wp-json\/wp\/v2\/media?parent=7555"}],"wp:term":[{"taxonomy":"product_cat","embeddable":true,"href":"https:\/\/www.casadainjecao.com.br\/loja\/wp-json\/wp\/v2\/product_cat?post=7555"},{"taxonomy":"product_tag","embeddable":true,"href":"https:\/\/www.casadainjecao.com.br\/loja\/wp-json\/wp\/v2\/product_tag?post=7555"},{"taxonomy":"berocket_brand","embeddable":true,"href":"https:\/\/www.casadainjecao.com.br\/loja\/wp-json\/wp\/v2\/berocket_brand?post=7555"}],"curies":[{"name":"wp","href":"https:\/\/api.w.org\/{rel}","templated":true}]}}