{"id":7681,"date":"2021-01-26T15:53:05","date_gmt":"2021-01-26T18:53:05","guid":{"rendered":"http:\/\/www.casadainjecao.com.br\/loja\/produto\/emblema-friso-lateral-renault-megane-grand-scenic-2-0-16v\/"},"modified":"2026-03-04T19:51:25","modified_gmt":"2026-03-04T22:51:25","slug":"emblema-friso-lateral-renault-megane-grand-scenic-2-0-16v","status":"publish","type":"product","link":"https:\/\/www.casadainjecao.com.br\/loja\/autopecas\/carroceria\/porta-dianteira\/emblema-friso-lateral-renault-megane-grand-scenic-2-0-16v\/","title":{"rendered":"Emblema Porta Dianteira Esquerda Renault Megane Scenic &#821"},"content":{"rendered":"<h2>Emblema Porta Dianteira Esquerda Prata Original<\/h2>\n<p><strong>RENAULT<\/strong><\/p>\n<p>Megane II Grand Sc\u00e9nic 2.0 16v (2008 a 2009)<\/p>\n<h4>C\u00f3digo de refer\u00eancia:<\/h4>\n<p>8200717150, 8200209145,\u00a08200073440<\/p>\n<h4>Condi\u00e7\u00f5es:<\/h4>\n<p>Novo Original\/ Marca Renault<\/p>\n<h4>Garantia:<\/h4>\n<p>3 Meses<\/p>\n<h3>APLICA\u00c7\u00c3O:<\/h3>\n<p>Linha Renault<\/p>\n<h4><strong>O que \u00e9 e para que serve o Emblema Friso Lateral?<\/strong><\/h4>\n<p>O Emblema Friso Lateral serve principalmente para fins est\u00e9ticos e identifica\u00e7\u00e3o da marca. Muitas vezes cont\u00e9m o logotipo ou nome do fabricante do ve\u00edculo, e \u00e9 uma forma visual de identificar a marca do carro.<\/p>\n<p>&nbsp;<\/p>\n<p>A Casa da Inje\u00e7\u00e3o oferece total garantia nos produtos comprados em nosso site.<\/p>\n<ol>\n<li>Cada item \u00e9 rigorosamente testado antes do envio<\/li>\n<li>Se os itens estiverem danificados ou parcialmente defeituosos, entre em contato conosco.<\/li>\n<\/ol>\n<p>Se houver qualquer defeito, n\u00f3s lhe enviaremos uma substitui\u00e7\u00e3o ap\u00f3s receber o pacote ou devolvemos seu dinheiro.<\/p>\n<p>Leia nossa<span style=\"color: #ff0000;\">\u00a0<a style=\"color: #ff0000;\" href=\"https:\/\/www.casadainjecao.com.br\/loja\/politica-de-devolucao\">pol\u00edtica de devolu\u00e7\u00e3o aqui<\/a><\/span><\/p>\n<p>\u2014\u2014\u2014\u2014\u2014\u2014\u2014\u2014\u2014\u2014\u2014\u2014\u2014\u2014\u2014\u2014\u2014\u2014\u2014\u2013<\/p>\n<p><strong>ATEN\u00c7\u00c3O<\/strong>: Antes de efetuar a compra verifique o c\u00f3digo do Emblema do Friso Lateral que est\u00e1 instalado no seu ve\u00edculo.<\/p>\n<p>O Emblema do Friso Lateral \u00e9 compat\u00edvel com as marcas, Renault Grand Sc\u00e9nic<\/p>\n<p>\u2014\u2014\u2014\u2014\u2014\u2014\u2014\u2014\u2014\u2014\u2014\u2014\u2014\u2014\u2014\u2014\u2014\u2014\u2014\u2014-<\/p>\n<h4>Tem alguma d\u00favida?<\/h4>\n<p>Entre em contato que podemos ajudar!<\/p>\n<p>Confira as informa\u00e7\u00f5es adicionais abaixo:<\/p>\n<ul>\n<li>Todos os nossos produtos s\u00e3o novos, semi-novos, originais, paralelos e possuem garantia.<\/li>\n<li>Todos os produtos anunciados est\u00e3o dispon\u00edveis em estoque e s\u00e3o enviados com extrema rapidez.<\/li>\n<li>O frete pode ser simulado antes de efetuar a compra, basta clicar em \u201cver custos de envio\u201d.<\/li>\n<li>Verifique o endere\u00e7o de entrega cadastrado e atualize caso necess\u00e1rio.<\/li>\n<li>Confirme se a pe\u00e7a \u00e9 correta para o seu modelo de ve\u00edculo.<\/li>\n<li>Para pe\u00e7as automotivas, recomendamos a instala\u00e7\u00e3o por um profissional especializado.<\/li>\n<\/ul>\n<p>Caso possua outras d\u00favidas, entre em contato.<\/p>\n","protected":false},"excerpt":{"rendered":"<h2>Emblema Porta Dianteira Esquerda Renault Grand Scenic 2.0 16v &#8211; 8200717150<\/h2>\n<h2><\/h2>\n","protected":false},"featured_media":26736,"template":"","meta":{"_seopress_robots_primary_cat":"none","_seopress_titles_title":"","_seopress_titles_desc":"","_seopress_robots_index":"","_kad_blocks_custom_css":"","_kad_blocks_head_custom_js":"","_kad_blocks_body_custom_js":"","_kad_blocks_footer_custom_js":"","_joinchat":[]},"product_cat":[83,1057,23,307,2226],"product_tag":[147,51],"berocket_brand":[394],"taxonomy_info":{"product_cat":[{"value":83,"label":"Carroceria"},{"value":1057,"label":"Emblema"},{"value":23,"label":"Exterior"},{"value":307,"label":"Frisos"},{"value":2226,"label":"Porta Dianteira"}],"product_tag":[{"value":147,"label":"Megane II"},{"value":51,"label":"Scenic"}],"berocket_brand":[{"value":394,"label":"Renault"}]},"featured_image_src_large":["https:\/\/www.casadainjecao.com.br\/loja\/wp-content\/uploads\/2021\/01\/8200717150-3-1-900x450.jpg",640,320,true],"author_info":[],"comment_info":"","_links":{"self":[{"href":"https:\/\/www.casadainjecao.com.br\/loja\/wp-json\/wp\/v2\/product\/7681"}],"collection":[{"href":"https:\/\/www.casadainjecao.com.br\/loja\/wp-json\/wp\/v2\/product"}],"about":[{"href":"https:\/\/www.casadainjecao.com.br\/loja\/wp-json\/wp\/v2\/types\/product"}],"wp:featuredmedia":[{"embeddable":true,"href":"https:\/\/www.casadainjecao.com.br\/loja\/wp-json\/wp\/v2\/media\/26736"}],"wp:attachment":[{"href":"https:\/\/www.casadainjecao.com.br\/loja\/wp-json\/wp\/v2\/media?parent=7681"}],"wp:term":[{"taxonomy":"product_cat","embeddable":true,"href":"https:\/\/www.casadainjecao.com.br\/loja\/wp-json\/wp\/v2\/product_cat?post=7681"},{"taxonomy":"product_tag","embeddable":true,"href":"https:\/\/www.casadainjecao.com.br\/loja\/wp-json\/wp\/v2\/product_tag?post=7681"},{"taxonomy":"berocket_brand","embeddable":true,"href":"https:\/\/www.casadainjecao.com.br\/loja\/wp-json\/wp\/v2\/berocket_brand?post=7681"}],"curies":[{"name":"wp","href":"https:\/\/api.w.org\/{rel}","templated":true}]}}