{"id":7684,"date":"2021-01-27T07:39:14","date_gmt":"2021-01-27T10:39:14","guid":{"rendered":"http:\/\/www.casadainjecao.com.br\/loja\/?post_type=product&#038;p=7684"},"modified":"2022-11-27T22:00:55","modified_gmt":"2022-11-28T01:00:55","slug":"carcaca-da-caixa-de-transmissao-renault-clio-2004-1-5-dci-7700599669-7701467582","status":"publish","type":"product","link":"https:\/\/www.casadainjecao.com.br\/loja\/autopecas\/transmissao\/cambio\/carcaca-da-caixa-de-transmissao-renault-clio-2004-1-5-dci-7700599669-7701467582\/","title":{"rendered":"Carca\u00e7a da Caixa de Transmiss\u00e3o Renault Clio 1.5 DCI &#821"},"content":{"rendered":"<h1>Carca\u00e7a da Caixa de Transmiss\u00e3o Renault Clio 1.5 DCI &#8211; 7700599669<\/h1>\n","protected":false},"excerpt":{"rendered":"<h2>Carca\u00e7a da Caixa de Transmiss\u00e3o<\/h2>\n<h2>Renault Clio 2004 1.5 DCI<\/h2>\n<h2>Codigo: &#8211; 7700599669\/7701467582\u00a0 p=14<\/h2>\n","protected":false},"featured_media":20371,"template":"","meta":{"_seopress_robots_primary_cat":"none","_seopress_titles_title":"","_seopress_titles_desc":"","_seopress_robots_index":"","_joinchat":[]},"product_cat":[320,26],"product_tag":[49],"berocket_brand":[394],"_links":{"self":[{"href":"https:\/\/www.casadainjecao.com.br\/loja\/wp-json\/wp\/v2\/product\/7684"}],"collection":[{"href":"https:\/\/www.casadainjecao.com.br\/loja\/wp-json\/wp\/v2\/product"}],"about":[{"href":"https:\/\/www.casadainjecao.com.br\/loja\/wp-json\/wp\/v2\/types\/product"}],"wp:featuredmedia":[{"embeddable":true,"href":"https:\/\/www.casadainjecao.com.br\/loja\/wp-json\/wp\/v2\/media\/20371"}],"wp:attachment":[{"href":"https:\/\/www.casadainjecao.com.br\/loja\/wp-json\/wp\/v2\/media?parent=7684"}],"wp:term":[{"taxonomy":"product_cat","embeddable":true,"href":"https:\/\/www.casadainjecao.com.br\/loja\/wp-json\/wp\/v2\/product_cat?post=7684"},{"taxonomy":"product_tag","embeddable":true,"href":"https:\/\/www.casadainjecao.com.br\/loja\/wp-json\/wp\/v2\/product_tag?post=7684"},{"taxonomy":"berocket_brand","embeddable":true,"href":"https:\/\/www.casadainjecao.com.br\/loja\/wp-json\/wp\/v2\/berocket_brand?post=7684"}],"curies":[{"name":"wp","href":"https:\/\/api.w.org\/{rel}","templated":true}]}}