{"id":7859,"date":"2021-01-29T11:46:26","date_gmt":"2021-01-29T14:46:26","guid":{"rendered":"http:\/\/www.casadainjecao.com.br\/loja\/produto\/chicote-eletrico-bico-injetor-mwm-7001957c1-2\/"},"modified":"2026-03-02T08:20:20","modified_gmt":"2026-03-02T11:20:20","slug":"chicote-eletrico-bico-injetor-mwm-7001957c1-2","status":"publish","type":"product","link":"https:\/\/www.casadainjecao.com.br\/loja\/autopecas\/injecao-eletronica\/bico-injetor\/chicote-eletrico-bico-injetor-mwm-7001957c1-2\/","title":{"rendered":"Chicote Eletrico Bico Injetor Mwm &#8211; 7001957c1"},"content":{"rendered":"<h2 class=\"ui-pdp-description__content\">Chicote El\u00e9trico Bico Injetor<\/h2>\n<p><strong>EURO<\/strong><\/p>\n<p class=\"ui-pdp-description__content\">Euro Vw<\/p>\n<p><strong>AGRALE<\/strong><\/p>\n<p class=\"ui-pdp-description__content\">Agrale W8<\/p>\n<p class=\"ui-pdp-description__content\">Agrale W9<\/p>\n<p><strong>VOLVO<\/strong><\/p>\n<p class=\"ui-pdp-description__content\">Volvo Vm22<\/p>\n<h4 class=\"ui-pdp-description__content\">C\u00f3digo de Refer\u00eancia:<\/h4>\n<p class=\"ui-pdp-description__content\">7001957C1, 6020101316000,1989440<\/p>\n<p><strong>Condi\u00e7\u00f5es:<\/strong><\/p>\n<p>Novo Original \/ Marca VMW<\/p>\n<h4><strong>Garantia:<\/strong><\/h4>\n<p>3 Meses<strong>\u00a0<\/strong><\/p>\n<h3>ATEN\u00c7\u00c3O: Antes de efetuar a compra verifique o c\u00f3digo da sua pe\u00e7a que est\u00e1 instalada no seu ve\u00edculo.<\/h3>\n<h3><strong>APLICA\u00c7\u00c3O:<\/strong><\/h3>\n<p>Linha Euro \/ Volvo \/ Agrale<\/p>\n<h4><strong>O que \u00e9 e para que serve o Chicote El\u00e9trico?<\/strong><\/h4>\n<p>O Chicote El\u00e9trico \u00e9 um conjunto de fios condutores el\u00e9tricos agrupados e protegidos por uma capa isolante. Esse componente desempenha diversas fun\u00e7\u00f5es em um ve\u00edculo, sendo um sistema crucial para a transmiss\u00e3o de energia el\u00e9trica e sinais entre os diferentes componentes do autom\u00f3vel.<\/p>\n<p>&nbsp;<\/p>\n<p>A Casa da Inje\u00e7\u00e3o oferece total garantia nos produtos comprados em nosso site.<\/p>\n<ol>\n<li>Cada item \u00e9 rigorosamente testado antes do envio<\/li>\n<li>Se os itens estiverem danificados ou parcialmente defeituosos, entre em contato conosco.<\/li>\n<\/ol>\n<p>Se houver qualquer defeito, n\u00f3s lhe enviaremos uma substitui\u00e7\u00e3o ap\u00f3s receber o pacote ou devolvemos seu dinheiro.<\/p>\n<p>Leia nossa\u00a0<span style=\"color: #ff0000;\"><a style=\"color: #ff0000;\" href=\"https:\/\/www.casadainjecao.com.br\/loja\/politica-de-devolucao\">pol\u00edtica de devolu\u00e7\u00e3o aqui<\/a><\/span><\/p>\n<p>\u2014\u2014\u2014\u2014\u2014\u2014\u2014\u2014\u2014\u2014\u2014\u2014\u2014\u2014\u2014\u2014\u2014\u2014\u2014\u2013<\/p>\n<p><strong>Tem alguma d\u00favida?<\/strong><\/p>\n<p>Entre em contato que podemos ajudar!<\/p>\n<p>Confira as informa\u00e7\u00f5es adicionais abaixo:<\/p>\n<ul>\n<li>Todos os nossos produtos s\u00e3o novos, semi-novos, originais e paralelos possuem garantia.<\/li>\n<li>Todos os produtos anunciados est\u00e3o dispon\u00edveis em estoque e s\u00e3o enviados com extrema rapidez.<\/li>\n<li>O frete pode ser simulado antes de efetuar a compra, basta clicar em \u201cver custos de envio\u201d.<\/li>\n<li>Verifique o endere\u00e7o de entrega cadastrado e atualize caso necess\u00e1rio.<\/li>\n<li>Confirme se a pe\u00e7a \u00e9 correta para o seu modelo de ve\u00edculo.<\/li>\n<li>Para pe\u00e7as automotivas, recomendamos a instala\u00e7\u00e3o por um profissional especializado.<\/li>\n<\/ul>\n<p>Caso possua outras d\u00favidas, entre em contato.<\/p>\n<p>&nbsp;<\/p>\n","protected":false},"excerpt":{"rendered":"<h2 class=\"ui-pdp-description__content\">Chicote Eletrico Bico Injetor Mwm Euro VW Agrale W8 W9 Volvo Vm22 &#8211; 7001957c1, 6020101316000<\/h2>\n<h2 class=\"ui-pdp-description__content\"><\/h2>\n","protected":false},"featured_media":28506,"template":"","meta":{"_seopress_robots_primary_cat":"none","_seopress_titles_title":"","_seopress_titles_desc":"","_seopress_robots_index":"","_kad_blocks_custom_css":"","_kad_blocks_head_custom_js":"","_kad_blocks_body_custom_js":"","_kad_blocks_footer_custom_js":"","_joinchat":[]},"product_cat":[256,133,17,21],"product_tag":[1337,1338],"berocket_brand":[396,397],"taxonomy_info":{"product_cat":[{"value":256,"label":"Bico Injetor"},{"value":133,"label":"Chicotes"},{"value":17,"label":"El\u00e9trica"},{"value":21,"label":"Inje\u00e7\u00e3o Eletr\u00f4nica"}],"product_tag":[{"value":1337,"label":"Volvo Vm22"},{"value":1338,"label":"VW Agrale"}],"berocket_brand":[{"value":396,"label":"Volkswagen"},{"value":397,"label":"Volvo"}]},"featured_image_src_large":["https:\/\/www.casadainjecao.com.br\/loja\/wp-content\/uploads\/2021\/01\/7001957c1-2-900x511.jpg",640,363,true],"author_info":[],"comment_info":"","_links":{"self":[{"href":"https:\/\/www.casadainjecao.com.br\/loja\/wp-json\/wp\/v2\/product\/7859"}],"collection":[{"href":"https:\/\/www.casadainjecao.com.br\/loja\/wp-json\/wp\/v2\/product"}],"about":[{"href":"https:\/\/www.casadainjecao.com.br\/loja\/wp-json\/wp\/v2\/types\/product"}],"wp:featuredmedia":[{"embeddable":true,"href":"https:\/\/www.casadainjecao.com.br\/loja\/wp-json\/wp\/v2\/media\/28506"}],"wp:attachment":[{"href":"https:\/\/www.casadainjecao.com.br\/loja\/wp-json\/wp\/v2\/media?parent=7859"}],"wp:term":[{"taxonomy":"product_cat","embeddable":true,"href":"https:\/\/www.casadainjecao.com.br\/loja\/wp-json\/wp\/v2\/product_cat?post=7859"},{"taxonomy":"product_tag","embeddable":true,"href":"https:\/\/www.casadainjecao.com.br\/loja\/wp-json\/wp\/v2\/product_tag?post=7859"},{"taxonomy":"berocket_brand","embeddable":true,"href":"https:\/\/www.casadainjecao.com.br\/loja\/wp-json\/wp\/v2\/berocket_brand?post=7859"}],"curies":[{"name":"wp","href":"https:\/\/api.w.org\/{rel}","templated":true}]}}