{"id":7985,"date":"2021-02-01T17:21:41","date_gmt":"2021-02-01T20:21:41","guid":{"rendered":"http:\/\/www.casadainjecao.com.br\/loja\/produto\/retentor-da-bomba-de-oleo-master-ducato-iveco-7701042340\/"},"modified":"2025-11-27T10:29:18","modified_gmt":"2025-11-27T13:29:18","slug":"retentor-da-bomba-de-oleo-master-ducato-iveco-7701042340","status":"publish","type":"product","link":"https:\/\/www.casadainjecao.com.br\/loja\/autopecas\/transmissao\/retentor-transmissao\/retentor-da-bomba-de-oleo-master-ducato-iveco-7701042340\/","title":{"rendered":"Retentor Da Bomba De Oleo Master Ducato Iveco -7701042340"},"content":{"rendered":"<h2>Retentor do Eixo da Bomba Injetora Original<\/h2>\n<h3><strong>RENAULT<\/strong><\/h3>\n<h3>Renault Master II L1H1, L2H2, L3H2, CC L2H1, L2H2 (Bus), Furg\u00e3o 2.5 16v 2.8 8v (1997 a 2018)<\/h3>\n<h3><strong>FIAT<\/strong><\/h3>\n<h3>Fiat Ducato 2.8 2006<\/h3>\n<h3><strong>IVECO<\/strong><\/h3>\n<h3>Iveco Daily<\/h3>\n<h3>C\u00f3digo de Refer\u00eancia:<\/h3>\n<h3>7701042340, 98451055, 98454043, 40100923<\/h3>\n<h5>Especifica\u00e7\u00f5es:<\/h5>\n<h5>medidas 50x70x10<\/h5>\n<h5><strong>Condi\u00e7\u00f5es:<\/strong><\/h5>\n<h5>Novo Original \/ Marca Renault<\/h5>\n<h5><strong>Garantia:<\/strong><\/h5>\n<h5>3 Meses<strong>\u00a0<\/strong><\/h5>\n<h5>ATEN\u00c7\u00c3O: Antes de efetuar a compra verifique o c\u00f3digo da sua pe\u00e7a que est\u00e1 instalada no seu ve\u00edculo.<\/h5>\n<h5><strong>APLICA\u00c7\u00c3O:<\/strong><\/h5>\n<h5>Linha Renault \/ Fiat \/ Iveco<\/h5>\n<h5><strong>O que \u00e9 e para que serve o Retentor da Bomba de Ol\u00e9o?<\/strong><\/h5>\n<h5>O Retentor da Bomba de \u00f3leo \u00e9 uma pe\u00e7a importante em um motor de combust\u00e3o interna e est\u00e1 associado ao sistema de lubrifica\u00e7\u00e3o. Sua principal fun\u00e7\u00e3o \u00e9 vedar a passagem de \u00f3leo entre a bomba de \u00f3leo e o bloco do motor, garantindo que o \u00f3leo seja direcionado para os canais corretos e n\u00e3o vaze.<\/h5>\n<p>Armazenamento<\/p>\n<p>Condi\u00e7\u00f5es:<br \/>\nProduto Novo Original<\/p>\n<p>Garantia:<br \/>\n3 Meses<\/p>\n<p>ATEN\u00c7\u00c3O: Antes de efetuar a compra verifique o c\u00f3digo da sua pe\u00e7a que est\u00e1 instalado no seu ve\u00edculo.<br \/>\nA Casa da Inje\u00e7\u00e3o SP oferece total garantia nos produtos comprados em nosso site.<br \/>\nCada item \u00e9 rigorosamente inspecionado \u00a0antes do envio<\/p>\n<p>Procure um profissional devidamente licenciado para a instala\u00e7\u00e3o e fa\u00e7a revis\u00f5es periodicamente.<br \/>\nA empresa n\u00e3o se responsabiliza por problemas oriundos da m\u00e1 instala\u00e7\u00e3o ou com a falta de cuidados<br \/>\nperi\u00f3dicos dos componentes.<\/p>\n<p>Se houver qualquer defeito, ficamos a disposi\u00e7\u00e3o para a substitui\u00e7\u00e3o ou devolvemos seu dinheiro.<br \/>\nTem alguma d\u00favida?<br \/>\nEntre em contato que podemos ajudar!<br \/>\nConfira as informa\u00e7\u00f5es adicionais abaixo:<br \/>\nTodos os produtos anunciados est\u00e3o dispon\u00edveis em estoque e s\u00e3o enviados com extrema rapidez .<br \/>\nO frete pode ser simulado antes de efetuar a compra, basta clicar em \u201cver custos de envio\u201d.<br \/>\nVerifique o endere\u00e7o de entrega cadastrado e atualize caso necess\u00e1rio.<br \/>\nConfirme se a pe\u00e7a \u00e9 correta para o seu modelo de ve\u00edculo.<br \/>\nPara pe\u00e7as automotivas, recomendamos a instala\u00e7\u00e3o por um profissional especializado.<br \/>\nCaso possua outras d\u00favidas, entre em contato.<\/p>\n<h5><\/h5>\n","protected":false},"excerpt":{"rendered":"<h2>Retentor da Bomba de Ol\u00e9o Renault Master Ducato Iveco &#8211; 7701042340<\/h2>\n<h2><\/h2>\n","protected":false},"featured_media":28484,"template":"","meta":{"_seopress_robots_primary_cat":"none","_seopress_titles_title":"","_seopress_titles_desc":"","_seopress_robots_index":"","_joinchat":[]},"product_cat":[328,26],"product_tag":[1093,1092,81],"berocket_brand":[383,1143,394],"_links":{"self":[{"href":"https:\/\/www.casadainjecao.com.br\/loja\/wp-json\/wp\/v2\/product\/7985"}],"collection":[{"href":"https:\/\/www.casadainjecao.com.br\/loja\/wp-json\/wp\/v2\/product"}],"about":[{"href":"https:\/\/www.casadainjecao.com.br\/loja\/wp-json\/wp\/v2\/types\/product"}],"wp:featuredmedia":[{"embeddable":true,"href":"https:\/\/www.casadainjecao.com.br\/loja\/wp-json\/wp\/v2\/media\/28484"}],"wp:attachment":[{"href":"https:\/\/www.casadainjecao.com.br\/loja\/wp-json\/wp\/v2\/media?parent=7985"}],"wp:term":[{"taxonomy":"product_cat","embeddable":true,"href":"https:\/\/www.casadainjecao.com.br\/loja\/wp-json\/wp\/v2\/product_cat?post=7985"},{"taxonomy":"product_tag","embeddable":true,"href":"https:\/\/www.casadainjecao.com.br\/loja\/wp-json\/wp\/v2\/product_tag?post=7985"},{"taxonomy":"berocket_brand","embeddable":true,"href":"https:\/\/www.casadainjecao.com.br\/loja\/wp-json\/wp\/v2\/berocket_brand?post=7985"}],"curies":[{"name":"wp","href":"https:\/\/api.w.org\/{rel}","templated":true}]}}