{"id":8140,"date":"2021-02-08T11:40:07","date_gmt":"2021-02-08T14:40:07","guid":{"rendered":"http:\/\/www.casadainjecao.com.br\/?post_type=product&#038;p=8140"},"modified":"2025-05-08T15:44:34","modified_gmt":"2025-05-08T18:44:34","slug":"rolamento-aco-do-eixo-principal-renault-logan-sandero-7703090536","status":"publish","type":"product","link":"https:\/\/www.casadainjecao.com.br\/loja\/autopecas\/transmissao\/cambio\/rolamento-aco-do-eixo-principal-renault-logan-sandero-7703090536\/","title":{"rendered":"Rolamento A\u00e7o do Eixo Principal Renault Logan Sandero &#821"},"content":{"rendered":"<h2>Rolamento A\u00e7o do Eixo Principal Transmiss\u00e3o Automatica 35,8x53x3,98<\/h2>\n<p>Renault<\/p>\n<p>Logan<\/p>\n<p>Sandero<\/p>\n<h4>Codigo de Refer\u00eancia:<\/h4>\n<p>7703090536<\/p>\n<h4 class=\"western\"><span style=\"font-family: Arial, sans-serif;\"><strong><span style=\"color: #1c1d1e;\"><span style=\"font-family: Roboto-Bold, sans-serif;\"><span style=\"font-size: large;\">Condi\u00e7\u00f5es:<\/span><\/span><\/span><\/strong><\/span><\/h4>\n<p><span style=\"color: #1c1d1e;\"><span style=\"font-family: Roboto-Bold, sans-serif;\"><span style=\"font-size: x-large;\">Novo \/ Marca Renault<\/span><\/span><\/span><\/p>\n<h4 class=\"western\"><strong><span style=\"color: #1c1d1e;\"><span style=\"font-family: Roboto-Bold, sans-serif;\"><span style=\"font-size: x-large;\">Garantia:<\/span><\/span><\/span><\/strong><\/h4>\n<p><span style=\"color: #1c1d1e;\"><span style=\"font-family: Roboto-Regular, sans-serif;\"><span style=\"font-size: large;\">3 Meses<\/span><\/span><\/span><strong><span style=\"color: #1c1d1e;\">\u00a0<\/span><\/strong><\/p>\n<h3 class=\"western\"><span style=\"color: #1c1d1e;\"><span style=\"font-family: Roboto-Bold, sans-serif;\"><span style=\"font-size: x-large;\">ATEN\u00c7\u00c3O: Antes de efetuar a compra verifique o c\u00f3digo da sua pe\u00e7a que est\u00e1 instalada no seu ve\u00edculo.<\/span><\/span><\/span><\/h3>\n<p><span style=\"color: #1c1d1e;\">\u00a0<\/span><\/p>\n<p><span style=\"color: #1c1d1e;\"><span style=\"font-family: Roboto-Regular, sans-serif;\"><span style=\"font-size: large;\">A Casa da Inje\u00e7\u00e3o oferece total garantia nos produtos comprados em nosso site.<\/span><\/span><\/span><\/p>\n<ol>\n<li><span style=\"color: #1c1d1e;\"><span style=\"font-family: Roboto-Regular, sans-serif;\"><span style=\"font-size: large;\">Cada item \u00e9 rigorosamente testado antes do envio<\/span><\/span><\/span><\/li>\n<li><span style=\"color: #1c1d1e;\"><span style=\"font-family: Roboto-Regular, sans-serif;\"><span style=\"font-size: large;\">Se os itens estiverem danificados ou parcialmente defeituosos, entre em contato conosco.<\/span><\/span><\/span><\/li>\n<\/ol>\n<p><span style=\"color: #1c1d1e;\"><span style=\"font-family: Roboto-Regular, sans-serif;\"><span style=\"font-size: large;\">Se houver qualquer defeito, n\u00f3s lhe enviaremos uma substitui\u00e7\u00e3o ap\u00f3s receber o pacote ou devolvemos seu dinheiro.<\/span><\/span><\/span><\/p>\n<p><span style=\"color: #1c1d1e;\"><span style=\"font-family: Roboto-Regular, sans-serif;\"><span style=\"font-size: large;\">Leia nossa\u00a0<\/span><\/span><\/span><a href=\"https:\/\/www.casadainjecao.com.br\/loja\/politica-de-devolucao\"><span style=\"color: #ff0000;\"><span style=\"font-family: Roboto-Regular, sans-serif;\"><span style=\"font-size: large;\">pol\u00edtica de devolu\u00e7\u00e3o aqui<\/span><\/span><\/span><\/a><\/p>\n<p><span style=\"color: #1c1d1e;\">\u2014\u2014\u2014\u2014\u2014\u2014\u2014\u2014\u2014\u2014\u2014\u2014\u2014\u2014\u2014\u2014\u2014\u2014\u2014\u2013<\/span><\/p>\n<p><strong><span style=\"color: #1c1d1e;\"><span style=\"font-family: Roboto-Bold, sans-serif;\"><span style=\"font-size: large;\">Tem alguma d\u00favida?<\/span><\/span><\/span><\/strong><\/p>\n<p><span style=\"color: #1c1d1e;\"><span style=\"font-family: Roboto-Regular, sans-serif;\"><span style=\"font-size: large;\">Entre em contato que podemos ajudar!<\/span><\/span><\/span><\/p>\n<ul>\n<li><span style=\"color: #1c1d1e;\"><span style=\"font-family: Roboto-Regular, sans-serif;\"><span style=\"font-size: large;\">Confira as informa\u00e7\u00f5es adicionais abaixo:<\/span><\/span><\/span><\/li>\n<li><span style=\"color: #1c1d1e;\"><span style=\"font-family: Roboto-Regular, sans-serif;\"><span style=\"font-size: large;\">Todos os nossos produtos s\u00e3o novos, semi-novos, originais e paralelos possuem garantia.<\/span><\/span><\/span><\/li>\n<li><span style=\"color: #1c1d1e;\"><span style=\"font-family: Roboto-Regular, sans-serif;\"><span style=\"font-size: large;\">Todos os produtos anunciados est\u00e3o dispon\u00edveis em estoque e s\u00e3o enviados com extrema rapidez.<\/span><\/span><\/span><\/li>\n<li><span style=\"color: #1c1d1e;\"><span style=\"font-family: Roboto-Regular, sans-serif;\"><span style=\"font-size: large;\">O frete pode ser simulado antes de efetuar a compra, basta clicar em \u201cver custos de envio\u201d.<\/span><\/span><\/span><\/li>\n<li><span style=\"color: #1c1d1e;\"><span style=\"font-family: Roboto-Regular, sans-serif;\"><span style=\"font-size: large;\">Verifique o endere\u00e7o de entrega cadastrado e atualize caso necess\u00e1rio.<\/span><\/span><\/span><\/li>\n<li><span style=\"color: #1c1d1e;\"><span style=\"font-family: Roboto-Regular, sans-serif;\"><span style=\"font-size: large;\">Confirme se a pe\u00e7a \u00e9 correta para o seu modelo de ve\u00edculo.<\/span><\/span><\/span><\/li>\n<li><span style=\"color: #1c1d1e;\"><span style=\"font-family: Roboto-Regular, sans-serif;\"><span style=\"font-size: large;\">Para pe\u00e7as automotivas, recomendamos a instala\u00e7\u00e3o por um profissional especializado.<\/span><\/span><\/span><\/li>\n<\/ul>\n<p><span style=\"font-family: Roboto-Regular, sans-serif;\"><span style=\"color: #1c1d1e;\"><span style=\"font-size: large;\">Caso possua outras d\u00favidas, entre em contato.<\/span><\/span><\/span><\/p>\n","protected":false},"excerpt":{"rendered":"<h2>Rolamento A\u00e7o do Eixo Principal Transmiss\u00e3o \u00a0Automatica Renault Logan\u00a0 7703090536<\/h2>\n","protected":false},"featured_media":8136,"template":"","meta":{"_seopress_robots_primary_cat":"none","_seopress_titles_title":"","_seopress_titles_desc":"","_seopress_robots_index":"","_joinchat":[]},"product_cat":[320,26],"product_tag":[66,91],"berocket_brand":[394],"_links":{"self":[{"href":"https:\/\/www.casadainjecao.com.br\/loja\/wp-json\/wp\/v2\/product\/8140"}],"collection":[{"href":"https:\/\/www.casadainjecao.com.br\/loja\/wp-json\/wp\/v2\/product"}],"about":[{"href":"https:\/\/www.casadainjecao.com.br\/loja\/wp-json\/wp\/v2\/types\/product"}],"wp:featuredmedia":[{"embeddable":true,"href":"https:\/\/www.casadainjecao.com.br\/loja\/wp-json\/wp\/v2\/media\/8136"}],"wp:attachment":[{"href":"https:\/\/www.casadainjecao.com.br\/loja\/wp-json\/wp\/v2\/media?parent=8140"}],"wp:term":[{"taxonomy":"product_cat","embeddable":true,"href":"https:\/\/www.casadainjecao.com.br\/loja\/wp-json\/wp\/v2\/product_cat?post=8140"},{"taxonomy":"product_tag","embeddable":true,"href":"https:\/\/www.casadainjecao.com.br\/loja\/wp-json\/wp\/v2\/product_tag?post=8140"},{"taxonomy":"berocket_brand","embeddable":true,"href":"https:\/\/www.casadainjecao.com.br\/loja\/wp-json\/wp\/v2\/berocket_brand?post=8140"}],"curies":[{"name":"wp","href":"https:\/\/api.w.org\/{rel}","templated":true}]}}