{"id":8186,"date":"2021-02-10T09:38:32","date_gmt":"2021-02-10T12:38:32","guid":{"rendered":"http:\/\/www.casadainjecao.com.br\/?post_type=product&#038;p=8186"},"modified":"2025-12-23T15:08:11","modified_gmt":"2025-12-23T18:08:11","slug":"borracha-passa-fio-porta-traseira-renault-sandero-8200548210","status":"publish","type":"product","link":"https:\/\/www.casadainjecao.com.br\/loja\/autopecas\/carroceria\/dobradicas\/borracha-passa-fio-porta-traseira-renault-sandero-8200548210\/","title":{"rendered":"Borracha Passa Fio Porta Duster Logan Sandero &#8211; 820054"},"content":{"rendered":"<h2>Borracha Passa Fio Porta Dianteira Traseira<\/h2>\n<p>Renault Logan Authentique, Expression flex, Privil\u00e9ge flex 1.0 16v 1.6 8v 16v (2002 a 2013)<\/p>\n<p>Renault Sandero Authentique, Expression flex, Vibe flex, RS flx 1.0 12v\u00a0 16v 1.6 8v 16v 2.0 16v (2013 a 2022)<\/p>\n<p>Renault Duster Expression, Dynamique flex 1.6 16v 2.0 16v (2001 a 2018)<\/p>\n<h3>C\u00f3digo de Refer\u00eancia:<\/h3>\n<p>8200548210, 7135-0005-30, 8200705462, 242106358r, 6001550508<\/p>\n<h4>Condi\u00e7\u00f5es:<\/h4>\n<p>Produto Novo Original \/ Marca Renault<\/p>\n<h4>Garantia:<\/h4>\n<p>3 Meses<\/p>\n<h4><span style=\"font-size: 13.5pt;\">ATEN\u00c7\u00c3O: Antes de efetuar a compra verifique o c\u00f3digo da sua pe\u00e7a que est\u00e1 instalada no seu ve\u00edculo.<\/span><\/h4>\n<h4>O que \u00e9 e para que serve a Borracha Passa Fio?<\/h4>\n<p>A Borracha passa fio serve para proteger e isolar os fios el\u00e9tricos quando eles passam atrav\u00e9s de uma abertura em uma superf\u00edcie, como uma chapa met\u00e1lica ou pl\u00e1stico. Sua fun\u00e7\u00e3o principal \u00e9 evitar o desgaste e danos aos fios, proporcionando uma barreira entre os fios e as bordas afiadas ou rugosas da abertura.<\/p>\n<h4><\/h4>\n<p>A Casa da Inje\u00e7\u00e3o oferece total garantia nos produtos comprados em nosso site.<\/p>\n<p>Cada item \u00e9 rigorosamente testado antes do envio<\/p>\n<p>Se os itens estiverem danificados ou parcialmente defeituosos, entre em contato conosco.<\/p>\n<p>Procure um profissional devidamente licenciado para a instala\u00e7\u00e3o e fa\u00e7a revis\u00f5es periodicamente. A empresa n\u00e3o se responsabiliza por problemas oriundos da m\u00e1 instala\u00e7\u00e3o ou com a falta de cuidados peri\u00f3dicos dos componentes.<\/p>\n<p>Se houver qualquer defeito, n\u00f3s lhe enviaremos uma substitui\u00e7\u00e3o ap\u00f3s receber o pacote ou devolvemos seu dinheiro.<\/p>\n<p>Leia nossa\u00a0<a href=\"https:\/\/www.casadainjecao.com.br\/loja\/politica-de-devolucao\"><span style=\"color: blue;\">pol\u00edtica de devolu\u00e7\u00e3o aqui<\/span><\/a><\/p>\n<p>\u2014\u2014\u2014\u2014\u2014\u2014\u2014\u2014\u2014\u2014\u2014\u2014\u2014\u2014\u2014\u2014\u2014\u2014\u2014\u2013<\/p>\n<p>Tem alguma d\u00favida?<\/p>\n<p>Entre em contato que podemos ajudar!<\/p>\n<p>Confira as informa\u00e7\u00f5es adicionais abaixo:<\/p>\n<p>Todos os nossos produtos s\u00e3o novos, semi-novos, originais e paralelos possuem garantia.<\/p>\n<p>Todos os produtos anunciados est\u00e3o dispon\u00edveis em estoque e s\u00e3o enviados com extrema rapidez.<\/p>\n<p>O frete pode ser simulado antes de efetuar a compra, basta clicar em \u201cver custos de envio\u201d.<\/p>\n<p>Verifique o endere\u00e7o de entrega cadastrado e atualize caso necess\u00e1rio.<\/p>\n<p>Confirme se a pe\u00e7a \u00e9 correta para o seu modelo de ve\u00edculo.<\/p>\n<p>Para pe\u00e7as automotivas, recomendamos a instala\u00e7\u00e3o por um profissional especializado.<\/p>\n<p>Caso possua outras d\u00favidas, entre em contato.<\/p>\n","protected":false},"excerpt":{"rendered":"<h2>Borracha Passa Fio Porta Traseira Renault Sandero &#8211; 8200548210<\/h2>\n<p>&nbsp;<\/p>\n","protected":false},"featured_media":32264,"template":"","meta":{"_seopress_robots_primary_cat":"none","_seopress_titles_title":"","_seopress_titles_desc":"","_seopress_robots_index":"","_joinchat":[]},"product_cat":[1258,83,88,1169,97],"product_tag":[52,66,91],"berocket_brand":[394],"_links":{"self":[{"href":"https:\/\/www.casadainjecao.com.br\/loja\/wp-json\/wp\/v2\/product\/8186"}],"collection":[{"href":"https:\/\/www.casadainjecao.com.br\/loja\/wp-json\/wp\/v2\/product"}],"about":[{"href":"https:\/\/www.casadainjecao.com.br\/loja\/wp-json\/wp\/v2\/types\/product"}],"wp:featuredmedia":[{"embeddable":true,"href":"https:\/\/www.casadainjecao.com.br\/loja\/wp-json\/wp\/v2\/media\/32264"}],"wp:attachment":[{"href":"https:\/\/www.casadainjecao.com.br\/loja\/wp-json\/wp\/v2\/media?parent=8186"}],"wp:term":[{"taxonomy":"product_cat","embeddable":true,"href":"https:\/\/www.casadainjecao.com.br\/loja\/wp-json\/wp\/v2\/product_cat?post=8186"},{"taxonomy":"product_tag","embeddable":true,"href":"https:\/\/www.casadainjecao.com.br\/loja\/wp-json\/wp\/v2\/product_tag?post=8186"},{"taxonomy":"berocket_brand","embeddable":true,"href":"https:\/\/www.casadainjecao.com.br\/loja\/wp-json\/wp\/v2\/berocket_brand?post=8186"}],"curies":[{"name":"wp","href":"https:\/\/api.w.org\/{rel}","templated":true}]}}