{"id":8251,"date":"2021-02-12T15:39:32","date_gmt":"2021-02-12T18:39:32","guid":{"rendered":"http:\/\/www.casadainjecao.com.br\/?post_type=product&#038;p=8251"},"modified":"2026-04-16T15:29:03","modified_gmt":"2026-04-16T18:29:03","slug":"mangueira-do-filtro-canister-renault-sandero-1-6-16v-149126607r","status":"publish","type":"product","link":"https:\/\/www.casadainjecao.com.br\/loja\/autopecas\/motor\/filtros\/mangueira-do-filtro-canister-renault-sandero-1-6-16v-149126607r\/","title":{"rendered":"Mangueira do Filtro Canister Renault Sandero 1.6 16v -149126"},"content":{"rendered":"<h2>Mangueira do Filtro Canister &#8211; Tubula\u00e7\u00e3o do Sistema de Absorvi\u00e7\u00e3o do Vapor de Combustivel<\/h2>\n<p><strong>RENAULT<\/strong><\/p>\n<p>Renault Sandero Authentique, Expression, Privil\u00e9ge, Stepway, Vibe (flex), GT Line &#8211; 1.0 16v 1.6 8v 1.6 16v &#8211; 2002 a 2013<\/p>\n<p>Renault Logan Authentique, Expression, Privil\u00e9ge (flex) &#8211; 1.0 16v 1.6 8v 1.6 16v &#8211; 2002 a 2013<\/p>\n<h4>C\u00f3digo de Refer\u00eancia:<\/h4>\n<p>149126607r<\/p>\n<h4>Condi\u00e7\u00f5es:<\/h4>\n<p>Novo \/ Marca Renault<\/p>\n<h4>Garantia:<\/h4>\n<p>3 Meses<\/p>\n<h3><strong>ATEN\u00c7\u00c3O<\/strong>: Antes de efetuar a compra verifique o c\u00f3digo da pe\u00e7a que est\u00e1 instalada no seu ve\u00edculo.<\/h3>\n<h4>O que \u00e9 e para que serve a Mangueira do Filtro Canister?<\/h4>\n<p>A Mangueira do filtro Canister \u00e9 uma parte do sistema de controle de emiss\u00f5es em ve\u00edculos automotores. \u00c9 respons\u00e1vel por conectar o filtro Canister ao sistema de admiss\u00e3o de ar do motor e ajuda a direcionar os vapores de combust\u00edvel de volta para o motor, onde eles podem ser queimados no processo de combust\u00e3o.<\/p>\n<h4><\/h4>\n<p>A Casa da Inje\u00e7\u00e3o oferece total garantia nos produtos comprados em nosso site.<\/p>\n<ol>\n<li>Cada item \u00e9 rigorosamente testado antes do envio<\/li>\n<li>Se os itens estiverem danificados ou parcialmente defeituosos, entre em contato conosco.<\/li>\n<\/ol>\n<p>Se houver qualquer defeito, n\u00f3s lhe enviaremos uma substitui\u00e7\u00e3o ap\u00f3s receber o pacote ou devolvemos seu dinheiro.<\/p>\n<p>Leia nossa\u00a0<a href=\"https:\/\/www.casadainjecao.com.br\/loja\/politica-de-devolucao\">pol\u00edtica de devolu\u00e7\u00e3o aqui\u00a0<\/a><\/p>\n<p>\u2014\u2014\u2014\u2014\u2014\u2014\u2014\u2014\u2014\u2014\u2014\u2014\u2014\u2014\u2014\u2014\u2014\u2014\u2014\u2014-<\/p>\n<h4>Tem alguma d\u00favida?<\/h4>\n<p>Entre em contato que podemos ajudar!<\/p>\n<p>Confira as informa\u00e7\u00f5es adicionais abaixo:<\/p>\n<ul>\n<li>Todos os nossos produtos s\u00e3o novos, originais e paralelos possuem garantia.<\/li>\n<li>Todos os produtos anunciados est\u00e3o dispon\u00edveis em estoque e s\u00e3o enviados com extrema rapidez.<\/li>\n<li>O frete pode ser simulado antes de efetuar a compra, basta clicar em \u201cver custos de envio\u201d.<\/li>\n<li>Verifique o endere\u00e7o de entrega cadastrado e atualize caso necess\u00e1rio.<\/li>\n<li>Confirme se a pe\u00e7a \u00e9 correta para o seu modelo de ve\u00edculo.<\/li>\n<li>Para pe\u00e7as automotivas, recomendamos a instala\u00e7\u00e3o por um profissional especializado.<\/li>\n<\/ul>\n<p>Caso possua outras d\u00favidas, entre em contato.<\/p>\n","protected":false},"excerpt":{"rendered":"<h2>Mangueira\u00a0 Canister\u00a0 Logan Sandero &#8211; 149126607r<\/h2>\n","protected":false},"featured_media":31699,"template":"","meta":{"_seopress_robots_primary_cat":"none","_seopress_titles_title":"","_seopress_titles_desc":"","_seopress_robots_index":"","_joinchat":[]},"product_cat":[221,223,22],"product_tag":[66,91],"berocket_brand":[394],"_links":{"self":[{"href":"https:\/\/www.casadainjecao.com.br\/loja\/wp-json\/wp\/v2\/product\/8251"}],"collection":[{"href":"https:\/\/www.casadainjecao.com.br\/loja\/wp-json\/wp\/v2\/product"}],"about":[{"href":"https:\/\/www.casadainjecao.com.br\/loja\/wp-json\/wp\/v2\/types\/product"}],"wp:featuredmedia":[{"embeddable":true,"href":"https:\/\/www.casadainjecao.com.br\/loja\/wp-json\/wp\/v2\/media\/31699"}],"wp:attachment":[{"href":"https:\/\/www.casadainjecao.com.br\/loja\/wp-json\/wp\/v2\/media?parent=8251"}],"wp:term":[{"taxonomy":"product_cat","embeddable":true,"href":"https:\/\/www.casadainjecao.com.br\/loja\/wp-json\/wp\/v2\/product_cat?post=8251"},{"taxonomy":"product_tag","embeddable":true,"href":"https:\/\/www.casadainjecao.com.br\/loja\/wp-json\/wp\/v2\/product_tag?post=8251"},{"taxonomy":"berocket_brand","embeddable":true,"href":"https:\/\/www.casadainjecao.com.br\/loja\/wp-json\/wp\/v2\/berocket_brand?post=8251"}],"curies":[{"name":"wp","href":"https:\/\/api.w.org\/{rel}","templated":true}]}}