{"id":8256,"date":"2021-02-12T15:53:29","date_gmt":"2021-02-12T18:53:29","guid":{"rendered":"http:\/\/www.casadainjecao.com.br\/?post_type=product&#038;p=8256"},"modified":"2023-03-16T20:10:36","modified_gmt":"2023-03-16T23:10:36","slug":"articulacao-do-eixo-da-barra-de-direcao-renault-twingo-7701473498","status":"publish","type":"product","link":"https:\/\/www.casadainjecao.com.br\/loja\/autopecas\/suspencao\/braco-tirante\/articulacao-do-eixo-da-barra-de-direcao-renault-twingo-7701473498\/","title":{"rendered":"Articula\u00e7\u00e3o do Eixo da Barra de Dire\u00e7\u00e3o Renault Twingo &"},"content":{"rendered":"<h1>Articula\u00e7\u00e3o do Eixo da Barra de Dire\u00e7\u00e3o Renault Twingo &#8211; 7701473498<\/h1>\n","protected":false},"excerpt":{"rendered":"<h2>Articula\u00e7\u00e3o do Eixo da Barra de Dire\u00e7\u00e3o com Coifa<\/h2>\n<h2>Renault Twingo<\/h2>\n<h2>Codigo:- 7701473498\u00a0 c=58<\/h2>\n","protected":false},"featured_media":8259,"template":"","meta":{"_seopress_robots_primary_cat":"none","_seopress_titles_title":"","_seopress_titles_desc":"","_seopress_robots_index":"","_joinchat":[]},"product_cat":[1113,1104],"product_tag":[53],"berocket_brand":[394],"_links":{"self":[{"href":"https:\/\/www.casadainjecao.com.br\/loja\/wp-json\/wp\/v2\/product\/8256"}],"collection":[{"href":"https:\/\/www.casadainjecao.com.br\/loja\/wp-json\/wp\/v2\/product"}],"about":[{"href":"https:\/\/www.casadainjecao.com.br\/loja\/wp-json\/wp\/v2\/types\/product"}],"wp:featuredmedia":[{"embeddable":true,"href":"https:\/\/www.casadainjecao.com.br\/loja\/wp-json\/wp\/v2\/media\/8259"}],"wp:attachment":[{"href":"https:\/\/www.casadainjecao.com.br\/loja\/wp-json\/wp\/v2\/media?parent=8256"}],"wp:term":[{"taxonomy":"product_cat","embeddable":true,"href":"https:\/\/www.casadainjecao.com.br\/loja\/wp-json\/wp\/v2\/product_cat?post=8256"},{"taxonomy":"product_tag","embeddable":true,"href":"https:\/\/www.casadainjecao.com.br\/loja\/wp-json\/wp\/v2\/product_tag?post=8256"},{"taxonomy":"berocket_brand","embeddable":true,"href":"https:\/\/www.casadainjecao.com.br\/loja\/wp-json\/wp\/v2\/berocket_brand?post=8256"}],"curies":[{"name":"wp","href":"https:\/\/api.w.org\/{rel}","templated":true}]}}