{"id":8281,"date":"2021-02-15T09:05:59","date_gmt":"2021-02-15T12:05:59","guid":{"rendered":"http:\/\/www.casadainjecao.com.br\/loja\/?post_type=product&#038;p=8281"},"modified":"2026-03-30T15:55:23","modified_gmt":"2026-03-30T18:55:23","slug":"soquete-farol-de-neblina-ld-renault-clio-megane-7701045156","status":"publish","type":"product","link":"https:\/\/www.casadainjecao.com.br\/loja\/autopecas\/eletrica\/chicotes\/soquete-farol-de-neblina-ld-renault-clio-megane-7701045156\/","title":{"rendered":"Soquete Farol de Neblina LD Renault Clio &#8211; 7701045156"},"content":{"rendered":"<h2 class=\"QN2lPu\">Soquete Suporte da Lampada do Farol de Neblina Lado Direito<\/h2>\n<p>&nbsp;<\/p>\n<p>&nbsp;<\/p>\n<p>&nbsp;<\/p>\n<p>&nbsp;<\/p>\n<h3 class=\"QN2lPu\">Renault Clio II &#8211;\u00a02000 2001 2002 2003 2004 2005 2006 2007 2008 2009 2010 2011 2012 2013 2014 2015 2016<\/h3>\n<h3 class=\"QN2lPu\">Renault Symbol\u00a0 &#8211; 2009 2010 2011 2012 2013 2014<\/h3>\n<h3 class=\"QN2lPu\">RENAULT SAFRANE &#8211;\u00a01992 1993 1994 1995 1996 1997 1998 1999 2000 2001<\/h3>\n<p>&nbsp;<\/p>\n<p>&nbsp;<\/p>\n<p>&nbsp;<\/p>\n<p>&nbsp;<\/p>\n<h3 class=\"QN2lPu\"><\/h3>\n<h3 class=\"QN2lPu\"><\/h3>\n<h3 class=\"QN2lPu\">C\u00f3digo de Refer\u00eancia:<\/h3>\n<h3 class=\"QN2lPu\">7701045156<\/h3>\n<h3 class=\"QN2lPu\">Condi\u00e7\u00f5es:<\/h3>\n<h3 class=\"QN2lPu\">Produto Novo Original \/ Marca Renault<\/h3>\n<h3 class=\"QN2lPu\">Garantia:<\/h3>\n<h3 class=\"QN2lPu\">3 Meses<\/h3>\n<h3 class=\"QN2lPu\">Produto: Soquete do farol de neblina<\/h3>\n<h3 class=\"QN2lPu\"><\/h3>\n<h3 class=\"QN2lPu\">Posi\u00e7\u00e3o: Lado direito (LD)<\/h3>\n<h3 class=\"QN2lPu\"><\/h3>\n<h3 class=\"QN2lPu\">Material: Pl\u00e1stico + terminais met\u00e1licos<\/h3>\n<h3 class=\"QN2lPu\"><\/h3>\n<h3 class=\"QN2lPu\">Fun\u00e7\u00e3o: conex\u00e3o el\u00e9trica da l\u00e2mpada do farol de neblina<\/h3>\n<h3 class=\"QN2lPu\"><\/h3>\n<h3 class=\"QN2lPu\">Instala\u00e7\u00e3o: plug and play<\/h3>\n<p>&nbsp;<\/p>\n<p class=\"QN2lPu\">ATEN\u00c7\u00c3O: Antes de efetuar a compra verifique o c\u00f3digo da sua pe\u00e7a que est\u00e1 instalada no seu ve\u00edculo.<\/p>\n<p class=\"QN2lPu\">Aten\u00e7\u00e3o importante<\/p>\n<p class=\"QN2lPu\">Confirme se o seu farol de neblina usa o mesmo tipo de soquete<\/p>\n<p class=\"QN2lPu\">Pode variar por vers\u00e3o \/ xenon \/ adapta\u00e7\u00e3o<\/p>\n<p class=\"QN2lPu\">O ideal \u00e9\u00a0comparar a pe\u00e7a visualmente<\/p>\n<p>A Casa da Inje\u00e7\u00e3o oferece total garantia nos produtos comprados em nosso site.<\/p>\n<p>Cada item \u00e9 rigorosamente testado antes do envio<\/p>\n<p>Se os itens estiverem danificados ou parcialmente defeituosos, entre em contato conosco.<\/p>\n<p>Procure um profissional devidamente licenciado para a instala\u00e7\u00e3o e fa\u00e7a revis\u00f5es periodicamente. A empresa n\u00e3o se responsabiliza por problemas oriundos da m\u00e1 instala\u00e7\u00e3o ou com a falta de cuidados peri\u00f3dicos dos componentes.<\/p>\n<p>Se houver qualquer defeito, n\u00f3s lhe enviaremos uma substitui\u00e7\u00e3o ap\u00f3s receber o pacote ou devolvemos seu dinheiro.<\/p>\n<p>Leia nossa\u00a0<a href=\"https:\/\/www.casadainjecao.com.br\/loja\/politica-de-devolucao\">pol\u00edtica de devolu\u00e7\u00e3o aqui<\/a><\/p>\n<p>\u2014\u2014\u2014\u2014\u2014\u2014\u2014\u2014\u2014\u2014\u2014\u2014\u2014\u2014\u2014\u2014\u2014\u2014\u2014\u2013<\/p>\n<p>Tem alguma d\u00favida?<\/p>\n<p>Entre em contato que podemos ajudar!<\/p>\n<p>Confira as informa\u00e7\u00f5es adicionais abaixo:<\/p>\n<p>Todos os nossos produtos s\u00e3o novos, semi-novos, originais e paralelos possuem garantia.<\/p>\n<p>Todos os produtos anunciados est\u00e3o dispon\u00edveis em estoque e s\u00e3o enviados com extrema rapidez.<\/p>\n<p>O frete pode ser simulado antes de efetuar a compra, basta clicar em \u201cver custos de envio\u201d.<\/p>\n<p>Verifique o endere\u00e7o de entrega cadastrado e atualize caso necess\u00e1rio.<\/p>\n<p>Confirme se a pe\u00e7a \u00e9 correta para o seu modelo de ve\u00edculo.<\/p>\n<p>Para pe\u00e7as automotivas, recomendamos a instala\u00e7\u00e3o por um profissional especializado.<\/p>\n<p><span style=\"color: #000000;\"><span style=\"font-family: Proxima Nova, apple-system, Roboto, Arial, sans-serif;\"><span style=\"font-size: large;\">Caso possua outras d\u00favidas, entre em conta<\/span><\/span><\/span><span style=\"color: #000000;\"><span style=\"font-family: Proxima Nova, apple-system, Roboto, Arial, sans-serif;\"><span style=\"font-size: large;\">to.<\/span><\/span><\/span><\/p>\n","protected":false},"excerpt":{"rendered":"<h2>Soquete Farol de Neblina LD Renault Clio &#8211; 7701045156<\/h2>\n","protected":false},"featured_media":44193,"template":"","meta":{"_seopress_robots_primary_cat":"none","_seopress_titles_title":"","_seopress_titles_desc":"","_seopress_robots_index":"","_joinchat":[]},"product_cat":[133,17],"product_tag":[49,1251],"berocket_brand":[394],"_links":{"self":[{"href":"https:\/\/www.casadainjecao.com.br\/loja\/wp-json\/wp\/v2\/product\/8281"}],"collection":[{"href":"https:\/\/www.casadainjecao.com.br\/loja\/wp-json\/wp\/v2\/product"}],"about":[{"href":"https:\/\/www.casadainjecao.com.br\/loja\/wp-json\/wp\/v2\/types\/product"}],"wp:featuredmedia":[{"embeddable":true,"href":"https:\/\/www.casadainjecao.com.br\/loja\/wp-json\/wp\/v2\/media\/44193"}],"wp:attachment":[{"href":"https:\/\/www.casadainjecao.com.br\/loja\/wp-json\/wp\/v2\/media?parent=8281"}],"wp:term":[{"taxonomy":"product_cat","embeddable":true,"href":"https:\/\/www.casadainjecao.com.br\/loja\/wp-json\/wp\/v2\/product_cat?post=8281"},{"taxonomy":"product_tag","embeddable":true,"href":"https:\/\/www.casadainjecao.com.br\/loja\/wp-json\/wp\/v2\/product_tag?post=8281"},{"taxonomy":"berocket_brand","embeddable":true,"href":"https:\/\/www.casadainjecao.com.br\/loja\/wp-json\/wp\/v2\/berocket_brand?post=8281"}],"curies":[{"name":"wp","href":"https:\/\/api.w.org\/{rel}","templated":true}]}}